{"id":13468,"date":"2025-11-04T14:50:40","date_gmt":"2025-11-04T14:50:40","guid":{"rendered":"https:\/\/dev2.cantalupe.net\/sigloxxi\/libro\/el-mundo-visual-del-nino\/"},"modified":"2025-11-04T14:50:42","modified_gmt":"2025-11-04T14:50:42","slug":"el-mundo-visual-del-nino","status":"publish","type":"product","link":"https:\/\/dev2.cantalupe.net\/sigloxxi\/libro\/el-mundo-visual-del-nino\/","title":{"rendered":"El mundo visual del ni\u00f1o"},"content":{"rendered":"<p>Nuestro mundo visual es el resultado de una lenta construcci\u00f3n, a partir del momento en que abrimos los ojos al mundo, que se prolongar\u00e1 hasta la adolescencia. El mundo visual del ni\u00f1o estudia las condiciones de esta construcci\u00f3n e ilustra certeramente la moderna metodolog\u00eda del psic\u00f3logo. Define c\u00f3mo percibe el ni\u00f1o el mundo de los objetos, id\u00e9nticos o distintos, dependientes los unos de los otros y dotados de significado. \u00c9liane Vurpillot, apoy\u00e1ndose en trabajos contempor\u00e1neos, basa su aportaci\u00f3n en observaciones sistem\u00e1ticas o en contribuciones experimentales, y ofrece una visi\u00f3n muy adecuada de la psicolog\u00eda m\u00e1s actual. La exposici\u00f3n consta de tres partes. La primera parte aborda el tema de las estructuras visuales y su inserci\u00f3n en el entramado de las relaciones espaciales. En la segunda son analizadas las estructuras visuales y sus propiedades, para establecer en la tercera las estrategias de exploraci\u00f3n y los criterios de juicio.<\/p>\n","protected":false},"excerpt":{"rendered":"<p>Nuestro mundo visual es el resultado de una lenta construcci\u00f3n, a partir del momento en que abrimos los ojos al mundo, que se prolongar\u00e1 hasta la adolescencia. El mundo visual del ni\u00f1o estudia las condiciones de esta construcci\u00f3n e ilustra certeramente la moderna metodolog\u00eda del psic\u00f3logo. Define c\u00f3mo percibe el ni\u00f1o el mundo de los objetos, id\u00e9nticos o distintos, dependientes los unos de los otros y dotados de significado. \u00c9liane Vurpillot, apoy\u00e1ndose en trabajos contempor\u00e1neos, basa su aportaci\u00f3n en observaciones sistem\u00e1ticas o en contribuciones experimentales, y ofrece una visi\u00f3n muy adecuada de la psicolog\u00eda m\u00e1s actual. La exposici\u00f3n consta de tres partes. La primera parte aborda el tema de las estructuras visuales y su inserci\u00f3n en el entramado de las relaciones espaciales. En la segunda son analizadas las estructuras visuales y sus propiedades, para establecer en la tercera las estrategias de exploraci\u00f3n y los criterios de juicio.<\/p>\n","protected":false},"featured_media":1115,"comment_status":"closed","ping_status":"open","template":"","meta":{"_acf_changed":false},"materia_nivel_3":[],"subtema_nivel_2":[2578],"tema_nivel_1":[2579],"product_brand":[],"product_cat":[15],"product_tag":[],"product_author":[3666],"product_collection":[],"class_list":{"0":"post-13468","1":"product","2":"type-product","3":"status-publish","4":"has-post-thumbnail","6":"subtema_nivel_2-psicologia","7":"tema_nivel_1-psicologia","8":"product_cat-uncategorized","9":"product_author-vurpillot-eliane","11":"first","12":"instock","13":"purchasable","14":"product-type-simple"},"acf":[],"_links":{"self":[{"href":"https:\/\/dev2.cantalupe.net\/sigloxxi\/wp-json\/wp\/v2\/product\/13468","targetHints":{"allow":["GET"]}}],"collection":[{"href":"https:\/\/dev2.cantalupe.net\/sigloxxi\/wp-json\/wp\/v2\/product"}],"about":[{"href":"https:\/\/dev2.cantalupe.net\/sigloxxi\/wp-json\/wp\/v2\/types\/product"}],"replies":[{"embeddable":true,"href":"https:\/\/dev2.cantalupe.net\/sigloxxi\/wp-json\/wp\/v2\/comments?post=13468"}],"version-history":[{"count":1,"href":"https:\/\/dev2.cantalupe.net\/sigloxxi\/wp-json\/wp\/v2\/product\/13468\/revisions"}],"predecessor-version":[{"id":13469,"href":"https:\/\/dev2.cantalupe.net\/sigloxxi\/wp-json\/wp\/v2\/product\/13468\/revisions\/13469"}],"wp:featuredmedia":[{"embeddable":true,"href":"https:\/\/dev2.cantalupe.net\/sigloxxi\/wp-json\/wp\/v2\/media\/1115"}],"wp:attachment":[{"href":"https:\/\/dev2.cantalupe.net\/sigloxxi\/wp-json\/wp\/v2\/media?parent=13468"}],"wp:term":[{"taxonomy":"materia_nivel_3","embeddable":true,"href":"https:\/\/dev2.cantalupe.net\/sigloxxi\/wp-json\/wp\/v2\/materia_nivel_3?post=13468"},{"taxonomy":"subtema_nivel_2","embeddable":true,"href":"https:\/\/dev2.cantalupe.net\/sigloxxi\/wp-json\/wp\/v2\/subtema_nivel_2?post=13468"},{"taxonomy":"tema_nivel_1","embeddable":true,"href":"https:\/\/dev2.cantalupe.net\/sigloxxi\/wp-json\/wp\/v2\/tema_nivel_1?post=13468"},{"taxonomy":"product_brand","embeddable":true,"href":"https:\/\/dev2.cantalupe.net\/sigloxxi\/wp-json\/wp\/v2\/product_brand?post=13468"},{"taxonomy":"product_cat","embeddable":true,"href":"https:\/\/dev2.cantalupe.net\/sigloxxi\/wp-json\/wp\/v2\/product_cat?post=13468"},{"taxonomy":"product_tag","embeddable":true,"href":"https:\/\/dev2.cantalupe.net\/sigloxxi\/wp-json\/wp\/v2\/product_tag?post=13468"},{"taxonomy":"product_author","embeddable":true,"href":"https:\/\/dev2.cantalupe.net\/sigloxxi\/wp-json\/wp\/v2\/product_author?post=13468"},{"taxonomy":"product_collection","embeddable":true,"href":"https:\/\/dev2.cantalupe.net\/sigloxxi\/wp-json\/wp\/v2\/product_collection?post=13468"}],"curies":[{"name":"wp","href":"https:\/\/api.w.org\/{rel}","templated":true}]}}