{"id":13494,"date":"2025-11-04T14:50:50","date_gmt":"2025-11-04T14:50:50","guid":{"rendered":"https:\/\/dev2.cantalupe.net\/sigloxxi\/libro\/el-obrero-sonado\/"},"modified":"2025-11-04T14:50:51","modified_gmt":"2025-11-04T14:50:51","slug":"el-obrero-sonado","status":"publish","type":"product","link":"https:\/\/dev2.cantalupe.net\/sigloxxi\/libro\/el-obrero-sonado\/","title":{"rendered":"El obrero so\u00f1ado"},"content":{"rendered":"<p>Seg\u00fan parece, y contra todo complaciente pron\u00f3stico, la historia parece empe\u00f1arse en una andadura que no excluye los grandes trancos. Como bien nos advert\u00eda Walter Benjamin, de cuya muerte hace ahora cincuenta a\u00f1os, cada uno de ellos concita en torno a s\u00ed, actualiz\u00e1ndolos con urgencia, a todos los que lo precedieron. De ah\u00ed que, cuando ante nuestros ojos, s\u00fabitamente distanciados, parece desmoronarse todo un orden productivo y, con \u00e9l, desvanecerse un familiar y bien dibujado perfil del trabajo industrial, tal vez no resulte superfluo escarbar en aquella otra conmoci\u00f3n, en aquella otra aceleraci\u00f3n hist\u00f3rica -la de los primeros balbuceos de la sociedad industrial- que a\u00fan nos funda y, como un muerto, todav\u00eda nos posee. Y es que el taller y la f\u00e1brica -esos centros fundadores de la vida social contempor\u00e1nea- contin\u00faan rodeados, hoy como ayer, de una l\u00ednea de sombra que los arrumba en los rincones m\u00e1s opacos y reservados de nuestro imaginario social: como si las viejas y nuevas sociedades liberales aborreciesen mirarse en ese espejo demasiado fiel, en esa pars pudenda en la que los rancios capitanes de la industria -como los nuevos empresarios- se afanaban en reunir t\u00e9cnica y disciplina, organizaci\u00f3n y autoridad, hombres y capitales. Es precisamente un viaje hist\u00f3rico, sentimental y geneal\u00f3gico a ese lugar aparte lo que proponen estas p\u00e1ginas.<\/p>\n","protected":false},"excerpt":{"rendered":"<p>Seg\u00fan parece, y contra todo complaciente pron\u00f3stico, la historia parece empe\u00f1arse en una andadura que no excluye los grandes trancos. Como bien nos advert\u00eda Walter Benjamin, de cuya muerte hace ahora cincuenta a\u00f1os, cada uno de ellos concita en torno a s\u00ed, actualiz\u00e1ndolos con urgencia, a todos los que lo precedieron. De ah\u00ed que, cuando ante nuestros ojos, s\u00fabitamente distanciados, parece desmoronarse todo un orden productivo y, con \u00e9l, desvanecerse un familiar y bien dibujado perfil del trabajo industrial, tal vez no resulte superfluo escarbar en aquella otra conmoci\u00f3n, en aquella otra aceleraci\u00f3n hist\u00f3rica -la de los primeros balbuceos de la sociedad industrial- que a\u00fan nos funda y, como un muerto, todav\u00eda nos posee. Y es que el taller y la f\u00e1brica -esos centros fundadores de la vida social contempor\u00e1nea- contin\u00faan rodeados, hoy como ayer, de una l\u00ednea de sombra que los arrumba en los rincones m\u00e1s opacos y reservados de nuestro imaginario social: como si las viejas y nuevas sociedades liberales aborreciesen mirarse en ese espejo demasiado fiel, en esa pars pudenda en la que los rancios capitanes de la industria -como los nuevos empresarios- se afanaban en reunir t\u00e9cnica y disciplina, organizaci\u00f3n y autoridad, hombres y capitales. Es precisamente un viaje hist\u00f3rico, sentimental y geneal\u00f3gico a ese lugar aparte lo que proponen estas p\u00e1ginas.<\/p>\n","protected":false},"featured_media":1138,"comment_status":"closed","ping_status":"open","template":"","meta":{"_acf_changed":false},"materia_nivel_3":[],"subtema_nivel_2":[2576],"tema_nivel_1":[2570],"product_brand":[],"product_cat":[15],"product_tag":[],"product_author":[3678],"product_collection":[],"class_list":{"0":"post-13494","1":"product","2":"type-product","3":"status-publish","4":"has-post-thumbnail","6":"subtema_nivel_2-politica","7":"tema_nivel_1-ciencias-sociales","8":"product_cat-uncategorized","9":"product_author-sierra-alvarez-jose","11":"first","12":"instock","13":"purchasable","14":"product-type-simple"},"acf":[],"_links":{"self":[{"href":"https:\/\/dev2.cantalupe.net\/sigloxxi\/wp-json\/wp\/v2\/product\/13494","targetHints":{"allow":["GET"]}}],"collection":[{"href":"https:\/\/dev2.cantalupe.net\/sigloxxi\/wp-json\/wp\/v2\/product"}],"about":[{"href":"https:\/\/dev2.cantalupe.net\/sigloxxi\/wp-json\/wp\/v2\/types\/product"}],"replies":[{"embeddable":true,"href":"https:\/\/dev2.cantalupe.net\/sigloxxi\/wp-json\/wp\/v2\/comments?post=13494"}],"version-history":[{"count":1,"href":"https:\/\/dev2.cantalupe.net\/sigloxxi\/wp-json\/wp\/v2\/product\/13494\/revisions"}],"predecessor-version":[{"id":13495,"href":"https:\/\/dev2.cantalupe.net\/sigloxxi\/wp-json\/wp\/v2\/product\/13494\/revisions\/13495"}],"wp:featuredmedia":[{"embeddable":true,"href":"https:\/\/dev2.cantalupe.net\/sigloxxi\/wp-json\/wp\/v2\/media\/1138"}],"wp:attachment":[{"href":"https:\/\/dev2.cantalupe.net\/sigloxxi\/wp-json\/wp\/v2\/media?parent=13494"}],"wp:term":[{"taxonomy":"materia_nivel_3","embeddable":true,"href":"https:\/\/dev2.cantalupe.net\/sigloxxi\/wp-json\/wp\/v2\/materia_nivel_3?post=13494"},{"taxonomy":"subtema_nivel_2","embeddable":true,"href":"https:\/\/dev2.cantalupe.net\/sigloxxi\/wp-json\/wp\/v2\/subtema_nivel_2?post=13494"},{"taxonomy":"tema_nivel_1","embeddable":true,"href":"https:\/\/dev2.cantalupe.net\/sigloxxi\/wp-json\/wp\/v2\/tema_nivel_1?post=13494"},{"taxonomy":"product_brand","embeddable":true,"href":"https:\/\/dev2.cantalupe.net\/sigloxxi\/wp-json\/wp\/v2\/product_brand?post=13494"},{"taxonomy":"product_cat","embeddable":true,"href":"https:\/\/dev2.cantalupe.net\/sigloxxi\/wp-json\/wp\/v2\/product_cat?post=13494"},{"taxonomy":"product_tag","embeddable":true,"href":"https:\/\/dev2.cantalupe.net\/sigloxxi\/wp-json\/wp\/v2\/product_tag?post=13494"},{"taxonomy":"product_author","embeddable":true,"href":"https:\/\/dev2.cantalupe.net\/sigloxxi\/wp-json\/wp\/v2\/product_author?post=13494"},{"taxonomy":"product_collection","embeddable":true,"href":"https:\/\/dev2.cantalupe.net\/sigloxxi\/wp-json\/wp\/v2\/product_collection?post=13494"}],"curies":[{"name":"wp","href":"https:\/\/api.w.org\/{rel}","templated":true}]}}