{"id":13522,"date":"2025-11-04T14:50:53","date_gmt":"2025-11-04T14:50:53","guid":{"rendered":"https:\/\/dev2.cantalupe.net\/sigloxxi\/libro\/el-otro-laberinto-espanol\/"},"modified":"2025-11-04T14:50:53","modified_gmt":"2025-11-04T14:50:53","slug":"el-otro-laberinto-espanol","status":"publish","type":"product","link":"https:\/\/dev2.cantalupe.net\/sigloxxi\/libro\/el-otro-laberinto-espanol\/","title":{"rendered":"El otro laberinto espa\u00f1ol"},"content":{"rendered":"<p>Cubierta posterior: En la apertura del mundo \u00e1rabe moderno a su vecino europeo, el caso espa\u00f1ol se presenta con tantos atractivos como paradojas y peculiaridades. Desde el siglo XVII -para los marroqu\u00edes- y desde el XIX -para los orientales-, Espa\u00f1a va a ser el \u00fanico pa\u00eds de entre todos los europeos, que permitir\u00e1 a los \u00e1rabes que lo visiten reflexionar conjuntamente sobre lo propio y sobre lo ajeno, sobre el pasado y sobre el presente. La nostalgia por un Andalus paradigm\u00e1tico e idealizado, sentimiento que, lejos de ser connatural a un pretendido esp\u00edritu \u00e1rabe eterno, naci\u00f3 de razones hist\u00f3ricas precisas, les condujo a mitificar esa parte de su pasado medieval que, as\u00ed, se convirti\u00f3 en uno de los elementos m\u00e1s destacados del pensamiento nacionalista \u00e1rabe de la \u00e9poca. Por contra, la Espa\u00f1a real, la que ellos conocieron y recorrieron, qued\u00f3 transformada en un sal\u00f3n de pasos perdidos, mera antesala obligada y necesaria a la visita andalus\u00ed, sin duda el af\u00e1n primordial que empuj\u00f3 a todos los viajeros a conocer nuestro pa\u00eds. Bien fuera por comparaci\u00f3n con el Andalus magnificado o por contraste con los vecinos europeos m\u00e1s desarrollados, Espa\u00f1a sali\u00f3 siempre perdiendo. Se iniciaba as\u00ed una visi\u00f3n dicot\u00f3mica entre lo \u00e1rabe y lo espa\u00f1ol, s\u00f3lo desmentida en parte por espor\u00e1dicas pinceladas de sentimentalismo rom\u00e1ntico, cuyo estudio resulta hoy m\u00e1s atractivo e interesante que nunca. Seremos, pues, testigos de un recorrido laber\u00edntico -como se se\u00f1ala en el t\u00edtulo de la obra- que ahora queda desvelado ante el lector espa\u00f1ol, y eso naturalmente sin escamotear sus aspectos m\u00e1s pol\u00e9micos y discutibles.<\/p>\n","protected":false},"excerpt":{"rendered":"<p>Cubierta posterior: En la apertura del mundo \u00e1rabe moderno a su vecino europeo, el caso espa\u00f1ol se presenta con tantos atractivos como paradojas y peculiaridades. Desde el siglo XVII -para los marroqu\u00edes- y desde el XIX -para los orientales-, Espa\u00f1a va a ser el \u00fanico pa\u00eds de entre todos los europeos, que permitir\u00e1 a los \u00e1rabes que lo visiten reflexionar conjuntamente sobre lo propio y sobre lo ajeno, sobre el pasado y sobre el presente. La nostalgia por un Andalus paradigm\u00e1tico e idealizado, sentimiento que, lejos de ser connatural a un pretendido esp\u00edritu \u00e1rabe eterno, naci\u00f3 de razones hist\u00f3ricas precisas, les condujo a mitificar esa parte de su pasado medieval que, as\u00ed, se convirti\u00f3 en uno de los elementos m\u00e1s destacados del pensamiento nacionalista \u00e1rabe de la \u00e9poca. Por contra, la Espa\u00f1a real, la que ellos conocieron y recorrieron, qued\u00f3 transformada en un sal\u00f3n de pasos perdidos, mera antesala obligada y necesaria a la visita andalus\u00ed, sin duda el af\u00e1n primordial que empuj\u00f3 a todos los viajeros a conocer nuestro pa\u00eds. Bien fuera por comparaci\u00f3n con el Andalus magnificado o por contraste con los vecinos europeos m\u00e1s desarrollados, Espa\u00f1a sali\u00f3 siempre perdiendo. Se iniciaba as\u00ed una visi\u00f3n dicot\u00f3mica entre lo \u00e1rabe y lo espa\u00f1ol, s\u00f3lo desmentida en parte por espor\u00e1dicas pinceladas de sentimentalismo rom\u00e1ntico, cuyo estudio resulta hoy m\u00e1s atractivo e interesante que nunca. Seremos, pues, testigos de un recorrido laber\u00edntico -como se se\u00f1ala en el t\u00edtulo de la obra- que ahora queda desvelado ante el lector espa\u00f1ol, y eso naturalmente sin escamotear sus aspectos m\u00e1s pol\u00e9micos y discutibles.<\/p>\n","protected":false},"featured_media":1164,"comment_status":"closed","ping_status":"open","template":"","meta":{"_acf_changed":false},"materia_nivel_3":[2559],"subtema_nivel_2":[],"tema_nivel_1":[2567],"product_brand":[],"product_cat":[15],"product_tag":[],"product_author":[3685],"product_collection":[],"class_list":{"0":"post-13522","1":"product","2":"type-product","3":"status-publish","4":"has-post-thumbnail","6":"materia_nivel_3-espana","7":"tema_nivel_1-historia","8":"product_cat-uncategorized","9":"product_author-paradela-alonso-nieves","11":"first","12":"instock","13":"purchasable","14":"product-type-simple"},"acf":[],"_links":{"self":[{"href":"https:\/\/dev2.cantalupe.net\/sigloxxi\/wp-json\/wp\/v2\/product\/13522","targetHints":{"allow":["GET"]}}],"collection":[{"href":"https:\/\/dev2.cantalupe.net\/sigloxxi\/wp-json\/wp\/v2\/product"}],"about":[{"href":"https:\/\/dev2.cantalupe.net\/sigloxxi\/wp-json\/wp\/v2\/types\/product"}],"replies":[{"embeddable":true,"href":"https:\/\/dev2.cantalupe.net\/sigloxxi\/wp-json\/wp\/v2\/comments?post=13522"}],"version-history":[{"count":1,"href":"https:\/\/dev2.cantalupe.net\/sigloxxi\/wp-json\/wp\/v2\/product\/13522\/revisions"}],"predecessor-version":[{"id":13523,"href":"https:\/\/dev2.cantalupe.net\/sigloxxi\/wp-json\/wp\/v2\/product\/13522\/revisions\/13523"}],"wp:featuredmedia":[{"embeddable":true,"href":"https:\/\/dev2.cantalupe.net\/sigloxxi\/wp-json\/wp\/v2\/media\/1164"}],"wp:attachment":[{"href":"https:\/\/dev2.cantalupe.net\/sigloxxi\/wp-json\/wp\/v2\/media?parent=13522"}],"wp:term":[{"taxonomy":"materia_nivel_3","embeddable":true,"href":"https:\/\/dev2.cantalupe.net\/sigloxxi\/wp-json\/wp\/v2\/materia_nivel_3?post=13522"},{"taxonomy":"subtema_nivel_2","embeddable":true,"href":"https:\/\/dev2.cantalupe.net\/sigloxxi\/wp-json\/wp\/v2\/subtema_nivel_2?post=13522"},{"taxonomy":"tema_nivel_1","embeddable":true,"href":"https:\/\/dev2.cantalupe.net\/sigloxxi\/wp-json\/wp\/v2\/tema_nivel_1?post=13522"},{"taxonomy":"product_brand","embeddable":true,"href":"https:\/\/dev2.cantalupe.net\/sigloxxi\/wp-json\/wp\/v2\/product_brand?post=13522"},{"taxonomy":"product_cat","embeddable":true,"href":"https:\/\/dev2.cantalupe.net\/sigloxxi\/wp-json\/wp\/v2\/product_cat?post=13522"},{"taxonomy":"product_tag","embeddable":true,"href":"https:\/\/dev2.cantalupe.net\/sigloxxi\/wp-json\/wp\/v2\/product_tag?post=13522"},{"taxonomy":"product_author","embeddable":true,"href":"https:\/\/dev2.cantalupe.net\/sigloxxi\/wp-json\/wp\/v2\/product_author?post=13522"},{"taxonomy":"product_collection","embeddable":true,"href":"https:\/\/dev2.cantalupe.net\/sigloxxi\/wp-json\/wp\/v2\/product_collection?post=13522"}],"curies":[{"name":"wp","href":"https:\/\/api.w.org\/{rel}","templated":true}]}}