{"id":13526,"date":"2025-11-04T14:50:53","date_gmt":"2025-11-04T14:50:53","guid":{"rendered":"https:\/\/dev2.cantalupe.net\/sigloxxi\/libro\/el-pce-en-la-clandestinidad-1939-1956\/"},"modified":"2025-11-04T14:50:54","modified_gmt":"2025-11-04T14:50:54","slug":"el-pce-en-la-clandestinidad-1939-1956","status":"publish","type":"product","link":"https:\/\/dev2.cantalupe.net\/sigloxxi\/libro\/el-pce-en-la-clandestinidad-1939-1956\/","title":{"rendered":"El PCE en la clandestinidad. 1939-1956"},"content":{"rendered":"<p>Cubierta posterior: Este libro se abre con el exilio de los comunistas espa\u00f1oles, cuando la ofensiva de las fuerzas franquistas provoca en enero de 1939 la ca\u00edda del frente de Catalu\u00f1a y la huida masiva hacia Francia de tropas y civiles, hasta un total de medio mill\u00f3n de republicanos, y concluye con el retroceso que los sucesos de Hungr\u00eda, y sus consecuencias en el seno del PCUS, imponen a la t\u00edmida reforma ideol\u00f3gica y organizativa emprendida por el PCE al aliento del XX Congreso del PCUS y de la subsiguiente pol\u00edtica de desestalinizaci\u00f3n. La investigaci\u00f3n se basa fundamentalmente en las publicaciones del partido en el exilio y en el interior. El resultado es, por ello, en buena medida, una historia de las transformaciones de la l\u00ednea pol\u00edtica del PCE en este per\u00edodo, en funci\u00f3n de los cambios de la coyuntura nacional e internacional, antes que una historia del partido en su conjunto. Por otra parte, se ha optado por estudiar preferentemente los aspectos menos conocidos de la historia del PCE. As\u00ed, por ejemplo, el caso Comorera, la reestructuraci\u00f3n del partido en Francia en 1944-45 o su actuaci\u00f3n durante el per\u00edodo de vigencia del pacto germanosovi\u00e9tico se tratan con mayor extensi\u00f3n y profundidad que la participaci\u00f3n del PCE en la Resistencia francesa o su actividad guerrillera en el interior, que resultan m\u00e1s conocidos.<\/p>\n","protected":false},"excerpt":{"rendered":"<p>Cubierta posterior: Este libro se abre con el exilio de los comunistas espa\u00f1oles, cuando la ofensiva de las fuerzas franquistas provoca en enero de 1939 la ca\u00edda del frente de Catalu\u00f1a y la huida masiva hacia Francia de tropas y civiles, hasta un total de medio mill\u00f3n de republicanos, y concluye con el retroceso que los sucesos de Hungr\u00eda, y sus consecuencias en el seno del PCUS, imponen a la t\u00edmida reforma ideol\u00f3gica y organizativa emprendida por el PCE al aliento del XX Congreso del PCUS y de la subsiguiente pol\u00edtica de desestalinizaci\u00f3n. La investigaci\u00f3n se basa fundamentalmente en las publicaciones del partido en el exilio y en el interior. El resultado es, por ello, en buena medida, una historia de las transformaciones de la l\u00ednea pol\u00edtica del PCE en este per\u00edodo, en funci\u00f3n de los cambios de la coyuntura nacional e internacional, antes que una historia del partido en su conjunto. Por otra parte, se ha optado por estudiar preferentemente los aspectos menos conocidos de la historia del PCE. As\u00ed, por ejemplo, el caso Comorera, la reestructuraci\u00f3n del partido en Francia en 1944-45 o su actuaci\u00f3n durante el per\u00edodo de vigencia del pacto germanosovi\u00e9tico se tratan con mayor extensi\u00f3n y profundidad que la participaci\u00f3n del PCE en la Resistencia francesa o su actividad guerrillera en el interior, que resultan m\u00e1s conocidos.<\/p>\n","protected":false},"featured_media":1168,"comment_status":"closed","ping_status":"open","template":"","meta":{"_acf_changed":false},"materia_nivel_3":[2559,2558],"subtema_nivel_2":[],"tema_nivel_1":[2567],"product_brand":[],"product_cat":[15],"product_tag":[],"product_author":[3686],"product_collection":[],"class_list":{"0":"post-13526","1":"product","2":"type-product","3":"status-publish","4":"has-post-thumbnail","6":"materia_nivel_3-espana","7":"materia_nivel_3-moderna","8":"tema_nivel_1-historia","9":"product_cat-uncategorized","10":"product_author-estruch-tobella-joan","12":"first","13":"instock","14":"purchasable","15":"product-type-simple"},"acf":[],"_links":{"self":[{"href":"https:\/\/dev2.cantalupe.net\/sigloxxi\/wp-json\/wp\/v2\/product\/13526","targetHints":{"allow":["GET"]}}],"collection":[{"href":"https:\/\/dev2.cantalupe.net\/sigloxxi\/wp-json\/wp\/v2\/product"}],"about":[{"href":"https:\/\/dev2.cantalupe.net\/sigloxxi\/wp-json\/wp\/v2\/types\/product"}],"replies":[{"embeddable":true,"href":"https:\/\/dev2.cantalupe.net\/sigloxxi\/wp-json\/wp\/v2\/comments?post=13526"}],"version-history":[{"count":1,"href":"https:\/\/dev2.cantalupe.net\/sigloxxi\/wp-json\/wp\/v2\/product\/13526\/revisions"}],"predecessor-version":[{"id":13527,"href":"https:\/\/dev2.cantalupe.net\/sigloxxi\/wp-json\/wp\/v2\/product\/13526\/revisions\/13527"}],"wp:featuredmedia":[{"embeddable":true,"href":"https:\/\/dev2.cantalupe.net\/sigloxxi\/wp-json\/wp\/v2\/media\/1168"}],"wp:attachment":[{"href":"https:\/\/dev2.cantalupe.net\/sigloxxi\/wp-json\/wp\/v2\/media?parent=13526"}],"wp:term":[{"taxonomy":"materia_nivel_3","embeddable":true,"href":"https:\/\/dev2.cantalupe.net\/sigloxxi\/wp-json\/wp\/v2\/materia_nivel_3?post=13526"},{"taxonomy":"subtema_nivel_2","embeddable":true,"href":"https:\/\/dev2.cantalupe.net\/sigloxxi\/wp-json\/wp\/v2\/subtema_nivel_2?post=13526"},{"taxonomy":"tema_nivel_1","embeddable":true,"href":"https:\/\/dev2.cantalupe.net\/sigloxxi\/wp-json\/wp\/v2\/tema_nivel_1?post=13526"},{"taxonomy":"product_brand","embeddable":true,"href":"https:\/\/dev2.cantalupe.net\/sigloxxi\/wp-json\/wp\/v2\/product_brand?post=13526"},{"taxonomy":"product_cat","embeddable":true,"href":"https:\/\/dev2.cantalupe.net\/sigloxxi\/wp-json\/wp\/v2\/product_cat?post=13526"},{"taxonomy":"product_tag","embeddable":true,"href":"https:\/\/dev2.cantalupe.net\/sigloxxi\/wp-json\/wp\/v2\/product_tag?post=13526"},{"taxonomy":"product_author","embeddable":true,"href":"https:\/\/dev2.cantalupe.net\/sigloxxi\/wp-json\/wp\/v2\/product_author?post=13526"},{"taxonomy":"product_collection","embeddable":true,"href":"https:\/\/dev2.cantalupe.net\/sigloxxi\/wp-json\/wp\/v2\/product_collection?post=13526"}],"curies":[{"name":"wp","href":"https:\/\/api.w.org\/{rel}","templated":true}]}}