{"id":13558,"date":"2025-11-04T14:50:53","date_gmt":"2025-11-04T14:50:53","guid":{"rendered":"https:\/\/dev2.cantalupe.net\/sigloxxi\/libro\/el-poder-una-bestia-magnifica\/"},"modified":"2025-11-04T14:50:55","modified_gmt":"2025-11-04T14:50:55","slug":"el-poder-una-bestia-magnifica","status":"publish","type":"product","link":"https:\/\/dev2.cantalupe.net\/sigloxxi\/libro\/el-poder-una-bestia-magnifica\/","title":{"rendered":"El poder, una bestia magn\u00edfica"},"content":{"rendered":"<p>A trav\u00e9s de entrevistas, conferencias e intervenciones<br \/>\nen su mayor parte in\u00e9ditas o inaccesibles en espa\u00f1ol, este volumen esclarece<br \/>\nlas circunstancias pol\u00edticas y las preocupaciones personales que est\u00e1n en el<br \/>\norigen de los libros y de los cursos del autor, y permite situarlos en el marco<br \/>\nde una elaboraci\u00f3n te\u00f3rica en constante mutaci\u00f3n. En estos escritos s\u00f3lo en<br \/>\napariencia &#8220;laterales&#8221;, Foucault relaciona con claridad de s\u00edntesis<br \/>\nlos saberes y las luchas: as\u00ed, por ejemplo, revisa la funci\u00f3n de la polic\u00eda, las<br \/>\ninterpretaciones del terrorismo y de la violencia pol\u00edtica, la din\u00e1mica de los<br \/>\nnacionalismos, la medicalizaci\u00f3n de la sociedad, la situaci\u00f3n de las<br \/>\ninstituciones penitenciarias. De estos textos surge un Foucault muchas veces<br \/>\ncoloquial, que articula sus ideas en el cruce entre la erudici\u00f3n y esa<br \/>\ncotidianidad que se desprende de los programas televisivos, de la lectura de<br \/>\nlos diarios o de los sucesos puntuales en los que ha decidido intervenir. El<br \/>\ncriterio de selecci\u00f3n de los textos aqu\u00ed reunidos incorpora los nuevos<br \/>\nhorizontes de lectura abiertos por los trabajos de Foucault recientemente<br \/>\npublishs. En este sentido, el presente volumen busca funcionar como un puente<br \/>\nentre sus cursos y sus libros, as\u00ed como entre sus investigaciones y la<br \/>\nactualidad. El poder, una bestia magn\u00edfica inicia una serie abierta, que<br \/>\ncontribuir\u00e1 sin duda a una mejor comprensi\u00f3n del pensamiento foucaultiano.<\/p>\n","protected":false},"excerpt":{"rendered":"<p>A trav\u00e9s de entrevistas, conferencias e intervenciones<br \/>\nen su mayor parte in\u00e9ditas o inaccesibles en espa\u00f1ol, este volumen esclarece<br \/>\nlas circunstancias pol\u00edticas y las preocupaciones personales que est\u00e1n en el<br \/>\norigen de los libros y de los cursos del autor, y permite situarlos en el marco<br \/>\nde una elaboraci\u00f3n te\u00f3rica en constante mutaci\u00f3n. En estos escritos s\u00f3lo en<br \/>\napariencia &#8220;laterales&#8221;, Foucault relaciona con claridad de s\u00edntesis<br \/>\nlos saberes y las luchas: as\u00ed, por ejemplo, revisa la funci\u00f3n de la polic\u00eda, las<br \/>\ninterpretaciones del terrorismo y de la violencia pol\u00edtica, la din\u00e1mica de los<br \/>\nnacionalismos, la medicalizaci\u00f3n de la sociedad, la situaci\u00f3n de las<br \/>\ninstituciones penitenciarias. De estos textos surge un Foucault muchas veces<br \/>\ncoloquial, que articula sus ideas en el cruce entre la erudici\u00f3n y esa<br \/>\ncotidianidad que se desprende de los programas televisivos, de la lectura de<br \/>\nlos diarios o de los sucesos puntuales en los que ha decidido intervenir. El<br \/>\ncriterio de selecci\u00f3n de los textos aqu\u00ed reunidos incorpora los nuevos<br \/>\nhorizontes de lectura abiertos por los trabajos de Foucault recientemente<br \/>\npublishs. En este sentido, el presente volumen busca funcionar como un puente<br \/>\nentre sus cursos y sus libros, as\u00ed como entre sus investigaciones y la<br \/>\nactualidad. El poder, una bestia magn\u00edfica inicia una serie abierta, que<br \/>\ncontribuir\u00e1 sin duda a una mejor comprensi\u00f3n del pensamiento foucaultiano.<\/p>\n","protected":false},"featured_media":1197,"comment_status":"closed","ping_status":"open","template":"","meta":{"_acf_changed":false},"materia_nivel_3":[2686],"subtema_nivel_2":[2586,2578],"tema_nivel_1":[3622],"product_brand":[],"product_cat":[15],"product_tag":[],"product_author":[3623],"product_collection":[],"class_list":{"0":"post-13558","1":"product","2":"type-product","3":"status-publish","4":"has-post-thumbnail","6":"materia_nivel_3-historia-de-la-filosofia","7":"subtema_nivel_2-filosofia","8":"subtema_nivel_2-psicologia","9":"tema_nivel_1-biblioteca-clasica-de-siglo-veintiuno","10":"product_cat-uncategorized","11":"product_author-foucault-michel","13":"first","14":"instock","15":"purchasable","16":"product-type-simple"},"acf":[],"_links":{"self":[{"href":"https:\/\/dev2.cantalupe.net\/sigloxxi\/wp-json\/wp\/v2\/product\/13558","targetHints":{"allow":["GET"]}}],"collection":[{"href":"https:\/\/dev2.cantalupe.net\/sigloxxi\/wp-json\/wp\/v2\/product"}],"about":[{"href":"https:\/\/dev2.cantalupe.net\/sigloxxi\/wp-json\/wp\/v2\/types\/product"}],"replies":[{"embeddable":true,"href":"https:\/\/dev2.cantalupe.net\/sigloxxi\/wp-json\/wp\/v2\/comments?post=13558"}],"version-history":[{"count":1,"href":"https:\/\/dev2.cantalupe.net\/sigloxxi\/wp-json\/wp\/v2\/product\/13558\/revisions"}],"predecessor-version":[{"id":13559,"href":"https:\/\/dev2.cantalupe.net\/sigloxxi\/wp-json\/wp\/v2\/product\/13558\/revisions\/13559"}],"wp:featuredmedia":[{"embeddable":true,"href":"https:\/\/dev2.cantalupe.net\/sigloxxi\/wp-json\/wp\/v2\/media\/1197"}],"wp:attachment":[{"href":"https:\/\/dev2.cantalupe.net\/sigloxxi\/wp-json\/wp\/v2\/media?parent=13558"}],"wp:term":[{"taxonomy":"materia_nivel_3","embeddable":true,"href":"https:\/\/dev2.cantalupe.net\/sigloxxi\/wp-json\/wp\/v2\/materia_nivel_3?post=13558"},{"taxonomy":"subtema_nivel_2","embeddable":true,"href":"https:\/\/dev2.cantalupe.net\/sigloxxi\/wp-json\/wp\/v2\/subtema_nivel_2?post=13558"},{"taxonomy":"tema_nivel_1","embeddable":true,"href":"https:\/\/dev2.cantalupe.net\/sigloxxi\/wp-json\/wp\/v2\/tema_nivel_1?post=13558"},{"taxonomy":"product_brand","embeddable":true,"href":"https:\/\/dev2.cantalupe.net\/sigloxxi\/wp-json\/wp\/v2\/product_brand?post=13558"},{"taxonomy":"product_cat","embeddable":true,"href":"https:\/\/dev2.cantalupe.net\/sigloxxi\/wp-json\/wp\/v2\/product_cat?post=13558"},{"taxonomy":"product_tag","embeddable":true,"href":"https:\/\/dev2.cantalupe.net\/sigloxxi\/wp-json\/wp\/v2\/product_tag?post=13558"},{"taxonomy":"product_author","embeddable":true,"href":"https:\/\/dev2.cantalupe.net\/sigloxxi\/wp-json\/wp\/v2\/product_author?post=13558"},{"taxonomy":"product_collection","embeddable":true,"href":"https:\/\/dev2.cantalupe.net\/sigloxxi\/wp-json\/wp\/v2\/product_collection?post=13558"}],"curies":[{"name":"wp","href":"https:\/\/api.w.org\/{rel}","templated":true}]}}