{"id":13574,"date":"2025-11-04T14:50:56","date_gmt":"2025-11-04T14:50:56","guid":{"rendered":"https:\/\/dev2.cantalupe.net\/sigloxxi\/libro\/el-reformismo-en-espana\/"},"modified":"2025-11-04T14:50:57","modified_gmt":"2025-11-04T14:50:57","slug":"el-reformismo-en-espana","status":"publish","type":"product","link":"https:\/\/dev2.cantalupe.net\/sigloxxi\/libro\/el-reformismo-en-espana\/","title":{"rendered":"El reformismo en Espa\u00f1a"},"content":{"rendered":"<p>Este libro constituye un intento de analizar la evoluci\u00f3n del reformismo pol\u00edtico en la Espa\u00f1a del primer tercio del siglo XX, en particular la evoluci\u00f3n del republicanismo y del reformismo bajo la Monarqu\u00eda de Alfonso XIII. Republicanos y reformistas -y con ellos los socialistas a partir de la Conjunci\u00f3n Republicano-socialista- intentaron establecer un sistema pol\u00edtico que tuviera por base la democracia. La democracia como elemento cohesivo de estas fuerzas fue, sin embargo, insuficiente para doblegar al sistema pol\u00edtico restauracionista. Esta debilidad no hizo sino fragmentar una direcci\u00f3n progresista com\u00fan de fuerzas sociales y pol\u00edticas en extremo heterog\u00e9neas. Socialistas, republicanos y reformistas habr\u00edan de encontrar numerosas fisuras m\u00e1s all\u00e1 de la afirmaci\u00f3n democr\u00e1tica y el nexo de oposici\u00f3n al sistema din\u00e1stico. Por tanto, los elementos de debilidad -org\u00e1nicos y pol\u00edticos- fueron lo bastante fuertes para impedir una acci\u00f3n com\u00fan s\u00f3lida frente al sistema, en medio de un amplio pro- ceso de descomposici\u00f3n del republicanismo hist\u00f3rico. La respuesta a este proceso de transformaci\u00f3n fue m\u00faltiple y a menudo contradictoria. Socialistas, republicanos y reformistas -la izquierda parlamentaria- orientaron su acci\u00f3n hacia objetivos pol\u00edticos que les eran propios: los reformistas en favor de la democracia, los republicanos por la instauraci\u00f3n de la Rep\u00fablica.. los socialistas, en fin, se debatieron entre el objetivo de su programa m\u00e1ximo -la instauraci\u00f3n del socialismo- y el m\u00e1s inmediato de lograr un sistema democr\u00e1tico bajo un r\u00e9gimen republicano.<\/p>\n","protected":false},"excerpt":{"rendered":"<p>Este libro constituye un intento de analizar la evoluci\u00f3n del reformismo pol\u00edtico en la Espa\u00f1a del primer tercio del siglo XX, en particular la evoluci\u00f3n del republicanismo y del reformismo bajo la Monarqu\u00eda de Alfonso XIII. Republicanos y reformistas -y con ellos los socialistas a partir de la Conjunci\u00f3n Republicano-socialista- intentaron establecer un sistema pol\u00edtico que tuviera por base la democracia. La democracia como elemento cohesivo de estas fuerzas fue, sin embargo, insuficiente para doblegar al sistema pol\u00edtico restauracionista. Esta debilidad no hizo sino fragmentar una direcci\u00f3n progresista com\u00fan de fuerzas sociales y pol\u00edticas en extremo heterog\u00e9neas. Socialistas, republicanos y reformistas habr\u00edan de encontrar numerosas fisuras m\u00e1s all\u00e1 de la afirmaci\u00f3n democr\u00e1tica y el nexo de oposici\u00f3n al sistema din\u00e1stico. Por tanto, los elementos de debilidad -org\u00e1nicos y pol\u00edticos- fueron lo bastante fuertes para impedir una acci\u00f3n com\u00fan s\u00f3lida frente al sistema, en medio de un amplio pro- ceso de descomposici\u00f3n del republicanismo hist\u00f3rico. La respuesta a este proceso de transformaci\u00f3n fue m\u00faltiple y a menudo contradictoria. Socialistas, republicanos y reformistas -la izquierda parlamentaria- orientaron su acci\u00f3n hacia objetivos pol\u00edticos que les eran propios: los reformistas en favor de la democracia, los republicanos por la instauraci\u00f3n de la Rep\u00fablica.. los socialistas, en fin, se debatieron entre el objetivo de su programa m\u00e1ximo -la instauraci\u00f3n del socialismo- y el m\u00e1s inmediato de lograr un sistema democr\u00e1tico bajo un r\u00e9gimen republicano.<\/p>\n","protected":false},"featured_media":1213,"comment_status":"closed","ping_status":"open","template":"","meta":{"_acf_changed":false},"materia_nivel_3":[2565,2559],"subtema_nivel_2":[],"tema_nivel_1":[2567],"product_brand":[],"product_cat":[15],"product_tag":[],"product_author":[3698],"product_collection":[],"class_list":{"0":"post-13574","1":"product","2":"type-product","3":"status-publish","4":"has-post-thumbnail","6":"materia_nivel_3-contemporanea","7":"materia_nivel_3-espana","8":"tema_nivel_1-historia","9":"product_cat-uncategorized","10":"product_author-suarez-cortina-manuel","12":"first","13":"instock","14":"purchasable","15":"product-type-simple"},"acf":[],"_links":{"self":[{"href":"https:\/\/dev2.cantalupe.net\/sigloxxi\/wp-json\/wp\/v2\/product\/13574","targetHints":{"allow":["GET"]}}],"collection":[{"href":"https:\/\/dev2.cantalupe.net\/sigloxxi\/wp-json\/wp\/v2\/product"}],"about":[{"href":"https:\/\/dev2.cantalupe.net\/sigloxxi\/wp-json\/wp\/v2\/types\/product"}],"replies":[{"embeddable":true,"href":"https:\/\/dev2.cantalupe.net\/sigloxxi\/wp-json\/wp\/v2\/comments?post=13574"}],"version-history":[{"count":1,"href":"https:\/\/dev2.cantalupe.net\/sigloxxi\/wp-json\/wp\/v2\/product\/13574\/revisions"}],"predecessor-version":[{"id":13575,"href":"https:\/\/dev2.cantalupe.net\/sigloxxi\/wp-json\/wp\/v2\/product\/13574\/revisions\/13575"}],"wp:featuredmedia":[{"embeddable":true,"href":"https:\/\/dev2.cantalupe.net\/sigloxxi\/wp-json\/wp\/v2\/media\/1213"}],"wp:attachment":[{"href":"https:\/\/dev2.cantalupe.net\/sigloxxi\/wp-json\/wp\/v2\/media?parent=13574"}],"wp:term":[{"taxonomy":"materia_nivel_3","embeddable":true,"href":"https:\/\/dev2.cantalupe.net\/sigloxxi\/wp-json\/wp\/v2\/materia_nivel_3?post=13574"},{"taxonomy":"subtema_nivel_2","embeddable":true,"href":"https:\/\/dev2.cantalupe.net\/sigloxxi\/wp-json\/wp\/v2\/subtema_nivel_2?post=13574"},{"taxonomy":"tema_nivel_1","embeddable":true,"href":"https:\/\/dev2.cantalupe.net\/sigloxxi\/wp-json\/wp\/v2\/tema_nivel_1?post=13574"},{"taxonomy":"product_brand","embeddable":true,"href":"https:\/\/dev2.cantalupe.net\/sigloxxi\/wp-json\/wp\/v2\/product_brand?post=13574"},{"taxonomy":"product_cat","embeddable":true,"href":"https:\/\/dev2.cantalupe.net\/sigloxxi\/wp-json\/wp\/v2\/product_cat?post=13574"},{"taxonomy":"product_tag","embeddable":true,"href":"https:\/\/dev2.cantalupe.net\/sigloxxi\/wp-json\/wp\/v2\/product_tag?post=13574"},{"taxonomy":"product_author","embeddable":true,"href":"https:\/\/dev2.cantalupe.net\/sigloxxi\/wp-json\/wp\/v2\/product_author?post=13574"},{"taxonomy":"product_collection","embeddable":true,"href":"https:\/\/dev2.cantalupe.net\/sigloxxi\/wp-json\/wp\/v2\/product_collection?post=13574"}],"curies":[{"name":"wp","href":"https:\/\/api.w.org\/{rel}","templated":true}]}}