{"id":13586,"date":"2025-11-04T14:50:56","date_gmt":"2025-11-04T14:50:56","guid":{"rendered":"https:\/\/dev2.cantalupe.net\/sigloxxi\/libro\/el-rostro-familiar-de-la-metropoli\/"},"modified":"2025-11-04T14:50:57","modified_gmt":"2025-11-04T14:50:57","slug":"el-rostro-familiar-de-la-metropoli","status":"publish","type":"product","link":"https:\/\/dev2.cantalupe.net\/sigloxxi\/libro\/el-rostro-familiar-de-la-metropoli\/","title":{"rendered":"El rostro familiar de la metr\u00f3poli"},"content":{"rendered":"<p>Cubierta posterior: El comercio ha dependido hist\u00f3ricamente de la existencia de contactos fiables a corta y a larga distancia, y las relaciones humanas m\u00e1s fiables han sido hist\u00f3ricamente las derivadas de lazos culturales y familiares. Durante buena parte del siglo XVIII la ciudad de C\u00e1diz fue la sede del monopolio mercantil espa\u00f1ol con sus posesiones americanas, y cientos de comerciantes procedentes del resto de Espa\u00f1a y de Europa desarrollaron sus actividades comerciales coloniales en este centro estrat\u00e9gico de la Andaluc\u00eda occidental. La formaci\u00f3n de redes familiares y clientelares entre negociantes de tan diversos or\u00edgenes proporcion\u00f3 a muchos individuos las bases materiales y humanas necesarias para introducirse y triunfar en la Carrera de Indias: capitales, socios leales, informaci\u00f3n fiable y agentes fieles. La abundante y novedosa documentaci\u00f3n consultada, de origen notarial y eclesi\u00e1stico, relativiza por lo tanto la arraigada idea de que los comerciantes en C\u00e1diz fueron mayoritariamente j\u00f3venes sin conexiones familiares que residieron unos pocos a\u00f1os en la ciudad. Utilizando conceptos y m\u00e9todos de distintas disciplinas, el libro describe la formaci\u00f3n de las redes de parentesco creadas en el seno del heterog\u00e9neo colectivo mercantil gaditano durante las primeras tres d\u00e9cadas del siglo XVIII, y se\u00f1ala los cambios experimentados en las estrategias familiares de la \u00e9lite mercantil gaditana entre finales de la centuria y la primera d\u00e9cada del siglo XIX.<\/p>\n","protected":false},"excerpt":{"rendered":"<p>Cubierta posterior: El comercio ha dependido hist\u00f3ricamente de la existencia de contactos fiables a corta y a larga distancia, y las relaciones humanas m\u00e1s fiables han sido hist\u00f3ricamente las derivadas de lazos culturales y familiares. Durante buena parte del siglo XVIII la ciudad de C\u00e1diz fue la sede del monopolio mercantil espa\u00f1ol con sus posesiones americanas, y cientos de comerciantes procedentes del resto de Espa\u00f1a y de Europa desarrollaron sus actividades comerciales coloniales en este centro estrat\u00e9gico de la Andaluc\u00eda occidental. La formaci\u00f3n de redes familiares y clientelares entre negociantes de tan diversos or\u00edgenes proporcion\u00f3 a muchos individuos las bases materiales y humanas necesarias para introducirse y triunfar en la Carrera de Indias: capitales, socios leales, informaci\u00f3n fiable y agentes fieles. La abundante y novedosa documentaci\u00f3n consultada, de origen notarial y eclesi\u00e1stico, relativiza por lo tanto la arraigada idea de que los comerciantes en C\u00e1diz fueron mayoritariamente j\u00f3venes sin conexiones familiares que residieron unos pocos a\u00f1os en la ciudad. Utilizando conceptos y m\u00e9todos de distintas disciplinas, el libro describe la formaci\u00f3n de las redes de parentesco creadas en el seno del heterog\u00e9neo colectivo mercantil gaditano durante las primeras tres d\u00e9cadas del siglo XVIII, y se\u00f1ala los cambios experimentados en las estrategias familiares de la \u00e9lite mercantil gaditana entre finales de la centuria y la primera d\u00e9cada del siglo XIX.<\/p>\n","protected":false},"featured_media":1225,"comment_status":"closed","ping_status":"open","template":"","meta":{"_acf_changed":false},"materia_nivel_3":[2559,2558],"subtema_nivel_2":[],"tema_nivel_1":[2567],"product_brand":[],"product_cat":[15],"product_tag":[],"product_author":[3703],"product_collection":[],"class_list":{"0":"post-13586","1":"product","2":"type-product","3":"status-publish","4":"has-post-thumbnail","6":"materia_nivel_3-espana","7":"materia_nivel_3-moderna","8":"tema_nivel_1-historia","9":"product_cat-uncategorized","10":"product_author-fernandez-perez-paloma","12":"first","13":"instock","14":"purchasable","15":"product-type-simple"},"acf":[],"_links":{"self":[{"href":"https:\/\/dev2.cantalupe.net\/sigloxxi\/wp-json\/wp\/v2\/product\/13586","targetHints":{"allow":["GET"]}}],"collection":[{"href":"https:\/\/dev2.cantalupe.net\/sigloxxi\/wp-json\/wp\/v2\/product"}],"about":[{"href":"https:\/\/dev2.cantalupe.net\/sigloxxi\/wp-json\/wp\/v2\/types\/product"}],"replies":[{"embeddable":true,"href":"https:\/\/dev2.cantalupe.net\/sigloxxi\/wp-json\/wp\/v2\/comments?post=13586"}],"version-history":[{"count":1,"href":"https:\/\/dev2.cantalupe.net\/sigloxxi\/wp-json\/wp\/v2\/product\/13586\/revisions"}],"predecessor-version":[{"id":13587,"href":"https:\/\/dev2.cantalupe.net\/sigloxxi\/wp-json\/wp\/v2\/product\/13586\/revisions\/13587"}],"wp:featuredmedia":[{"embeddable":true,"href":"https:\/\/dev2.cantalupe.net\/sigloxxi\/wp-json\/wp\/v2\/media\/1225"}],"wp:attachment":[{"href":"https:\/\/dev2.cantalupe.net\/sigloxxi\/wp-json\/wp\/v2\/media?parent=13586"}],"wp:term":[{"taxonomy":"materia_nivel_3","embeddable":true,"href":"https:\/\/dev2.cantalupe.net\/sigloxxi\/wp-json\/wp\/v2\/materia_nivel_3?post=13586"},{"taxonomy":"subtema_nivel_2","embeddable":true,"href":"https:\/\/dev2.cantalupe.net\/sigloxxi\/wp-json\/wp\/v2\/subtema_nivel_2?post=13586"},{"taxonomy":"tema_nivel_1","embeddable":true,"href":"https:\/\/dev2.cantalupe.net\/sigloxxi\/wp-json\/wp\/v2\/tema_nivel_1?post=13586"},{"taxonomy":"product_brand","embeddable":true,"href":"https:\/\/dev2.cantalupe.net\/sigloxxi\/wp-json\/wp\/v2\/product_brand?post=13586"},{"taxonomy":"product_cat","embeddable":true,"href":"https:\/\/dev2.cantalupe.net\/sigloxxi\/wp-json\/wp\/v2\/product_cat?post=13586"},{"taxonomy":"product_tag","embeddable":true,"href":"https:\/\/dev2.cantalupe.net\/sigloxxi\/wp-json\/wp\/v2\/product_tag?post=13586"},{"taxonomy":"product_author","embeddable":true,"href":"https:\/\/dev2.cantalupe.net\/sigloxxi\/wp-json\/wp\/v2\/product_author?post=13586"},{"taxonomy":"product_collection","embeddable":true,"href":"https:\/\/dev2.cantalupe.net\/sigloxxi\/wp-json\/wp\/v2\/product_collection?post=13586"}],"curies":[{"name":"wp","href":"https:\/\/api.w.org\/{rel}","templated":true}]}}