{"id":13594,"date":"2025-11-04T14:50:56","date_gmt":"2025-11-04T14:50:56","guid":{"rendered":"https:\/\/dev2.cantalupe.net\/sigloxxi\/libro\/el-sexo-de-los-angeles-y-de-los-santos\/"},"modified":"2025-11-04T14:50:58","modified_gmt":"2025-11-04T14:50:58","slug":"el-sexo-de-los-angeles-y-de-los-santos","status":"publish","type":"product","link":"https:\/\/dev2.cantalupe.net\/sigloxxi\/libro\/el-sexo-de-los-angeles-y-de-los-santos\/","title":{"rendered":"El sexo de los \u00e1ngeles y de los santos"},"content":{"rendered":"<p>Desde los relatos de martirios hasta las austeras vidas de los santos, Antonio Rubial descubre la manera en que las hagiograf\u00edas, los discursos sobre la santidad y sus representaciones pict\u00f3ricas evolucionaron con el tiempo, volvi\u00e9ndose cada vez m\u00e1s espectaculares en su b\u00fasqueda por impactar al p\u00fablico devoto. Haciendo uso de agudas reflexiones al final de los apartados, el autor invita a reconocer la forma en que gracias a esta ret\u00f3rica los valores de la moral cristiana \u0096el sufrimiento, la obediencia y la humildad\u0096 se vincularon con la sujeci\u00f3n patriarcal, relegaron a la figura femenina a los lugares tradicionales de madre o esposa y justificaron el ejercicio de la violencia sobre los fieles como herramienta v\u00e1lida e, incluso, necesaria. A medida que exploramos las complejidades de las narrativas religiosas y su influencia en la sociedad, podemos ver reflejados muchos de los dilemas y desaf\u00edos que enfrentamos en la actualidad. El sexo de los \u00e1ngeles y de los santos no s\u00f3lo arroja luz sobre el pasado, tambi\u00e9n ofrece una perspectiva relevante para comprender nuestro presente<\/p>\n","protected":false},"excerpt":{"rendered":"<p>Desde los relatos de martirios hasta las austeras vidas de los santos, Antonio Rubial descubre la manera en que las hagiograf\u00edas, los discursos sobre la santidad y sus representaciones pict\u00f3ricas evolucionaron con el tiempo, volvi\u00e9ndose cada vez m\u00e1s espectaculares en su b\u00fasqueda por impactar al p\u00fablico devoto. Haciendo uso de agudas reflexiones al final de los apartados, el autor invita a reconocer la forma en que gracias a esta ret\u00f3rica los valores de la moral cristiana \u0096el sufrimiento, la obediencia y la humildad\u0096 se vincularon con la sujeci\u00f3n patriarcal, relegaron a la figura femenina a los lugares tradicionales de madre o esposa y justificaron el ejercicio de la violencia sobre los fieles como herramienta v\u00e1lida e, incluso, necesaria. A medida que exploramos las complejidades de las narrativas religiosas y su influencia en la sociedad, podemos ver reflejados muchos de los dilemas y desaf\u00edos que enfrentamos en la actualidad. El sexo de los \u00e1ngeles y de los santos no s\u00f3lo arroja luz sobre el pasado, tambi\u00e9n ofrece una perspectiva relevante para comprender nuestro presente<\/p>\n","protected":false},"featured_media":1233,"comment_status":"closed","ping_status":"open","template":"","meta":{"_acf_changed":false},"materia_nivel_3":[],"subtema_nivel_2":[2561,2577],"tema_nivel_1":[2567],"product_brand":[],"product_cat":[15],"product_tag":[],"product_author":[3706],"product_collection":[],"class_list":{"0":"post-13594","1":"product","2":"type-product","3":"status-publish","4":"has-post-thumbnail","6":"subtema_nivel_2-historia","7":"subtema_nivel_2-religion","8":"tema_nivel_1-historia","9":"product_cat-uncategorized","10":"product_author-rubial-antonio","12":"first","13":"instock","14":"purchasable","15":"product-type-simple"},"acf":[],"_links":{"self":[{"href":"https:\/\/dev2.cantalupe.net\/sigloxxi\/wp-json\/wp\/v2\/product\/13594","targetHints":{"allow":["GET"]}}],"collection":[{"href":"https:\/\/dev2.cantalupe.net\/sigloxxi\/wp-json\/wp\/v2\/product"}],"about":[{"href":"https:\/\/dev2.cantalupe.net\/sigloxxi\/wp-json\/wp\/v2\/types\/product"}],"replies":[{"embeddable":true,"href":"https:\/\/dev2.cantalupe.net\/sigloxxi\/wp-json\/wp\/v2\/comments?post=13594"}],"version-history":[{"count":1,"href":"https:\/\/dev2.cantalupe.net\/sigloxxi\/wp-json\/wp\/v2\/product\/13594\/revisions"}],"predecessor-version":[{"id":13595,"href":"https:\/\/dev2.cantalupe.net\/sigloxxi\/wp-json\/wp\/v2\/product\/13594\/revisions\/13595"}],"wp:featuredmedia":[{"embeddable":true,"href":"https:\/\/dev2.cantalupe.net\/sigloxxi\/wp-json\/wp\/v2\/media\/1233"}],"wp:attachment":[{"href":"https:\/\/dev2.cantalupe.net\/sigloxxi\/wp-json\/wp\/v2\/media?parent=13594"}],"wp:term":[{"taxonomy":"materia_nivel_3","embeddable":true,"href":"https:\/\/dev2.cantalupe.net\/sigloxxi\/wp-json\/wp\/v2\/materia_nivel_3?post=13594"},{"taxonomy":"subtema_nivel_2","embeddable":true,"href":"https:\/\/dev2.cantalupe.net\/sigloxxi\/wp-json\/wp\/v2\/subtema_nivel_2?post=13594"},{"taxonomy":"tema_nivel_1","embeddable":true,"href":"https:\/\/dev2.cantalupe.net\/sigloxxi\/wp-json\/wp\/v2\/tema_nivel_1?post=13594"},{"taxonomy":"product_brand","embeddable":true,"href":"https:\/\/dev2.cantalupe.net\/sigloxxi\/wp-json\/wp\/v2\/product_brand?post=13594"},{"taxonomy":"product_cat","embeddable":true,"href":"https:\/\/dev2.cantalupe.net\/sigloxxi\/wp-json\/wp\/v2\/product_cat?post=13594"},{"taxonomy":"product_tag","embeddable":true,"href":"https:\/\/dev2.cantalupe.net\/sigloxxi\/wp-json\/wp\/v2\/product_tag?post=13594"},{"taxonomy":"product_author","embeddable":true,"href":"https:\/\/dev2.cantalupe.net\/sigloxxi\/wp-json\/wp\/v2\/product_author?post=13594"},{"taxonomy":"product_collection","embeddable":true,"href":"https:\/\/dev2.cantalupe.net\/sigloxxi\/wp-json\/wp\/v2\/product_collection?post=13594"}],"curies":[{"name":"wp","href":"https:\/\/api.w.org\/{rel}","templated":true}]}}