{"id":13608,"date":"2025-11-04T14:50:59","date_gmt":"2025-11-04T14:50:59","guid":{"rendered":"https:\/\/dev2.cantalupe.net\/sigloxxi\/libro\/el-sueno-de-mendeleiev\/"},"modified":"2025-11-04T14:51:00","modified_gmt":"2025-11-04T14:51:00","slug":"el-sueno-de-mendeleiev","status":"publish","type":"product","link":"https:\/\/dev2.cantalupe.net\/sigloxxi\/libro\/el-sueno-de-mendeleiev\/","title":{"rendered":"El sue\u00f1o de Mendel\u00e9iev"},"content":{"rendered":"<p>En este libro elegante, erudito y, a\u00fan as\u00ed, entretenido, Paul Strathern desenmara\u00f1a la dram\u00e1tica historia de la qu\u00edmica a trav\u00e9s de la b\u00fasqueda de los elementos. Para enmarcar esta historia recurre a la vida del cient\u00edfico ruso Dimitri Mendel\u00e9iev. \u00c9ste se qued\u00f3 dormido sentado a su mesa y despert\u00f3 habiendo concebido la Tabla Peri\u00f3dica de los elementos en sue\u00f1os, la idea matriz que constituye el fundamento de la qu\u00edmica moderna y cuya formulaci\u00f3n marc\u00f3 la mayor\u00eda de edad de \u00e9sta como ciencia.Desde la filosof\u00eda antigua, pasando por la alquimia medieval, hasta la escisi\u00f3n del \u00e1tomo, \u00e9sta es la verdadera historia del nacimiento de la qu\u00edmica y del papel que en \u00e9ste desempe\u00f1\u00f3 el sue\u00f1o de un hombre.<\/p>\n","protected":false},"excerpt":{"rendered":"<p>En este libro elegante, erudito y, a\u00fan as\u00ed, entretenido, Paul Strathern desenmara\u00f1a la dram\u00e1tica historia de la qu\u00edmica a trav\u00e9s de la b\u00fasqueda de los elementos. Para enmarcar esta historia recurre a la vida del cient\u00edfico ruso Dimitri Mendel\u00e9iev. \u00c9ste se qued\u00f3 dormido sentado a su mesa y despert\u00f3 habiendo concebido la Tabla Peri\u00f3dica de los elementos en sue\u00f1os, la idea matriz que constituye el fundamento de la qu\u00edmica moderna y cuya formulaci\u00f3n marc\u00f3 la mayor\u00eda de edad de \u00e9sta como ciencia.Desde la filosof\u00eda antigua, pasando por la alquimia medieval, hasta la escisi\u00f3n del \u00e1tomo, \u00e9sta es la verdadera historia del nacimiento de la qu\u00edmica y del papel que en \u00e9ste desempe\u00f1\u00f3 el sue\u00f1o de un hombre.<\/p>\n","protected":false},"featured_media":1247,"comment_status":"closed","ping_status":"open","template":"","meta":{"_acf_changed":false},"materia_nivel_3":[],"subtema_nivel_2":[],"tema_nivel_1":[2567],"product_brand":[],"product_cat":[15],"product_tag":[],"product_author":[2849],"product_collection":[],"class_list":{"0":"post-13608","1":"product","2":"type-product","3":"status-publish","4":"has-post-thumbnail","6":"tema_nivel_1-historia","7":"product_cat-uncategorized","8":"product_author-strathern-paul","10":"first","11":"instock","12":"purchasable","13":"product-type-simple"},"acf":[],"_links":{"self":[{"href":"https:\/\/dev2.cantalupe.net\/sigloxxi\/wp-json\/wp\/v2\/product\/13608","targetHints":{"allow":["GET"]}}],"collection":[{"href":"https:\/\/dev2.cantalupe.net\/sigloxxi\/wp-json\/wp\/v2\/product"}],"about":[{"href":"https:\/\/dev2.cantalupe.net\/sigloxxi\/wp-json\/wp\/v2\/types\/product"}],"replies":[{"embeddable":true,"href":"https:\/\/dev2.cantalupe.net\/sigloxxi\/wp-json\/wp\/v2\/comments?post=13608"}],"version-history":[{"count":1,"href":"https:\/\/dev2.cantalupe.net\/sigloxxi\/wp-json\/wp\/v2\/product\/13608\/revisions"}],"predecessor-version":[{"id":13609,"href":"https:\/\/dev2.cantalupe.net\/sigloxxi\/wp-json\/wp\/v2\/product\/13608\/revisions\/13609"}],"wp:featuredmedia":[{"embeddable":true,"href":"https:\/\/dev2.cantalupe.net\/sigloxxi\/wp-json\/wp\/v2\/media\/1247"}],"wp:attachment":[{"href":"https:\/\/dev2.cantalupe.net\/sigloxxi\/wp-json\/wp\/v2\/media?parent=13608"}],"wp:term":[{"taxonomy":"materia_nivel_3","embeddable":true,"href":"https:\/\/dev2.cantalupe.net\/sigloxxi\/wp-json\/wp\/v2\/materia_nivel_3?post=13608"},{"taxonomy":"subtema_nivel_2","embeddable":true,"href":"https:\/\/dev2.cantalupe.net\/sigloxxi\/wp-json\/wp\/v2\/subtema_nivel_2?post=13608"},{"taxonomy":"tema_nivel_1","embeddable":true,"href":"https:\/\/dev2.cantalupe.net\/sigloxxi\/wp-json\/wp\/v2\/tema_nivel_1?post=13608"},{"taxonomy":"product_brand","embeddable":true,"href":"https:\/\/dev2.cantalupe.net\/sigloxxi\/wp-json\/wp\/v2\/product_brand?post=13608"},{"taxonomy":"product_cat","embeddable":true,"href":"https:\/\/dev2.cantalupe.net\/sigloxxi\/wp-json\/wp\/v2\/product_cat?post=13608"},{"taxonomy":"product_tag","embeddable":true,"href":"https:\/\/dev2.cantalupe.net\/sigloxxi\/wp-json\/wp\/v2\/product_tag?post=13608"},{"taxonomy":"product_author","embeddable":true,"href":"https:\/\/dev2.cantalupe.net\/sigloxxi\/wp-json\/wp\/v2\/product_author?post=13608"},{"taxonomy":"product_collection","embeddable":true,"href":"https:\/\/dev2.cantalupe.net\/sigloxxi\/wp-json\/wp\/v2\/product_collection?post=13608"}],"curies":[{"name":"wp","href":"https:\/\/api.w.org\/{rel}","templated":true}]}}