{"id":13612,"date":"2025-11-04T14:50:59","date_gmt":"2025-11-04T14:50:59","guid":{"rendered":"https:\/\/dev2.cantalupe.net\/sigloxxi\/libro\/el-surgimiento-de-la-cultura-burguesa-2\/"},"modified":"2025-11-04T14:51:00","modified_gmt":"2025-11-04T14:51:00","slug":"el-surgimiento-de-la-cultura-burguesa-2","status":"publish","type":"product","link":"https:\/\/dev2.cantalupe.net\/sigloxxi\/libro\/el-surgimiento-de-la-cultura-burguesa-2\/","title":{"rendered":"El surgimiento de la cultura burguesa"},"content":{"rendered":"<p>Este original y agudo libro estudia la evoluci\u00f3n de los estilos de vida de la burgues\u00eda espa\u00f1ola a lo largo del siglo XIX. Para analizar la cultura burguesa el autor, el historiador Jes\u00fas Cruz, adopta un novedoso enfoque interdisciplinar que se nutre de los m\u00e9todos y perspectivas de una gran variedad de disciplinas, incluyendo la historia social, la cultura material, los estudios sobre el consumo y la historia urbana. Recogiendo las m\u00faltiples aportaciones historiogr\u00e1ficas que han aparecido en los \u00faltimos a\u00f1os relativas al estudio de los elementos que configuraron los estilos de vida de la burgues\u00eda decimon\u00f3nica como el ocio y la sociabilidad, el presente trabajo ofrece una visi\u00f3n integral para el caso espa\u00f1ol de lo que, en ciencias sociales, se conoce como \u00abcultura burguesa\u00bb. El autor examina la contribuci\u00f3n de dicha cultura no solo a la modernidad espa\u00f1ola, sino a la historia de la modernidad occidental en general. El surgimiento de la cultura burguesa proporciona una valiosa informaci\u00f3n para el lector interesado en la historia cultural de Espa\u00f1a y Europa en \u00e1reas de conocimiento tan diversas como el an\u00e1lisis literario, la sociolog\u00eda hist\u00f3rica, la historia del arte y la ciencia pol\u00edtica.<\/p>\n","protected":false},"excerpt":{"rendered":"<p>Este original y agudo libro estudia la evoluci\u00f3n de los estilos de vida de la burgues\u00eda espa\u00f1ola a lo largo del siglo XIX. Para analizar la cultura burguesa el autor, el historiador Jes\u00fas Cruz, adopta un novedoso enfoque interdisciplinar que se nutre de los m\u00e9todos y perspectivas de una gran variedad de disciplinas, incluyendo la historia social, la cultura material, los estudios sobre el consumo y la historia urbana. Recogiendo las m\u00faltiples aportaciones historiogr\u00e1ficas que han aparecido en los \u00faltimos a\u00f1os relativas al estudio de los elementos que configuraron los estilos de vida de la burgues\u00eda decimon\u00f3nica como el ocio y la sociabilidad, el presente trabajo ofrece una visi\u00f3n integral para el caso espa\u00f1ol de lo que, en ciencias sociales, se conoce como \u00abcultura burguesa\u00bb. El autor examina la contribuci\u00f3n de dicha cultura no solo a la modernidad espa\u00f1ola, sino a la historia de la modernidad occidental en general. El surgimiento de la cultura burguesa proporciona una valiosa informaci\u00f3n para el lector interesado en la historia cultural de Espa\u00f1a y Europa en \u00e1reas de conocimiento tan diversas como el an\u00e1lisis literario, la sociolog\u00eda hist\u00f3rica, la historia del arte y la ciencia pol\u00edtica.<\/p>\n","protected":false},"featured_media":1249,"comment_status":"closed","ping_status":"open","template":"","meta":{"_acf_changed":false},"materia_nivel_3":[2565,2559],"subtema_nivel_2":[2561,2583],"tema_nivel_1":[2567],"product_brand":[],"product_cat":[15],"product_tag":[],"product_author":[3711],"product_collection":[],"class_list":{"0":"post-13612","1":"product","2":"type-product","3":"status-publish","4":"has-post-thumbnail","6":"materia_nivel_3-contemporanea","7":"materia_nivel_3-espana","8":"subtema_nivel_2-historia","9":"subtema_nivel_2-sociologia","10":"tema_nivel_1-historia","11":"product_cat-uncategorized","12":"product_author-cruz-valenciano-jesus","14":"first","15":"instock","16":"purchasable","17":"product-type-simple"},"acf":[],"_links":{"self":[{"href":"https:\/\/dev2.cantalupe.net\/sigloxxi\/wp-json\/wp\/v2\/product\/13612","targetHints":{"allow":["GET"]}}],"collection":[{"href":"https:\/\/dev2.cantalupe.net\/sigloxxi\/wp-json\/wp\/v2\/product"}],"about":[{"href":"https:\/\/dev2.cantalupe.net\/sigloxxi\/wp-json\/wp\/v2\/types\/product"}],"replies":[{"embeddable":true,"href":"https:\/\/dev2.cantalupe.net\/sigloxxi\/wp-json\/wp\/v2\/comments?post=13612"}],"version-history":[{"count":1,"href":"https:\/\/dev2.cantalupe.net\/sigloxxi\/wp-json\/wp\/v2\/product\/13612\/revisions"}],"predecessor-version":[{"id":13613,"href":"https:\/\/dev2.cantalupe.net\/sigloxxi\/wp-json\/wp\/v2\/product\/13612\/revisions\/13613"}],"wp:featuredmedia":[{"embeddable":true,"href":"https:\/\/dev2.cantalupe.net\/sigloxxi\/wp-json\/wp\/v2\/media\/1249"}],"wp:attachment":[{"href":"https:\/\/dev2.cantalupe.net\/sigloxxi\/wp-json\/wp\/v2\/media?parent=13612"}],"wp:term":[{"taxonomy":"materia_nivel_3","embeddable":true,"href":"https:\/\/dev2.cantalupe.net\/sigloxxi\/wp-json\/wp\/v2\/materia_nivel_3?post=13612"},{"taxonomy":"subtema_nivel_2","embeddable":true,"href":"https:\/\/dev2.cantalupe.net\/sigloxxi\/wp-json\/wp\/v2\/subtema_nivel_2?post=13612"},{"taxonomy":"tema_nivel_1","embeddable":true,"href":"https:\/\/dev2.cantalupe.net\/sigloxxi\/wp-json\/wp\/v2\/tema_nivel_1?post=13612"},{"taxonomy":"product_brand","embeddable":true,"href":"https:\/\/dev2.cantalupe.net\/sigloxxi\/wp-json\/wp\/v2\/product_brand?post=13612"},{"taxonomy":"product_cat","embeddable":true,"href":"https:\/\/dev2.cantalupe.net\/sigloxxi\/wp-json\/wp\/v2\/product_cat?post=13612"},{"taxonomy":"product_tag","embeddable":true,"href":"https:\/\/dev2.cantalupe.net\/sigloxxi\/wp-json\/wp\/v2\/product_tag?post=13612"},{"taxonomy":"product_author","embeddable":true,"href":"https:\/\/dev2.cantalupe.net\/sigloxxi\/wp-json\/wp\/v2\/product_author?post=13612"},{"taxonomy":"product_collection","embeddable":true,"href":"https:\/\/dev2.cantalupe.net\/sigloxxi\/wp-json\/wp\/v2\/product_collection?post=13612"}],"curies":[{"name":"wp","href":"https:\/\/api.w.org\/{rel}","templated":true}]}}