{"id":13634,"date":"2025-11-04T14:50:59","date_gmt":"2025-11-04T14:50:59","guid":{"rendered":"https:\/\/dev2.cantalupe.net\/sigloxxi\/libro\/el-tribunal-del-jurado-desde-la-psicologia-social\/"},"modified":"2025-11-04T14:51:01","modified_gmt":"2025-11-04T14:51:01","slug":"el-tribunal-del-jurado-desde-la-psicologia-social","status":"publish","type":"product","link":"https:\/\/dev2.cantalupe.net\/sigloxxi\/libro\/el-tribunal-del-jurado-desde-la-psicologia-social\/","title":{"rendered":"El tribunal del jurado desde la psicolog\u00eda social"},"content":{"rendered":"<p>Teniendo en cuenta las investigaciones psicol\u00f3gicas sobre actitudes, formaci\u00f3n de impresiones, comunicaci\u00f3n persuasiva y procesos de decisi\u00f3n en grupo, la autora realiza un recorrido a trav\u00e9s de los distintos cap\u00edtulos de la Ley Org\u00e1nica del Tribunal del Jurado. Tras una introducci\u00f3n hist\u00f3rica sobre el origen y desarrollo de esta Instituci\u00f3n, se analizan las particularidades que presenta la regulaci\u00f3n de esta figura en las salas de justicia espa\u00f1olas, relacionando los art\u00edculos de la Ley con la investigaci\u00f3n psicosocial sobre el Jurado. Esto hace que este libro sea de inter\u00e9s tanto para los psic\u00f3logos como para los profesionales del Derecho.<\/p>\n","protected":false},"excerpt":{"rendered":"<p>Teniendo en cuenta las investigaciones psicol\u00f3gicas sobre actitudes, formaci\u00f3n de impresiones, comunicaci\u00f3n persuasiva y procesos de decisi\u00f3n en grupo, la autora realiza un recorrido a trav\u00e9s de los distintos cap\u00edtulos de la Ley Org\u00e1nica del Tribunal del Jurado. Tras una introducci\u00f3n hist\u00f3rica sobre el origen y desarrollo de esta Instituci\u00f3n, se analizan las particularidades que presenta la regulaci\u00f3n de esta figura en las salas de justicia espa\u00f1olas, relacionando los art\u00edculos de la Ley con la investigaci\u00f3n psicosocial sobre el Jurado. Esto hace que este libro sea de inter\u00e9s tanto para los psic\u00f3logos como para los profesionales del Derecho.<\/p>\n","protected":false},"featured_media":1271,"comment_status":"closed","ping_status":"open","template":"","meta":{"_acf_changed":false},"materia_nivel_3":[],"subtema_nivel_2":[2578],"tema_nivel_1":[2570],"product_brand":[],"product_cat":[15],"product_tag":[],"product_author":[3722],"product_collection":[],"class_list":{"0":"post-13634","1":"product","2":"type-product","3":"status-publish","4":"has-post-thumbnail","6":"subtema_nivel_2-psicologia","7":"tema_nivel_1-ciencias-sociales","8":"product_cat-uncategorized","9":"product_author-paul-velasco-pilar-de","11":"first","12":"instock","13":"purchasable","14":"product-type-simple"},"acf":[],"_links":{"self":[{"href":"https:\/\/dev2.cantalupe.net\/sigloxxi\/wp-json\/wp\/v2\/product\/13634","targetHints":{"allow":["GET"]}}],"collection":[{"href":"https:\/\/dev2.cantalupe.net\/sigloxxi\/wp-json\/wp\/v2\/product"}],"about":[{"href":"https:\/\/dev2.cantalupe.net\/sigloxxi\/wp-json\/wp\/v2\/types\/product"}],"replies":[{"embeddable":true,"href":"https:\/\/dev2.cantalupe.net\/sigloxxi\/wp-json\/wp\/v2\/comments?post=13634"}],"version-history":[{"count":1,"href":"https:\/\/dev2.cantalupe.net\/sigloxxi\/wp-json\/wp\/v2\/product\/13634\/revisions"}],"predecessor-version":[{"id":13635,"href":"https:\/\/dev2.cantalupe.net\/sigloxxi\/wp-json\/wp\/v2\/product\/13634\/revisions\/13635"}],"wp:featuredmedia":[{"embeddable":true,"href":"https:\/\/dev2.cantalupe.net\/sigloxxi\/wp-json\/wp\/v2\/media\/1271"}],"wp:attachment":[{"href":"https:\/\/dev2.cantalupe.net\/sigloxxi\/wp-json\/wp\/v2\/media?parent=13634"}],"wp:term":[{"taxonomy":"materia_nivel_3","embeddable":true,"href":"https:\/\/dev2.cantalupe.net\/sigloxxi\/wp-json\/wp\/v2\/materia_nivel_3?post=13634"},{"taxonomy":"subtema_nivel_2","embeddable":true,"href":"https:\/\/dev2.cantalupe.net\/sigloxxi\/wp-json\/wp\/v2\/subtema_nivel_2?post=13634"},{"taxonomy":"tema_nivel_1","embeddable":true,"href":"https:\/\/dev2.cantalupe.net\/sigloxxi\/wp-json\/wp\/v2\/tema_nivel_1?post=13634"},{"taxonomy":"product_brand","embeddable":true,"href":"https:\/\/dev2.cantalupe.net\/sigloxxi\/wp-json\/wp\/v2\/product_brand?post=13634"},{"taxonomy":"product_cat","embeddable":true,"href":"https:\/\/dev2.cantalupe.net\/sigloxxi\/wp-json\/wp\/v2\/product_cat?post=13634"},{"taxonomy":"product_tag","embeddable":true,"href":"https:\/\/dev2.cantalupe.net\/sigloxxi\/wp-json\/wp\/v2\/product_tag?post=13634"},{"taxonomy":"product_author","embeddable":true,"href":"https:\/\/dev2.cantalupe.net\/sigloxxi\/wp-json\/wp\/v2\/product_author?post=13634"},{"taxonomy":"product_collection","embeddable":true,"href":"https:\/\/dev2.cantalupe.net\/sigloxxi\/wp-json\/wp\/v2\/product_collection?post=13634"}],"curies":[{"name":"wp","href":"https:\/\/api.w.org\/{rel}","templated":true}]}}