{"id":13650,"date":"2025-11-04T14:51:03","date_gmt":"2025-11-04T14:51:03","guid":{"rendered":"https:\/\/dev2.cantalupe.net\/sigloxxi\/libro\/el-vuelo-de-icaro\/"},"modified":"2025-11-04T14:51:03","modified_gmt":"2025-11-04T14:51:03","slug":"el-vuelo-de-icaro","status":"publish","type":"product","link":"https:\/\/dev2.cantalupe.net\/sigloxxi\/libro\/el-vuelo-de-icaro\/","title":{"rendered":"El vuelo de \u00cdcaro"},"content":{"rendered":"<p>Cubierta posterior: El 26 de marzo de 1626, el joven zurrador de pieles barcelon\u00e9s Miquel Parets escribi\u00f3 su primera anotaci\u00f3n de lo que llegar\u00eda a ser, con el tiempo, una mezcla de cr\u00f3nica urbana y diario personal. Con este gesto el artesano se convirti\u00f3 en autor y, lo que es m\u00e1s, autor de su propia vida. Pero Parets era s\u00f3lo uno entre centenares, tal vez miles de artesanos, campesinos y trabajadores que en los primeros siglos de la modernidad escribieron memorias, cr\u00f3nicas, libros de familia, diarios y autobiograf\u00edas espirituales y profanas. Este libro reconstruye los motivos y las esperanzas que impulsaron los escritos personales de artesanos como Parets. Es una primera exploraci\u00f3n de una tem\u00e1tica prometedora pero compleja en el terreno de la historia social y cultural. En el dif\u00edcil reto de la autobiograf\u00eda popular destac\u00f3 como s\u00edmbolo la figura singularmente enigm\u00e1tica de \u00cdcaro. El hijo de D\u00e9dalo que muri\u00f3 por volar demasiado cerca del sol representaba para la cultura moderna las dos caras del orgullo y la ambici\u00f3n: el pecado de la arrogancia y la desobediencia hacia la autoridad, y el cada vez m\u00e1s admirado atrevimiento a subir a ?cosas altas?, desafiando las jerarqu\u00edas y prohibiciones de una sociedad iIiusta. \u00c9sta es una historia de la escritura de los hombres y las mujeres ?desde abajo?, y de la autobiograf\u00eda antes de consagrarse como la escritura privilegiada del individuo moderno aislado de la sociedad.<\/p>\n","protected":false},"excerpt":{"rendered":"<p>Cubierta posterior: El 26 de marzo de 1626, el joven zurrador de pieles barcelon\u00e9s Miquel Parets escribi\u00f3 su primera anotaci\u00f3n de lo que llegar\u00eda a ser, con el tiempo, una mezcla de cr\u00f3nica urbana y diario personal. Con este gesto el artesano se convirti\u00f3 en autor y, lo que es m\u00e1s, autor de su propia vida. Pero Parets era s\u00f3lo uno entre centenares, tal vez miles de artesanos, campesinos y trabajadores que en los primeros siglos de la modernidad escribieron memorias, cr\u00f3nicas, libros de familia, diarios y autobiograf\u00edas espirituales y profanas. Este libro reconstruye los motivos y las esperanzas que impulsaron los escritos personales de artesanos como Parets. Es una primera exploraci\u00f3n de una tem\u00e1tica prometedora pero compleja en el terreno de la historia social y cultural. En el dif\u00edcil reto de la autobiograf\u00eda popular destac\u00f3 como s\u00edmbolo la figura singularmente enigm\u00e1tica de \u00cdcaro. El hijo de D\u00e9dalo que muri\u00f3 por volar demasiado cerca del sol representaba para la cultura moderna las dos caras del orgullo y la ambici\u00f3n: el pecado de la arrogancia y la desobediencia hacia la autoridad, y el cada vez m\u00e1s admirado atrevimiento a subir a ?cosas altas?, desafiando las jerarqu\u00edas y prohibiciones de una sociedad iIiusta. \u00c9sta es una historia de la escritura de los hombres y las mujeres ?desde abajo?, y de la autobiograf\u00eda antes de consagrarse como la escritura privilegiada del individuo moderno aislado de la sociedad.<\/p>\n","protected":false},"featured_media":1287,"comment_status":"closed","ping_status":"open","template":"","meta":{"_acf_changed":false},"materia_nivel_3":[2566,2558],"subtema_nivel_2":[],"tema_nivel_1":[2567],"product_brand":[],"product_cat":[15],"product_tag":[],"product_author":[3728],"product_collection":[],"class_list":{"0":"post-13650","1":"product","2":"type-product","3":"status-publish","4":"has-post-thumbnail","6":"materia_nivel_3-europa","7":"materia_nivel_3-moderna","8":"tema_nivel_1-historia","9":"product_cat-uncategorized","10":"product_author-amelang-james-s","12":"first","13":"instock","14":"purchasable","15":"product-type-simple"},"acf":[],"_links":{"self":[{"href":"https:\/\/dev2.cantalupe.net\/sigloxxi\/wp-json\/wp\/v2\/product\/13650","targetHints":{"allow":["GET"]}}],"collection":[{"href":"https:\/\/dev2.cantalupe.net\/sigloxxi\/wp-json\/wp\/v2\/product"}],"about":[{"href":"https:\/\/dev2.cantalupe.net\/sigloxxi\/wp-json\/wp\/v2\/types\/product"}],"replies":[{"embeddable":true,"href":"https:\/\/dev2.cantalupe.net\/sigloxxi\/wp-json\/wp\/v2\/comments?post=13650"}],"version-history":[{"count":1,"href":"https:\/\/dev2.cantalupe.net\/sigloxxi\/wp-json\/wp\/v2\/product\/13650\/revisions"}],"predecessor-version":[{"id":13651,"href":"https:\/\/dev2.cantalupe.net\/sigloxxi\/wp-json\/wp\/v2\/product\/13650\/revisions\/13651"}],"wp:featuredmedia":[{"embeddable":true,"href":"https:\/\/dev2.cantalupe.net\/sigloxxi\/wp-json\/wp\/v2\/media\/1287"}],"wp:attachment":[{"href":"https:\/\/dev2.cantalupe.net\/sigloxxi\/wp-json\/wp\/v2\/media?parent=13650"}],"wp:term":[{"taxonomy":"materia_nivel_3","embeddable":true,"href":"https:\/\/dev2.cantalupe.net\/sigloxxi\/wp-json\/wp\/v2\/materia_nivel_3?post=13650"},{"taxonomy":"subtema_nivel_2","embeddable":true,"href":"https:\/\/dev2.cantalupe.net\/sigloxxi\/wp-json\/wp\/v2\/subtema_nivel_2?post=13650"},{"taxonomy":"tema_nivel_1","embeddable":true,"href":"https:\/\/dev2.cantalupe.net\/sigloxxi\/wp-json\/wp\/v2\/tema_nivel_1?post=13650"},{"taxonomy":"product_brand","embeddable":true,"href":"https:\/\/dev2.cantalupe.net\/sigloxxi\/wp-json\/wp\/v2\/product_brand?post=13650"},{"taxonomy":"product_cat","embeddable":true,"href":"https:\/\/dev2.cantalupe.net\/sigloxxi\/wp-json\/wp\/v2\/product_cat?post=13650"},{"taxonomy":"product_tag","embeddable":true,"href":"https:\/\/dev2.cantalupe.net\/sigloxxi\/wp-json\/wp\/v2\/product_tag?post=13650"},{"taxonomy":"product_author","embeddable":true,"href":"https:\/\/dev2.cantalupe.net\/sigloxxi\/wp-json\/wp\/v2\/product_author?post=13650"},{"taxonomy":"product_collection","embeddable":true,"href":"https:\/\/dev2.cantalupe.net\/sigloxxi\/wp-json\/wp\/v2\/product_collection?post=13650"}],"curies":[{"name":"wp","href":"https:\/\/api.w.org\/{rel}","templated":true}]}}