{"id":13654,"date":"2025-11-04T14:51:03","date_gmt":"2025-11-04T14:51:03","guid":{"rendered":"https:\/\/dev2.cantalupe.net\/sigloxxi\/libro\/empuje-y-audacia\/"},"modified":"2025-11-04T14:51:04","modified_gmt":"2025-11-04T14:51:04","slug":"empuje-y-audacia","status":"publish","type":"product","link":"https:\/\/dev2.cantalupe.net\/sigloxxi\/libro\/empuje-y-audacia\/","title":{"rendered":"Empuje y audacia"},"content":{"rendered":"<p>La migraci\u00f3n de adolescentes y j\u00f3venes no acompa\u00f1ados\/das en<br \/>\nEuropa empieza a ser detectada a mediados de la d\u00e9cada de los noventa. El<br \/>\nn\u00famero de llegadas anuales ha experimentado un crecimiento constante,<br \/>\nconvirti\u00e9ndose en un fen\u00f3meno estructural que demanda ajustes y respuestas en<br \/>\nlos sistemas de protecci\u00f3n regionales y estatales para proteger el inter\u00e9s<br \/>\nsuperior del menor, como interpela la CDN de 1989. No obstante, esta realidad<br \/>\npone en evidencia algunas contradicciones de la Europa defensora de los derechos<br \/>\nhumanos, concretamente, la protecci\u00f3n y el bienestar de estos adolescentes<br \/>\nporque, en la pr\u00e1ctica, la condici\u00f3n de extranjero prevalece sobre la de menor.En este libro aparecen reflexiones te\u00f3ricas acerca de la migraci\u00f3n<br \/>\nde menores, las construcciones sociales, los derechos humanos, la perspectiva<br \/>\nde g\u00e9nero, el sistema de protecci\u00f3n, la intervenci\u00f3n social, la legislaci\u00f3n de<br \/>\nextranjer\u00eda y el papel que tiene el conocimiento cient\u00edfico frente a esta<br \/>\nrealidad. Por otra parte, se pone en evidencia los contantes tr\u00e1nsitos de estos<br \/>\nadolescentes y j\u00f3venes entre las diferentes comunidades aut\u00f3nomas y entre<br \/>\nEspa\u00f1a y Francia, movilidades que no les ayudan a arraigarse a un territorio<br \/>\nque les proporcione la calidad de vida que toda persona merece. La<br \/>\nmigraci\u00f3n de adolescentes y j\u00f3venes no acompa\u00f1ados\/das necesita una sociedad<br \/>\nmadura que acompa\u00f1e a esa infancia que un d\u00eda decidi\u00f3 emprender un viaje para<br \/>\nmejorar sus vidas y la de sus familias, devolvi\u00e9ndoles la ilusi\u00f3n, el empuje,<br \/>\nla audacia de que aquel proyecto migratorio de vida \u00abposible\u00bb (\u00abMomkin\u00bb) vali\u00f3<br \/>\nla pena.<\/p>\n","protected":false},"excerpt":{"rendered":"<p>La migraci\u00f3n de adolescentes y j\u00f3venes no acompa\u00f1ados\/das en<br \/>\nEuropa empieza a ser detectada a mediados de la d\u00e9cada de los noventa. El<br \/>\nn\u00famero de llegadas anuales ha experimentado un crecimiento constante,<br \/>\nconvirti\u00e9ndose en un fen\u00f3meno estructural que demanda ajustes y respuestas en<br \/>\nlos sistemas de protecci\u00f3n regionales y estatales para proteger el inter\u00e9s<br \/>\nsuperior del menor, como interpela la CDN de 1989. No obstante, esta realidad<br \/>\npone en evidencia algunas contradicciones de la Europa defensora de los derechos<br \/>\nhumanos, concretamente, la protecci\u00f3n y el bienestar de estos adolescentes<br \/>\nporque, en la pr\u00e1ctica, la condici\u00f3n de extranjero prevalece sobre la de menor.En este libro aparecen reflexiones te\u00f3ricas acerca de la migraci\u00f3n<br \/>\nde menores, las construcciones sociales, los derechos humanos, la perspectiva<br \/>\nde g\u00e9nero, el sistema de protecci\u00f3n, la intervenci\u00f3n social, la legislaci\u00f3n de<br \/>\nextranjer\u00eda y el papel que tiene el conocimiento cient\u00edfico frente a esta<br \/>\nrealidad. Por otra parte, se pone en evidencia los contantes tr\u00e1nsitos de estos<br \/>\nadolescentes y j\u00f3venes entre las diferentes comunidades aut\u00f3nomas y entre<br \/>\nEspa\u00f1a y Francia, movilidades que no les ayudan a arraigarse a un territorio<br \/>\nque les proporcione la calidad de vida que toda persona merece. La<br \/>\nmigraci\u00f3n de adolescentes y j\u00f3venes no acompa\u00f1ados\/das necesita una sociedad<br \/>\nmadura que acompa\u00f1e a esa infancia que un d\u00eda decidi\u00f3 emprender un viaje para<br \/>\nmejorar sus vidas y la de sus familias, devolvi\u00e9ndoles la ilusi\u00f3n, el empuje,<br \/>\nla audacia de que aquel proyecto migratorio de vida \u00abposible\u00bb (\u00abMomkin\u00bb) vali\u00f3<br \/>\nla pena.<\/p>\n","protected":false},"featured_media":1291,"comment_status":"closed","ping_status":"open","template":"","meta":{"_acf_changed":false},"materia_nivel_3":[2582],"subtema_nivel_2":[3570],"tema_nivel_1":[2563],"product_brand":[],"product_cat":[15],"product_tag":[],"product_author":[],"product_collection":[],"class_list":{"0":"post-13654","1":"product","2":"type-product","3":"status-publish","4":"has-post-thumbnail","6":"materia_nivel_3-trabajo-social","7":"subtema_nivel_2-infancia-y-adolescencia","8":"tema_nivel_1-siglo-xxi-de-espana-general","9":"product_cat-uncategorized","11":"first","12":"instock","13":"purchasable","14":"product-type-simple"},"acf":[],"_links":{"self":[{"href":"https:\/\/dev2.cantalupe.net\/sigloxxi\/wp-json\/wp\/v2\/product\/13654","targetHints":{"allow":["GET"]}}],"collection":[{"href":"https:\/\/dev2.cantalupe.net\/sigloxxi\/wp-json\/wp\/v2\/product"}],"about":[{"href":"https:\/\/dev2.cantalupe.net\/sigloxxi\/wp-json\/wp\/v2\/types\/product"}],"replies":[{"embeddable":true,"href":"https:\/\/dev2.cantalupe.net\/sigloxxi\/wp-json\/wp\/v2\/comments?post=13654"}],"version-history":[{"count":1,"href":"https:\/\/dev2.cantalupe.net\/sigloxxi\/wp-json\/wp\/v2\/product\/13654\/revisions"}],"predecessor-version":[{"id":13655,"href":"https:\/\/dev2.cantalupe.net\/sigloxxi\/wp-json\/wp\/v2\/product\/13654\/revisions\/13655"}],"wp:featuredmedia":[{"embeddable":true,"href":"https:\/\/dev2.cantalupe.net\/sigloxxi\/wp-json\/wp\/v2\/media\/1291"}],"wp:attachment":[{"href":"https:\/\/dev2.cantalupe.net\/sigloxxi\/wp-json\/wp\/v2\/media?parent=13654"}],"wp:term":[{"taxonomy":"materia_nivel_3","embeddable":true,"href":"https:\/\/dev2.cantalupe.net\/sigloxxi\/wp-json\/wp\/v2\/materia_nivel_3?post=13654"},{"taxonomy":"subtema_nivel_2","embeddable":true,"href":"https:\/\/dev2.cantalupe.net\/sigloxxi\/wp-json\/wp\/v2\/subtema_nivel_2?post=13654"},{"taxonomy":"tema_nivel_1","embeddable":true,"href":"https:\/\/dev2.cantalupe.net\/sigloxxi\/wp-json\/wp\/v2\/tema_nivel_1?post=13654"},{"taxonomy":"product_brand","embeddable":true,"href":"https:\/\/dev2.cantalupe.net\/sigloxxi\/wp-json\/wp\/v2\/product_brand?post=13654"},{"taxonomy":"product_cat","embeddable":true,"href":"https:\/\/dev2.cantalupe.net\/sigloxxi\/wp-json\/wp\/v2\/product_cat?post=13654"},{"taxonomy":"product_tag","embeddable":true,"href":"https:\/\/dev2.cantalupe.net\/sigloxxi\/wp-json\/wp\/v2\/product_tag?post=13654"},{"taxonomy":"product_author","embeddable":true,"href":"https:\/\/dev2.cantalupe.net\/sigloxxi\/wp-json\/wp\/v2\/product_author?post=13654"},{"taxonomy":"product_collection","embeddable":true,"href":"https:\/\/dev2.cantalupe.net\/sigloxxi\/wp-json\/wp\/v2\/product_collection?post=13654"}],"curies":[{"name":"wp","href":"https:\/\/api.w.org\/{rel}","templated":true}]}}