{"id":13686,"date":"2025-11-04T14:51:06","date_gmt":"2025-11-04T14:51:06","guid":{"rendered":"https:\/\/dev2.cantalupe.net\/sigloxxi\/libro\/en-defensa-de-la-razon\/"},"modified":"2025-11-04T14:51:06","modified_gmt":"2025-11-04T14:51:06","slug":"en-defensa-de-la-razon","status":"publish","type":"product","link":"https:\/\/dev2.cantalupe.net\/sigloxxi\/libro\/en-defensa-de-la-razon\/","title":{"rendered":"En defensa de la raz\u00f3n"},"content":{"rendered":"<p>Vivimos<br \/>\ntiempos de incertidumbre, en los que la eclosi\u00f3n de las corrientes posmodernas<br \/>\nque cuestionan la racionalidad y toda una tradici\u00f3n que nos antecede parecen<br \/>\ndisolver la conciencia hist\u00f3rica conduci\u00e9ndonos irremediablemente a una crisis<br \/>\nde lo pol\u00edtico. Ello supone caer en un relativismo extremo y en el escepticismo<br \/>\nque llevan a los intelectuales a desconfiar de la mejor herencia ilustrada y de<br \/>\nlos frutos de la raz\u00f3n, a impugnar el car\u00e1cter cient\u00edfico de las Ciencias<br \/>\nSociales y las Humanidades, a convertir la Historia en mero relato literario,<br \/>\nincapaz de producir conocimiento veraz y objetivo.<br \/>\n\tFrancisco<br \/>\nErice analiza en estas p\u00e1ginas tales excesos.<br \/>\n\tEn defensa de<br \/>\nla raz\u00f3n<br \/>\n\t desvela qu\u00e9 late bajo estas corrientes posmodernas y qu\u00e9<br \/>\nconsecuencias pol\u00edticas, sociales e intelectuales conlleva pensar desde ellas,<br \/>\nrastrea c\u00f3mo han subyugado la producci\u00f3n hist\u00f3rica y nos invita a proseguir el<br \/>\nproyecto emancipador de una genuina raz\u00f3n capaz de combatir la incertidumbre.<\/p>\n","protected":false},"excerpt":{"rendered":"<p>Vivimos<br \/>\ntiempos de incertidumbre, en los que la eclosi\u00f3n de las corrientes posmodernas<br \/>\nque cuestionan la racionalidad y toda una tradici\u00f3n que nos antecede parecen<br \/>\ndisolver la conciencia hist\u00f3rica conduci\u00e9ndonos irremediablemente a una crisis<br \/>\nde lo pol\u00edtico. Ello supone caer en un relativismo extremo y en el escepticismo<br \/>\nque llevan a los intelectuales a desconfiar de la mejor herencia ilustrada y de<br \/>\nlos frutos de la raz\u00f3n, a impugnar el car\u00e1cter cient\u00edfico de las Ciencias<br \/>\nSociales y las Humanidades, a convertir la Historia en mero relato literario,<br \/>\nincapaz de producir conocimiento veraz y objetivo.<br \/>\n\tFrancisco<br \/>\nErice analiza en estas p\u00e1ginas tales excesos.<br \/>\n\tEn defensa de<br \/>\nla raz\u00f3n<br \/>\n\t desvela qu\u00e9 late bajo estas corrientes posmodernas y qu\u00e9<br \/>\nconsecuencias pol\u00edticas, sociales e intelectuales conlleva pensar desde ellas,<br \/>\nrastrea c\u00f3mo han subyugado la producci\u00f3n hist\u00f3rica y nos invita a proseguir el<br \/>\nproyecto emancipador de una genuina raz\u00f3n capaz de combatir la incertidumbre.<\/p>\n","protected":false},"featured_media":1321,"comment_status":"closed","ping_status":"open","template":"","meta":{"_acf_changed":false},"materia_nivel_3":[2565,2775],"subtema_nivel_2":[2561],"tema_nivel_1":[2567],"product_brand":[],"product_cat":[15],"product_tag":[],"product_author":[3734],"product_collection":[],"class_list":{"0":"post-13686","1":"product","2":"type-product","3":"status-publish","4":"has-post-thumbnail","6":"materia_nivel_3-contemporanea","7":"materia_nivel_3-historiografia-metodologia-y-teoria-de-la-historia","8":"subtema_nivel_2-historia","9":"tema_nivel_1-historia","10":"product_cat-uncategorized","11":"product_author-erice-francisco","13":"first","14":"instock","15":"purchasable","16":"product-type-simple"},"acf":[],"_links":{"self":[{"href":"https:\/\/dev2.cantalupe.net\/sigloxxi\/wp-json\/wp\/v2\/product\/13686","targetHints":{"allow":["GET"]}}],"collection":[{"href":"https:\/\/dev2.cantalupe.net\/sigloxxi\/wp-json\/wp\/v2\/product"}],"about":[{"href":"https:\/\/dev2.cantalupe.net\/sigloxxi\/wp-json\/wp\/v2\/types\/product"}],"replies":[{"embeddable":true,"href":"https:\/\/dev2.cantalupe.net\/sigloxxi\/wp-json\/wp\/v2\/comments?post=13686"}],"version-history":[{"count":1,"href":"https:\/\/dev2.cantalupe.net\/sigloxxi\/wp-json\/wp\/v2\/product\/13686\/revisions"}],"predecessor-version":[{"id":13687,"href":"https:\/\/dev2.cantalupe.net\/sigloxxi\/wp-json\/wp\/v2\/product\/13686\/revisions\/13687"}],"wp:featuredmedia":[{"embeddable":true,"href":"https:\/\/dev2.cantalupe.net\/sigloxxi\/wp-json\/wp\/v2\/media\/1321"}],"wp:attachment":[{"href":"https:\/\/dev2.cantalupe.net\/sigloxxi\/wp-json\/wp\/v2\/media?parent=13686"}],"wp:term":[{"taxonomy":"materia_nivel_3","embeddable":true,"href":"https:\/\/dev2.cantalupe.net\/sigloxxi\/wp-json\/wp\/v2\/materia_nivel_3?post=13686"},{"taxonomy":"subtema_nivel_2","embeddable":true,"href":"https:\/\/dev2.cantalupe.net\/sigloxxi\/wp-json\/wp\/v2\/subtema_nivel_2?post=13686"},{"taxonomy":"tema_nivel_1","embeddable":true,"href":"https:\/\/dev2.cantalupe.net\/sigloxxi\/wp-json\/wp\/v2\/tema_nivel_1?post=13686"},{"taxonomy":"product_brand","embeddable":true,"href":"https:\/\/dev2.cantalupe.net\/sigloxxi\/wp-json\/wp\/v2\/product_brand?post=13686"},{"taxonomy":"product_cat","embeddable":true,"href":"https:\/\/dev2.cantalupe.net\/sigloxxi\/wp-json\/wp\/v2\/product_cat?post=13686"},{"taxonomy":"product_tag","embeddable":true,"href":"https:\/\/dev2.cantalupe.net\/sigloxxi\/wp-json\/wp\/v2\/product_tag?post=13686"},{"taxonomy":"product_author","embeddable":true,"href":"https:\/\/dev2.cantalupe.net\/sigloxxi\/wp-json\/wp\/v2\/product_author?post=13686"},{"taxonomy":"product_collection","embeddable":true,"href":"https:\/\/dev2.cantalupe.net\/sigloxxi\/wp-json\/wp\/v2\/product_collection?post=13686"}],"curies":[{"name":"wp","href":"https:\/\/api.w.org\/{rel}","templated":true}]}}