{"id":13700,"date":"2025-11-04T14:51:06","date_gmt":"2025-11-04T14:51:06","guid":{"rendered":"https:\/\/dev2.cantalupe.net\/sigloxxi\/libro\/en-los-origenes-de-la-revolucion-permanente\/"},"modified":"2025-11-04T14:51:07","modified_gmt":"2025-11-04T14:51:07","slug":"en-los-origenes-de-la-revolucion-permanente","status":"publish","type":"product","link":"https:\/\/dev2.cantalupe.net\/sigloxxi\/libro\/en-los-origenes-de-la-revolucion-permanente\/","title":{"rendered":"En los or\u00edgenes de la revoluci\u00f3n permanente"},"content":{"rendered":"<p>En los or\u00edgenes de la revoluci\u00f3n permanente no es una biograf\u00eda erudita del joven Trotski, sino la evocaci\u00f3n comprometida de un itinerario pol\u00edtico, te\u00f3rico y militante. A lo largo de la obra, el autor se esfuerza, pues, por seguir las sinuosidades de ese itinerario complejo, frecuentemente contradictorio: del antimarxismo al marxismo \u00abiskrista\u00bb del muy joven Bronstein, del antibolchevismo virulento de 1904 al bolchevismo cr\u00edtico de 1917.\u00a0<br \/>\nEn esta primera fase de la vida pol\u00edtica de Trotski, el \u00abtrotskismo\u00bb anda con una extremidad coja: es la \u00e9poca del primer desarrollo de la teor\u00eda de la revoluci\u00f3n permanente, apoyada sobre la genial intuici\u00f3n del perfil de la Revoluci\u00f3n rusa, y tambi\u00e9n la \u00e9poca de la pol\u00edtica \u00abdesgraciada\u00bb de Trotski, metido en los atolladeros del conciliacionismo y del equilibrismo, en medio de las dos fracciones de la socialdemocracia rusa.\u00a0<br \/>\nEl autor concluye con una evocaci\u00f3n de 1917. La Revoluci\u00f3n de Octubre no significa solamente el ascenso de Trotski a la dimensi\u00f3n hist\u00f3rica. En el plano te\u00f3rico representa para Trotski la segunda mutaci\u00f3n fundamental, la que le conduce a fundir la teor\u00eda de la revoluci\u00f3n permanente en el crisol pol\u00edtico y organizativo del bolchevismo.<br \/>\nEl libro incluye tres textos publishs por Trotski entre 1906 y 1908: \u00abLa duma y la revoluci\u00f3n\u00bb, \u00abLa tercera duma\u00bb y \u00abEl consejo de diputados obreros y la revoluci\u00f3n\u00bb.<\/p>\n","protected":false},"excerpt":{"rendered":"<p>En los or\u00edgenes de la revoluci\u00f3n permanente no es una biograf\u00eda erudita del joven Trotski, sino la evocaci\u00f3n comprometida de un itinerario pol\u00edtico, te\u00f3rico y militante. A lo largo de la obra, el autor se esfuerza, pues, por seguir las sinuosidades de ese itinerario complejo, frecuentemente contradictorio: del antimarxismo al marxismo \u00abiskrista\u00bb del muy joven Bronstein, del antibolchevismo virulento de 1904 al bolchevismo cr\u00edtico de 1917.\u00a0<br \/>\nEn esta primera fase de la vida pol\u00edtica de Trotski, el \u00abtrotskismo\u00bb anda con una extremidad coja: es la \u00e9poca del primer desarrollo de la teor\u00eda de la revoluci\u00f3n permanente, apoyada sobre la genial intuici\u00f3n del perfil de la Revoluci\u00f3n rusa, y tambi\u00e9n la \u00e9poca de la pol\u00edtica \u00abdesgraciada\u00bb de Trotski, metido en los atolladeros del conciliacionismo y del equilibrismo, en medio de las dos fracciones de la socialdemocracia rusa.\u00a0<br \/>\nEl autor concluye con una evocaci\u00f3n de 1917. La Revoluci\u00f3n de Octubre no significa solamente el ascenso de Trotski a la dimensi\u00f3n hist\u00f3rica. En el plano te\u00f3rico representa para Trotski la segunda mutaci\u00f3n fundamental, la que le conduce a fundir la teor\u00eda de la revoluci\u00f3n permanente en el crisol pol\u00edtico y organizativo del bolchevismo.<br \/>\nEl libro incluye tres textos publishs por Trotski entre 1906 y 1908: \u00abLa duma y la revoluci\u00f3n\u00bb, \u00abLa tercera duma\u00bb y \u00abEl consejo de diputados obreros y la revoluci\u00f3n\u00bb.<\/p>\n","protected":false},"featured_media":1334,"comment_status":"closed","ping_status":"open","template":"","meta":{"_acf_changed":false},"materia_nivel_3":[2565,2691,2657],"subtema_nivel_2":[2561,2576],"tema_nivel_1":[2570],"product_brand":[],"product_cat":[15],"product_tag":[],"product_author":[3742,3633],"product_collection":[],"class_list":{"0":"post-13700","1":"product","2":"type-product","3":"status-publish","4":"has-post-thumbnail","6":"materia_nivel_3-contemporanea","7":"materia_nivel_3-historia-de-las-ideas-politicas","8":"materia_nivel_3-teoria-politica","9":"subtema_nivel_2-historia","10":"subtema_nivel_2-politica","11":"tema_nivel_1-ciencias-sociales","12":"product_cat-uncategorized","13":"product_author-brossat-alain","14":"product_author-trotski-leon","16":"first","17":"instock","18":"purchasable","19":"product-type-simple"},"acf":[],"_links":{"self":[{"href":"https:\/\/dev2.cantalupe.net\/sigloxxi\/wp-json\/wp\/v2\/product\/13700","targetHints":{"allow":["GET"]}}],"collection":[{"href":"https:\/\/dev2.cantalupe.net\/sigloxxi\/wp-json\/wp\/v2\/product"}],"about":[{"href":"https:\/\/dev2.cantalupe.net\/sigloxxi\/wp-json\/wp\/v2\/types\/product"}],"replies":[{"embeddable":true,"href":"https:\/\/dev2.cantalupe.net\/sigloxxi\/wp-json\/wp\/v2\/comments?post=13700"}],"version-history":[{"count":1,"href":"https:\/\/dev2.cantalupe.net\/sigloxxi\/wp-json\/wp\/v2\/product\/13700\/revisions"}],"predecessor-version":[{"id":13701,"href":"https:\/\/dev2.cantalupe.net\/sigloxxi\/wp-json\/wp\/v2\/product\/13700\/revisions\/13701"}],"wp:featuredmedia":[{"embeddable":true,"href":"https:\/\/dev2.cantalupe.net\/sigloxxi\/wp-json\/wp\/v2\/media\/1334"}],"wp:attachment":[{"href":"https:\/\/dev2.cantalupe.net\/sigloxxi\/wp-json\/wp\/v2\/media?parent=13700"}],"wp:term":[{"taxonomy":"materia_nivel_3","embeddable":true,"href":"https:\/\/dev2.cantalupe.net\/sigloxxi\/wp-json\/wp\/v2\/materia_nivel_3?post=13700"},{"taxonomy":"subtema_nivel_2","embeddable":true,"href":"https:\/\/dev2.cantalupe.net\/sigloxxi\/wp-json\/wp\/v2\/subtema_nivel_2?post=13700"},{"taxonomy":"tema_nivel_1","embeddable":true,"href":"https:\/\/dev2.cantalupe.net\/sigloxxi\/wp-json\/wp\/v2\/tema_nivel_1?post=13700"},{"taxonomy":"product_brand","embeddable":true,"href":"https:\/\/dev2.cantalupe.net\/sigloxxi\/wp-json\/wp\/v2\/product_brand?post=13700"},{"taxonomy":"product_cat","embeddable":true,"href":"https:\/\/dev2.cantalupe.net\/sigloxxi\/wp-json\/wp\/v2\/product_cat?post=13700"},{"taxonomy":"product_tag","embeddable":true,"href":"https:\/\/dev2.cantalupe.net\/sigloxxi\/wp-json\/wp\/v2\/product_tag?post=13700"},{"taxonomy":"product_author","embeddable":true,"href":"https:\/\/dev2.cantalupe.net\/sigloxxi\/wp-json\/wp\/v2\/product_author?post=13700"},{"taxonomy":"product_collection","embeddable":true,"href":"https:\/\/dev2.cantalupe.net\/sigloxxi\/wp-json\/wp\/v2\/product_collection?post=13700"}],"curies":[{"name":"wp","href":"https:\/\/api.w.org\/{rel}","templated":true}]}}