{"id":13714,"date":"2025-11-04T14:51:06","date_gmt":"2025-11-04T14:51:06","guid":{"rendered":"https:\/\/dev2.cantalupe.net\/sigloxxi\/libro\/ensenanza-y-sociedad-2\/"},"modified":"2025-11-04T14:51:07","modified_gmt":"2025-11-04T14:51:07","slug":"ensenanza-y-sociedad-2","status":"publish","type":"product","link":"https:\/\/dev2.cantalupe.net\/sigloxxi\/libro\/ensenanza-y-sociedad-2\/","title":{"rendered":"Ense\u00f1anza y sociedad"},"content":{"rendered":"<p>Los sistemas de ense\u00f1anza como procesos de socializaci\u00f3n e instrucci\u00f3n escolares, constituyen hechos sociales cuyo estudio compete en primer lugar a la sociolog\u00eda. La presente obra quiere poner de relieve que esta ciencia cuenta ya, para dise\u00f1ar un marco plural con el que analizar y comprender la educaci\u00f3n desde una perspectiva sociol\u00f3gica, con una importante base de partida: los an\u00e1lisis que sus autores cl\u00e1sicos, neocl\u00e1sicos y contempor\u00e1neos han dedicado a la educaci\u00f3n como instituci\u00f3n y pr\u00e1ctica social. El libro est\u00e1 dirigido a los profesionales en formaci\u00f3n y en ejercicio del mundo de la Educaci\u00f3n (Magisterio, Educaci\u00f3n social y Pedagog\u00eda) y de la Sociolog\u00eda y el Trabajo social, a los que ofrece respuestas a las preguntas acerca de las relaciones entre la educaci\u00f3n, los sistemas de ense\u00f1anza y la sociedad. Antonio Guerrero Ser\u00f3n es Profesor Titular de Sociolog\u00eda en la Facultad de Educaci\u00f3n de la Universidad Complutense donde ense\u00f1a Sociolog\u00eda de la Educaci\u00f3n e investiga en sociolog\u00eda del profesorado y de la organizaci\u00f3n escolar; es autor de numerosos art\u00edculos cient\u00edficos y libros como El magisterio en la Comunidad de Madrid. Un estudio sociol\u00f3gico y Manual de Sociolog\u00eda de la Educaci\u00f3n.<\/p>\n","protected":false},"excerpt":{"rendered":"<p>Los sistemas de ense\u00f1anza como procesos de socializaci\u00f3n e instrucci\u00f3n escolares, constituyen hechos sociales cuyo estudio compete en primer lugar a la sociolog\u00eda. La presente obra quiere poner de relieve que esta ciencia cuenta ya, para dise\u00f1ar un marco plural con el que analizar y comprender la educaci\u00f3n desde una perspectiva sociol\u00f3gica, con una importante base de partida: los an\u00e1lisis que sus autores cl\u00e1sicos, neocl\u00e1sicos y contempor\u00e1neos han dedicado a la educaci\u00f3n como instituci\u00f3n y pr\u00e1ctica social. El libro est\u00e1 dirigido a los profesionales en formaci\u00f3n y en ejercicio del mundo de la Educaci\u00f3n (Magisterio, Educaci\u00f3n social y Pedagog\u00eda) y de la Sociolog\u00eda y el Trabajo social, a los que ofrece respuestas a las preguntas acerca de las relaciones entre la educaci\u00f3n, los sistemas de ense\u00f1anza y la sociedad. Antonio Guerrero Ser\u00f3n es Profesor Titular de Sociolog\u00eda en la Facultad de Educaci\u00f3n de la Universidad Complutense donde ense\u00f1a Sociolog\u00eda de la Educaci\u00f3n e investiga en sociolog\u00eda del profesorado y de la organizaci\u00f3n escolar; es autor de numerosos art\u00edculos cient\u00edficos y libros como El magisterio en la Comunidad de Madrid. Un estudio sociol\u00f3gico y Manual de Sociolog\u00eda de la Educaci\u00f3n.<\/p>\n","protected":false},"featured_media":1346,"comment_status":"closed","ping_status":"open","template":"","meta":{"_acf_changed":false},"materia_nivel_3":[],"subtema_nivel_2":[2583],"tema_nivel_1":[2641],"product_brand":[],"product_cat":[15],"product_tag":[],"product_author":[3746],"product_collection":[],"class_list":{"0":"post-13714","1":"product","2":"type-product","3":"status-publish","4":"has-post-thumbnail","6":"subtema_nivel_2-sociologia","7":"tema_nivel_1-educacion","8":"product_cat-uncategorized","9":"product_author-guerrero-seron-antonio","11":"first","12":"instock","13":"purchasable","14":"product-type-simple"},"acf":[],"_links":{"self":[{"href":"https:\/\/dev2.cantalupe.net\/sigloxxi\/wp-json\/wp\/v2\/product\/13714","targetHints":{"allow":["GET"]}}],"collection":[{"href":"https:\/\/dev2.cantalupe.net\/sigloxxi\/wp-json\/wp\/v2\/product"}],"about":[{"href":"https:\/\/dev2.cantalupe.net\/sigloxxi\/wp-json\/wp\/v2\/types\/product"}],"replies":[{"embeddable":true,"href":"https:\/\/dev2.cantalupe.net\/sigloxxi\/wp-json\/wp\/v2\/comments?post=13714"}],"version-history":[{"count":1,"href":"https:\/\/dev2.cantalupe.net\/sigloxxi\/wp-json\/wp\/v2\/product\/13714\/revisions"}],"predecessor-version":[{"id":13715,"href":"https:\/\/dev2.cantalupe.net\/sigloxxi\/wp-json\/wp\/v2\/product\/13714\/revisions\/13715"}],"wp:featuredmedia":[{"embeddable":true,"href":"https:\/\/dev2.cantalupe.net\/sigloxxi\/wp-json\/wp\/v2\/media\/1346"}],"wp:attachment":[{"href":"https:\/\/dev2.cantalupe.net\/sigloxxi\/wp-json\/wp\/v2\/media?parent=13714"}],"wp:term":[{"taxonomy":"materia_nivel_3","embeddable":true,"href":"https:\/\/dev2.cantalupe.net\/sigloxxi\/wp-json\/wp\/v2\/materia_nivel_3?post=13714"},{"taxonomy":"subtema_nivel_2","embeddable":true,"href":"https:\/\/dev2.cantalupe.net\/sigloxxi\/wp-json\/wp\/v2\/subtema_nivel_2?post=13714"},{"taxonomy":"tema_nivel_1","embeddable":true,"href":"https:\/\/dev2.cantalupe.net\/sigloxxi\/wp-json\/wp\/v2\/tema_nivel_1?post=13714"},{"taxonomy":"product_brand","embeddable":true,"href":"https:\/\/dev2.cantalupe.net\/sigloxxi\/wp-json\/wp\/v2\/product_brand?post=13714"},{"taxonomy":"product_cat","embeddable":true,"href":"https:\/\/dev2.cantalupe.net\/sigloxxi\/wp-json\/wp\/v2\/product_cat?post=13714"},{"taxonomy":"product_tag","embeddable":true,"href":"https:\/\/dev2.cantalupe.net\/sigloxxi\/wp-json\/wp\/v2\/product_tag?post=13714"},{"taxonomy":"product_author","embeddable":true,"href":"https:\/\/dev2.cantalupe.net\/sigloxxi\/wp-json\/wp\/v2\/product_author?post=13714"},{"taxonomy":"product_collection","embeddable":true,"href":"https:\/\/dev2.cantalupe.net\/sigloxxi\/wp-json\/wp\/v2\/product_collection?post=13714"}],"curies":[{"name":"wp","href":"https:\/\/api.w.org\/{rel}","templated":true}]}}