{"id":13722,"date":"2025-11-04T14:51:08","date_gmt":"2025-11-04T14:51:08","guid":{"rendered":"https:\/\/dev2.cantalupe.net\/sigloxxi\/libro\/en-torno-a-los-origenes-de-la-revolucion-industrial\/"},"modified":"2025-11-04T14:51:09","modified_gmt":"2025-11-04T14:51:09","slug":"en-torno-a-los-origenes-de-la-revolucion-industrial","status":"publish","type":"product","link":"https:\/\/dev2.cantalupe.net\/sigloxxi\/libro\/en-torno-a-los-origenes-de-la-revolucion-industrial\/","title":{"rendered":"En torno a los or\u00edgenes de la revoluci\u00f3n industrial"},"content":{"rendered":"<p>Este volumen recoge tres trabajos de Eric J. Hobsbawm, el primero de los cuales constituye un aut\u00e9ntico cl\u00e1sico de la historiograf\u00eda.En la actualidad se considera un hecho probado que la econom\u00eda europea atraviesa en el siglo XVII una larga fase de recesi\u00f3n. Pero esta recesi\u00f3n tiene caracter\u00edsticas y repercusiones notablemente distintas en diferentes \u00e1reas de Europa. En t\u00e9rminos generales retroceden el Mediterr\u00e1neo (la pen\u00ednsula Ib\u00e9rica, Italia y Turqu\u00eda) y el B\u00e1ltico (Polonia, Dinamarca y la Hansa). Suecia es, junto con Inglaterra y los Pa\u00edses Bajos, una de las naciones favorecidas por la crisis.Mientras estos pa\u00edses conocen un vigoroso desarrollo industrial, Italia y Alemania se desindustrializan. Si el origen de la crisis debe buscarse en el choque del desarrollo capitalista con los l\u00edmites que le impone la estructura social del feudalismo, no es sorprendente que \u00e9ste sea un siglo de trastornos sociales: la Fronda, las revueltas en Catalu\u00f1a, N\u00e1poles y Portugal. Mientras los imperios se hunden se produce una reordenaci\u00f3n del sistema colonial. As\u00ed, la crisis general del siglo XVII sienta las bases para la revoluci\u00f3n industrial, transformando radicalmente la estructura de clases de los pa\u00edses europeos y creando una nueva divisi\u00f3n internacional del trabajo.<\/p>\n","protected":false},"excerpt":{"rendered":"<p>Este volumen recoge tres trabajos de Eric J. Hobsbawm, el primero de los cuales constituye un aut\u00e9ntico cl\u00e1sico de la historiograf\u00eda.En la actualidad se considera un hecho probado que la econom\u00eda europea atraviesa en el siglo XVII una larga fase de recesi\u00f3n. Pero esta recesi\u00f3n tiene caracter\u00edsticas y repercusiones notablemente distintas en diferentes \u00e1reas de Europa. En t\u00e9rminos generales retroceden el Mediterr\u00e1neo (la pen\u00ednsula Ib\u00e9rica, Italia y Turqu\u00eda) y el B\u00e1ltico (Polonia, Dinamarca y la Hansa). Suecia es, junto con Inglaterra y los Pa\u00edses Bajos, una de las naciones favorecidas por la crisis.Mientras estos pa\u00edses conocen un vigoroso desarrollo industrial, Italia y Alemania se desindustrializan. Si el origen de la crisis debe buscarse en el choque del desarrollo capitalista con los l\u00edmites que le impone la estructura social del feudalismo, no es sorprendente que \u00e9ste sea un siglo de trastornos sociales: la Fronda, las revueltas en Catalu\u00f1a, N\u00e1poles y Portugal. Mientras los imperios se hunden se produce una reordenaci\u00f3n del sistema colonial. As\u00ed, la crisis general del siglo XVII sienta las bases para la revoluci\u00f3n industrial, transformando radicalmente la estructura de clases de los pa\u00edses europeos y creando una nueva divisi\u00f3n internacional del trabajo.<\/p>\n","protected":false},"featured_media":1355,"comment_status":"closed","ping_status":"open","template":"","meta":{"_acf_changed":false},"materia_nivel_3":[2566,2558],"subtema_nivel_2":[],"tema_nivel_1":[2567],"product_brand":[],"product_cat":[15],"product_tag":[],"product_author":[3748],"product_collection":[],"class_list":{"0":"post-13722","1":"product","2":"type-product","3":"status-publish","4":"has-post-thumbnail","6":"materia_nivel_3-europa","7":"materia_nivel_3-moderna","8":"tema_nivel_1-historia","9":"product_cat-uncategorized","10":"product_author-hobsbawm-eric-j","12":"first","13":"instock","14":"purchasable","15":"product-type-simple"},"acf":[],"_links":{"self":[{"href":"https:\/\/dev2.cantalupe.net\/sigloxxi\/wp-json\/wp\/v2\/product\/13722","targetHints":{"allow":["GET"]}}],"collection":[{"href":"https:\/\/dev2.cantalupe.net\/sigloxxi\/wp-json\/wp\/v2\/product"}],"about":[{"href":"https:\/\/dev2.cantalupe.net\/sigloxxi\/wp-json\/wp\/v2\/types\/product"}],"replies":[{"embeddable":true,"href":"https:\/\/dev2.cantalupe.net\/sigloxxi\/wp-json\/wp\/v2\/comments?post=13722"}],"version-history":[{"count":1,"href":"https:\/\/dev2.cantalupe.net\/sigloxxi\/wp-json\/wp\/v2\/product\/13722\/revisions"}],"predecessor-version":[{"id":13723,"href":"https:\/\/dev2.cantalupe.net\/sigloxxi\/wp-json\/wp\/v2\/product\/13722\/revisions\/13723"}],"wp:featuredmedia":[{"embeddable":true,"href":"https:\/\/dev2.cantalupe.net\/sigloxxi\/wp-json\/wp\/v2\/media\/1355"}],"wp:attachment":[{"href":"https:\/\/dev2.cantalupe.net\/sigloxxi\/wp-json\/wp\/v2\/media?parent=13722"}],"wp:term":[{"taxonomy":"materia_nivel_3","embeddable":true,"href":"https:\/\/dev2.cantalupe.net\/sigloxxi\/wp-json\/wp\/v2\/materia_nivel_3?post=13722"},{"taxonomy":"subtema_nivel_2","embeddable":true,"href":"https:\/\/dev2.cantalupe.net\/sigloxxi\/wp-json\/wp\/v2\/subtema_nivel_2?post=13722"},{"taxonomy":"tema_nivel_1","embeddable":true,"href":"https:\/\/dev2.cantalupe.net\/sigloxxi\/wp-json\/wp\/v2\/tema_nivel_1?post=13722"},{"taxonomy":"product_brand","embeddable":true,"href":"https:\/\/dev2.cantalupe.net\/sigloxxi\/wp-json\/wp\/v2\/product_brand?post=13722"},{"taxonomy":"product_cat","embeddable":true,"href":"https:\/\/dev2.cantalupe.net\/sigloxxi\/wp-json\/wp\/v2\/product_cat?post=13722"},{"taxonomy":"product_tag","embeddable":true,"href":"https:\/\/dev2.cantalupe.net\/sigloxxi\/wp-json\/wp\/v2\/product_tag?post=13722"},{"taxonomy":"product_author","embeddable":true,"href":"https:\/\/dev2.cantalupe.net\/sigloxxi\/wp-json\/wp\/v2\/product_author?post=13722"},{"taxonomy":"product_collection","embeddable":true,"href":"https:\/\/dev2.cantalupe.net\/sigloxxi\/wp-json\/wp\/v2\/product_collection?post=13722"}],"curies":[{"name":"wp","href":"https:\/\/api.w.org\/{rel}","templated":true}]}}