{"id":13726,"date":"2025-11-04T14:51:08","date_gmt":"2025-11-04T14:51:08","guid":{"rendered":"https:\/\/dev2.cantalupe.net\/sigloxxi\/libro\/entrar-quedarse-avanzar\/"},"modified":"2025-11-04T14:51:09","modified_gmt":"2025-11-04T14:51:09","slug":"entrar-quedarse-avanzar","status":"publish","type":"product","link":"https:\/\/dev2.cantalupe.net\/sigloxxi\/libro\/entrar-quedarse-avanzar\/","title":{"rendered":"Entrar, quedarse, avanzar"},"content":{"rendered":"<p>Entrar, quedarse, avanzar aborda un tema de gran actualidad e incidencia social: la incorporaci\u00f3n, mantenimiento y promoci\u00f3n de la mujer en el mundo laboral. El inter\u00e9s del libro reside principalmente en dos aspectos: -Ofrece un enfoque psicosocial. La mayor\u00eda de la bibliograf\u00eda existente sobre el tema lo analiza desde el punto de vista hist\u00f3rico, estad\u00edstico o sociol\u00f3gico. Entrar, quedarse, avanzar ofrece una sugerente sistematizaci\u00f3n de los aspectos psicosociales (conductas, actitudes, mensajes, roles) que inciden en la relaci\u00f3n mujer-trabajo, realizando especial hincapi\u00e9 en los sutiles mecanismos que repercuten en la disponibilidad de la mujer al empleo. El libro incluye tambi\u00e9n diversas consideraciones hist\u00f3ricas y estad\u00edsticas as\u00ed como propuestas de tipo pr\u00e1ctico. -Proporciona una visi\u00f3n ecu\u00e1nime del tema. As\u00ed, el libro no se limita a los problemas y dificultades que hallan las mujeres para incorporarse, permanecer y promocionarse en el mundo laboral, sino que propone tambi\u00e9n un -an\u00e1lisis positivo al respecto: habilidades y potencialidades de las&#8217;: mujeres, facilitadores al empleo, etc\u00e9tera.<\/p>\n","protected":false},"excerpt":{"rendered":"<p>Entrar, quedarse, avanzar aborda un tema de gran actualidad e incidencia social: la incorporaci\u00f3n, mantenimiento y promoci\u00f3n de la mujer en el mundo laboral. El inter\u00e9s del libro reside principalmente en dos aspectos: -Ofrece un enfoque psicosocial. La mayor\u00eda de la bibliograf\u00eda existente sobre el tema lo analiza desde el punto de vista hist\u00f3rico, estad\u00edstico o sociol\u00f3gico. Entrar, quedarse, avanzar ofrece una sugerente sistematizaci\u00f3n de los aspectos psicosociales (conductas, actitudes, mensajes, roles) que inciden en la relaci\u00f3n mujer-trabajo, realizando especial hincapi\u00e9 en los sutiles mecanismos que repercuten en la disponibilidad de la mujer al empleo. El libro incluye tambi\u00e9n diversas consideraciones hist\u00f3ricas y estad\u00edsticas as\u00ed como propuestas de tipo pr\u00e1ctico. -Proporciona una visi\u00f3n ecu\u00e1nime del tema. As\u00ed, el libro no se limita a los problemas y dificultades que hallan las mujeres para incorporarse, permanecer y promocionarse en el mundo laboral, sino que propone tambi\u00e9n un -an\u00e1lisis positivo al respecto: habilidades y potencialidades de las&#8217;: mujeres, facilitadores al empleo, etc\u00e9tera.<\/p>\n","protected":false},"featured_media":1359,"comment_status":"closed","ping_status":"open","template":"","meta":{"_acf_changed":false},"materia_nivel_3":[],"subtema_nivel_2":[2583],"tema_nivel_1":[2570],"product_brand":[],"product_cat":[15],"product_tag":[],"product_author":[],"product_collection":[],"class_list":{"0":"post-13726","1":"product","2":"type-product","3":"status-publish","4":"has-post-thumbnail","6":"subtema_nivel_2-sociologia","7":"tema_nivel_1-ciencias-sociales","8":"product_cat-uncategorized","10":"first","11":"instock","12":"purchasable","13":"product-type-simple"},"acf":[],"_links":{"self":[{"href":"https:\/\/dev2.cantalupe.net\/sigloxxi\/wp-json\/wp\/v2\/product\/13726","targetHints":{"allow":["GET"]}}],"collection":[{"href":"https:\/\/dev2.cantalupe.net\/sigloxxi\/wp-json\/wp\/v2\/product"}],"about":[{"href":"https:\/\/dev2.cantalupe.net\/sigloxxi\/wp-json\/wp\/v2\/types\/product"}],"replies":[{"embeddable":true,"href":"https:\/\/dev2.cantalupe.net\/sigloxxi\/wp-json\/wp\/v2\/comments?post=13726"}],"version-history":[{"count":1,"href":"https:\/\/dev2.cantalupe.net\/sigloxxi\/wp-json\/wp\/v2\/product\/13726\/revisions"}],"predecessor-version":[{"id":13727,"href":"https:\/\/dev2.cantalupe.net\/sigloxxi\/wp-json\/wp\/v2\/product\/13726\/revisions\/13727"}],"wp:featuredmedia":[{"embeddable":true,"href":"https:\/\/dev2.cantalupe.net\/sigloxxi\/wp-json\/wp\/v2\/media\/1359"}],"wp:attachment":[{"href":"https:\/\/dev2.cantalupe.net\/sigloxxi\/wp-json\/wp\/v2\/media?parent=13726"}],"wp:term":[{"taxonomy":"materia_nivel_3","embeddable":true,"href":"https:\/\/dev2.cantalupe.net\/sigloxxi\/wp-json\/wp\/v2\/materia_nivel_3?post=13726"},{"taxonomy":"subtema_nivel_2","embeddable":true,"href":"https:\/\/dev2.cantalupe.net\/sigloxxi\/wp-json\/wp\/v2\/subtema_nivel_2?post=13726"},{"taxonomy":"tema_nivel_1","embeddable":true,"href":"https:\/\/dev2.cantalupe.net\/sigloxxi\/wp-json\/wp\/v2\/tema_nivel_1?post=13726"},{"taxonomy":"product_brand","embeddable":true,"href":"https:\/\/dev2.cantalupe.net\/sigloxxi\/wp-json\/wp\/v2\/product_brand?post=13726"},{"taxonomy":"product_cat","embeddable":true,"href":"https:\/\/dev2.cantalupe.net\/sigloxxi\/wp-json\/wp\/v2\/product_cat?post=13726"},{"taxonomy":"product_tag","embeddable":true,"href":"https:\/\/dev2.cantalupe.net\/sigloxxi\/wp-json\/wp\/v2\/product_tag?post=13726"},{"taxonomy":"product_author","embeddable":true,"href":"https:\/\/dev2.cantalupe.net\/sigloxxi\/wp-json\/wp\/v2\/product_author?post=13726"},{"taxonomy":"product_collection","embeddable":true,"href":"https:\/\/dev2.cantalupe.net\/sigloxxi\/wp-json\/wp\/v2\/product_collection?post=13726"}],"curies":[{"name":"wp","href":"https:\/\/api.w.org\/{rel}","templated":true}]}}