{"id":13734,"date":"2025-11-04T14:51:08","date_gmt":"2025-11-04T14:51:08","guid":{"rendered":"https:\/\/dev2.cantalupe.net\/sigloxxi\/libro\/entre-lugares-de-la-modernidad\/"},"modified":"2025-11-04T14:51:09","modified_gmt":"2025-11-04T14:51:09","slug":"entre-lugares-de-la-modernidad","status":"publish","type":"product","link":"https:\/\/dev2.cantalupe.net\/sigloxxi\/libro\/entre-lugares-de-la-modernidad\/","title":{"rendered":"Entre-lugares de la Modernidad"},"content":{"rendered":"<p>La Modernidad y la Posmodernidad se han pensado casi siempre en t\u00e9rminos antag\u00f3nicos y el debate en torno a ambas se ha saldado con posiciones de defensa o rechazo que casi nunca han indagado en las posibilidades transformadoras que los espacios intermedios (los entre-lugares de la Modernidad) ofrec\u00edan. El presente ensayo aborda la dial\u00e9ctica Modernidad-Posmodernidad a la luz de un aspecto casi siempre convenientemente olvidado o despreciado: el capitalismo, entendido como el continuum hist\u00f3rico determinante, como el sustrato que los dos paradigmas epist\u00e9micos comparten y que funciona como hilo conductor entre ambos.Entre-lugares de la Modernidad. Filosof\u00eda, literatura y Terceros Espacios lleva a cabo una cr\u00edtica, desde una \u00f3ptica marxista y profundamente anticapitalista, de aquellos aspectos de la Modernidad y la Posmodernidad cuya complicidad con el statu quo del poder es m\u00e1s que evidente y, a la vez, intenta rescatar los elementos m\u00e1s transformadores y subversivos que se gestaron en los m\u00e1rgenes de ambas discursividades, con el objeto de encontrar Terceros Espacios, entre-lugares alternativos desde los que a\u00fan sea posible existir y resistir de otra manera, combatiendo la terrible l\u00f3gica neoliberal que nos asfixia.<\/p>\n","protected":false},"excerpt":{"rendered":"<p>La Modernidad y la Posmodernidad se han pensado casi siempre en t\u00e9rminos antag\u00f3nicos y el debate en torno a ambas se ha saldado con posiciones de defensa o rechazo que casi nunca han indagado en las posibilidades transformadoras que los espacios intermedios (los entre-lugares de la Modernidad) ofrec\u00edan. El presente ensayo aborda la dial\u00e9ctica Modernidad-Posmodernidad a la luz de un aspecto casi siempre convenientemente olvidado o despreciado: el capitalismo, entendido como el continuum hist\u00f3rico determinante, como el sustrato que los dos paradigmas epist\u00e9micos comparten y que funciona como hilo conductor entre ambos.Entre-lugares de la Modernidad. Filosof\u00eda, literatura y Terceros Espacios lleva a cabo una cr\u00edtica, desde una \u00f3ptica marxista y profundamente anticapitalista, de aquellos aspectos de la Modernidad y la Posmodernidad cuya complicidad con el statu quo del poder es m\u00e1s que evidente y, a la vez, intenta rescatar los elementos m\u00e1s transformadores y subversivos que se gestaron en los m\u00e1rgenes de ambas discursividades, con el objeto de encontrar Terceros Espacios, entre-lugares alternativos desde los que a\u00fan sea posible existir y resistir de otra manera, combatiendo la terrible l\u00f3gica neoliberal que nos asfixia.<\/p>\n","protected":false},"featured_media":1367,"comment_status":"closed","ping_status":"open","template":"","meta":{"_acf_changed":false},"materia_nivel_3":[2610,2619],"subtema_nivel_2":[2586,2562],"tema_nivel_1":[2587],"product_brand":[],"product_cat":[15],"product_tag":[],"product_author":[3752],"product_collection":[],"class_list":{"0":"post-13734","1":"product","2":"type-product","3":"status-publish","4":"has-post-thumbnail","6":"materia_nivel_3-filosofia-y-critica-de-la-cultura","7":"materia_nivel_3-teoria-literaria","8":"subtema_nivel_2-filosofia","9":"subtema_nivel_2-lengua-y-literatura","10":"tema_nivel_1-filosofia-y-pensamiento","11":"product_cat-uncategorized","12":"product_author-castro-olalla","14":"first","15":"instock","16":"purchasable","17":"product-type-simple"},"acf":[],"_links":{"self":[{"href":"https:\/\/dev2.cantalupe.net\/sigloxxi\/wp-json\/wp\/v2\/product\/13734","targetHints":{"allow":["GET"]}}],"collection":[{"href":"https:\/\/dev2.cantalupe.net\/sigloxxi\/wp-json\/wp\/v2\/product"}],"about":[{"href":"https:\/\/dev2.cantalupe.net\/sigloxxi\/wp-json\/wp\/v2\/types\/product"}],"replies":[{"embeddable":true,"href":"https:\/\/dev2.cantalupe.net\/sigloxxi\/wp-json\/wp\/v2\/comments?post=13734"}],"version-history":[{"count":1,"href":"https:\/\/dev2.cantalupe.net\/sigloxxi\/wp-json\/wp\/v2\/product\/13734\/revisions"}],"predecessor-version":[{"id":13735,"href":"https:\/\/dev2.cantalupe.net\/sigloxxi\/wp-json\/wp\/v2\/product\/13734\/revisions\/13735"}],"wp:featuredmedia":[{"embeddable":true,"href":"https:\/\/dev2.cantalupe.net\/sigloxxi\/wp-json\/wp\/v2\/media\/1367"}],"wp:attachment":[{"href":"https:\/\/dev2.cantalupe.net\/sigloxxi\/wp-json\/wp\/v2\/media?parent=13734"}],"wp:term":[{"taxonomy":"materia_nivel_3","embeddable":true,"href":"https:\/\/dev2.cantalupe.net\/sigloxxi\/wp-json\/wp\/v2\/materia_nivel_3?post=13734"},{"taxonomy":"subtema_nivel_2","embeddable":true,"href":"https:\/\/dev2.cantalupe.net\/sigloxxi\/wp-json\/wp\/v2\/subtema_nivel_2?post=13734"},{"taxonomy":"tema_nivel_1","embeddable":true,"href":"https:\/\/dev2.cantalupe.net\/sigloxxi\/wp-json\/wp\/v2\/tema_nivel_1?post=13734"},{"taxonomy":"product_brand","embeddable":true,"href":"https:\/\/dev2.cantalupe.net\/sigloxxi\/wp-json\/wp\/v2\/product_brand?post=13734"},{"taxonomy":"product_cat","embeddable":true,"href":"https:\/\/dev2.cantalupe.net\/sigloxxi\/wp-json\/wp\/v2\/product_cat?post=13734"},{"taxonomy":"product_tag","embeddable":true,"href":"https:\/\/dev2.cantalupe.net\/sigloxxi\/wp-json\/wp\/v2\/product_tag?post=13734"},{"taxonomy":"product_author","embeddable":true,"href":"https:\/\/dev2.cantalupe.net\/sigloxxi\/wp-json\/wp\/v2\/product_author?post=13734"},{"taxonomy":"product_collection","embeddable":true,"href":"https:\/\/dev2.cantalupe.net\/sigloxxi\/wp-json\/wp\/v2\/product_collection?post=13734"}],"curies":[{"name":"wp","href":"https:\/\/api.w.org\/{rel}","templated":true}]}}