{"id":13764,"date":"2025-11-04T14:51:11","date_gmt":"2025-11-04T14:51:11","guid":{"rendered":"https:\/\/dev2.cantalupe.net\/sigloxxi\/libro\/espacio-economia-y-sociedad\/"},"modified":"2025-11-04T14:51:15","modified_gmt":"2025-11-04T14:51:15","slug":"espacio-economia-y-sociedad","status":"publish","type":"product","link":"https:\/\/dev2.cantalupe.net\/sigloxxi\/libro\/espacio-economia-y-sociedad\/","title":{"rendered":"Espacio, econom\u00eda y sociedad"},"content":{"rendered":"<p>El autor, especializado en geograf\u00eda econ\u00f3mica y geograf\u00eda pol\u00edtica, y concretamente en el an\u00e1lisis de las relaciones sociales y el espacio geogr\u00e1fico, efect\u00faa en esta obra una rigurosa reflexi\u00f3n acerca de la geograf\u00eda humana como ciencia y de su relaci\u00f3n con los procesos econ\u00f3micos y sociales. En la medida en que se atribuya al espacio geogr\u00e1fico -soporte de toda la actividad humana- la consideraci\u00f3n de variable de la realidad, la aprensi\u00f3n de sus leyes debe erigirse en centro de atenci\u00f3n cient\u00edfica de la que cabe esperar una aportaci\u00f3n racional y objetiva al cuerpo de la ciencia. Y todo ello implica descubrir las relaciones de interconexi\u00f3n de los factores que lo forman, as\u00ed como determinar su l\u00f3gica interna, debiendo evidenciarse, como corolario, el papel de las relaciones sociales como mecanismo estructurante colectivo sobre el espacio. En la primera parte se presenta una perspectiva en geograf\u00eda humana, poni\u00e9ndose el \u00e9nfasis en la defensa de su cientificidad, hasta alcanzar una articulaci\u00f3n del espacio coherente con la estructura social. La segunda parte recoge una serie de aspectos o mecanismos sociales fundamentales en la articulaci\u00f3n del espacio geogr\u00e1fico. En la tercera se formula una propuesta de s\u00edntesis para el estudio de espacios delimitados, basada en el papel esencial de la actividad econ\u00f3mica como din\u00e1mica territorializadora, y se ofrece como caso ejemplificador el papel territorializador de un sector de actividad econ\u00f3mica de fuerte impacto espacial -la actividad tur\u00edstica de litoral-, muy v\u00e1lido para estudiar una gran variedad de efectos. Por \u00faltimo, en la cuarta parte, se analiza la relaci\u00f3n entre el espacio y la innovaci\u00f3n tecnol\u00f3gica, proponiendo una matriz de an\u00e1lisis para el estudio de las nuevas tecnolog\u00edas con efectos espaciales, dadas las fuertes implicaciones futuras que presentan.<\/p>\n","protected":false},"excerpt":{"rendered":"<p>El autor, especializado en geograf\u00eda econ\u00f3mica y geograf\u00eda pol\u00edtica, y concretamente en el an\u00e1lisis de las relaciones sociales y el espacio geogr\u00e1fico, efect\u00faa en esta obra una rigurosa reflexi\u00f3n acerca de la geograf\u00eda humana como ciencia y de su relaci\u00f3n con los procesos econ\u00f3micos y sociales. En la medida en que se atribuya al espacio geogr\u00e1fico -soporte de toda la actividad humana- la consideraci\u00f3n de variable de la realidad, la aprensi\u00f3n de sus leyes debe erigirse en centro de atenci\u00f3n cient\u00edfica de la que cabe esperar una aportaci\u00f3n racional y objetiva al cuerpo de la ciencia. Y todo ello implica descubrir las relaciones de interconexi\u00f3n de los factores que lo forman, as\u00ed como determinar su l\u00f3gica interna, debiendo evidenciarse, como corolario, el papel de las relaciones sociales como mecanismo estructurante colectivo sobre el espacio. En la primera parte se presenta una perspectiva en geograf\u00eda humana, poni\u00e9ndose el \u00e9nfasis en la defensa de su cientificidad, hasta alcanzar una articulaci\u00f3n del espacio coherente con la estructura social. La segunda parte recoge una serie de aspectos o mecanismos sociales fundamentales en la articulaci\u00f3n del espacio geogr\u00e1fico. En la tercera se formula una propuesta de s\u00edntesis para el estudio de espacios delimitados, basada en el papel esencial de la actividad econ\u00f3mica como din\u00e1mica territorializadora, y se ofrece como caso ejemplificador el papel territorializador de un sector de actividad econ\u00f3mica de fuerte impacto espacial -la actividad tur\u00edstica de litoral-, muy v\u00e1lido para estudiar una gran variedad de efectos. Por \u00faltimo, en la cuarta parte, se analiza la relaci\u00f3n entre el espacio y la innovaci\u00f3n tecnol\u00f3gica, proponiendo una matriz de an\u00e1lisis para el estudio de las nuevas tecnolog\u00edas con efectos espaciales, dadas las fuertes implicaciones futuras que presentan.<\/p>\n","protected":false},"featured_media":1394,"comment_status":"closed","ping_status":"open","template":"","meta":{"_acf_changed":false},"materia_nivel_3":[],"subtema_nivel_2":[2598],"tema_nivel_1":[2570],"product_brand":[],"product_cat":[15],"product_tag":[],"product_author":[3758],"product_collection":[],"class_list":{"0":"post-13764","1":"product","2":"type-product","3":"status-publish","4":"has-post-thumbnail","6":"subtema_nivel_2-economia","7":"tema_nivel_1-ciencias-sociales","8":"product_cat-uncategorized","9":"product_author-sanchez-joan-eugeni","11":"first","12":"instock","13":"purchasable","14":"product-type-simple"},"acf":[],"_links":{"self":[{"href":"https:\/\/dev2.cantalupe.net\/sigloxxi\/wp-json\/wp\/v2\/product\/13764","targetHints":{"allow":["GET"]}}],"collection":[{"href":"https:\/\/dev2.cantalupe.net\/sigloxxi\/wp-json\/wp\/v2\/product"}],"about":[{"href":"https:\/\/dev2.cantalupe.net\/sigloxxi\/wp-json\/wp\/v2\/types\/product"}],"replies":[{"embeddable":true,"href":"https:\/\/dev2.cantalupe.net\/sigloxxi\/wp-json\/wp\/v2\/comments?post=13764"}],"version-history":[{"count":1,"href":"https:\/\/dev2.cantalupe.net\/sigloxxi\/wp-json\/wp\/v2\/product\/13764\/revisions"}],"predecessor-version":[{"id":13765,"href":"https:\/\/dev2.cantalupe.net\/sigloxxi\/wp-json\/wp\/v2\/product\/13764\/revisions\/13765"}],"wp:featuredmedia":[{"embeddable":true,"href":"https:\/\/dev2.cantalupe.net\/sigloxxi\/wp-json\/wp\/v2\/media\/1394"}],"wp:attachment":[{"href":"https:\/\/dev2.cantalupe.net\/sigloxxi\/wp-json\/wp\/v2\/media?parent=13764"}],"wp:term":[{"taxonomy":"materia_nivel_3","embeddable":true,"href":"https:\/\/dev2.cantalupe.net\/sigloxxi\/wp-json\/wp\/v2\/materia_nivel_3?post=13764"},{"taxonomy":"subtema_nivel_2","embeddable":true,"href":"https:\/\/dev2.cantalupe.net\/sigloxxi\/wp-json\/wp\/v2\/subtema_nivel_2?post=13764"},{"taxonomy":"tema_nivel_1","embeddable":true,"href":"https:\/\/dev2.cantalupe.net\/sigloxxi\/wp-json\/wp\/v2\/tema_nivel_1?post=13764"},{"taxonomy":"product_brand","embeddable":true,"href":"https:\/\/dev2.cantalupe.net\/sigloxxi\/wp-json\/wp\/v2\/product_brand?post=13764"},{"taxonomy":"product_cat","embeddable":true,"href":"https:\/\/dev2.cantalupe.net\/sigloxxi\/wp-json\/wp\/v2\/product_cat?post=13764"},{"taxonomy":"product_tag","embeddable":true,"href":"https:\/\/dev2.cantalupe.net\/sigloxxi\/wp-json\/wp\/v2\/product_tag?post=13764"},{"taxonomy":"product_author","embeddable":true,"href":"https:\/\/dev2.cantalupe.net\/sigloxxi\/wp-json\/wp\/v2\/product_author?post=13764"},{"taxonomy":"product_collection","embeddable":true,"href":"https:\/\/dev2.cantalupe.net\/sigloxxi\/wp-json\/wp\/v2\/product_collection?post=13764"}],"curies":[{"name":"wp","href":"https:\/\/api.w.org\/{rel}","templated":true}]}}