{"id":13772,"date":"2025-11-04T14:51:11","date_gmt":"2025-11-04T14:51:11","guid":{"rendered":"https:\/\/dev2.cantalupe.net\/sigloxxi\/libro\/espana-entre-dos-siglos-1875-1931\/"},"modified":"2025-11-04T14:51:16","modified_gmt":"2025-11-04T14:51:16","slug":"espana-entre-dos-siglos-1875-1931","status":"publish","type":"product","link":"https:\/\/dev2.cantalupe.net\/sigloxxi\/libro\/espana-entre-dos-siglos-1875-1931\/","title":{"rendered":"Espa\u00f1a entre dos siglos (1875-1931)"},"content":{"rendered":"<p>Sexto de una serie homog\u00e9nea -cuyos cinco primeros vol\u00famenes, La Espa\u00f1a de la Restauraci\u00f3n. Pol\u00edtica, econom\u00eda, legislaci\u00f3n y cultura; La crisis de la Restauraci\u00f3n. Espa\u00f1a, entre la primera guerra mundial y la II Rep\u00fablica; La II Rep\u00fablica espa\u00f1ola. El primer bienio; La II Rep\u00fablica espa\u00f1ola. Bienio rectificador y Frente Popular y El primer franquismo. Espa\u00f1a durante la segunda guerra mundial, han sido publishs tambi\u00e9n por Siglo XXI de Espa\u00f1a Editores en 1985, 1986, 1987, 1988 Y 1989, respectivamente-, este libro contiene las ponencias y comunicaciones presentadas en el VII Coloquio de Historia Contempor\u00e1nea de Espa\u00f1a celebrado en abril de 1990 y organizado por la Universidad Internacional Men\u00e9ndez Pelayo en su sede de Cuenca. Como en las anteriores entregas, la agrupaci\u00f3n de los textos aqu\u00ed contenidos -cuya edici\u00f3n ha cuidado J. L. Garc\u00eda Delgado- responde al orden de las sesiones del Coloquio, con cinco ep\u00edgrafes generales: I. Universidad, nobleza, ej\u00e9rcito (con aportaciones de E. Hern\u00e1ndez Sandoica, A. Bahamonde, G. Cardona y M. Alpert); II. Orden social, orden p\u00fablico (E. Gonz\u00e1lez Calleja y D. Castro Alfin); III. Econom\u00eda: atraso y renovaci\u00f3n (A. G\u00f3mez Mendoza, A. M. Bernal y J. Palafox); IV. Ideolog\u00edas y mentalidades (C. Serrano, M. de Puelles Ben\u00edtez, M. Revuelta Gonz\u00e1lez y J.-M. Desvois); y V. Pautas regionales (T. Carnero Arbat, J. S\u00e1nchez Jim\u00e9nez, M\u00aa T. Nore\u00f1a y J. M. P\u00e9rez Garc\u00eda).<\/p>\n","protected":false},"excerpt":{"rendered":"<p>Sexto de una serie homog\u00e9nea -cuyos cinco primeros vol\u00famenes, La Espa\u00f1a de la Restauraci\u00f3n. Pol\u00edtica, econom\u00eda, legislaci\u00f3n y cultura; La crisis de la Restauraci\u00f3n. Espa\u00f1a, entre la primera guerra mundial y la II Rep\u00fablica; La II Rep\u00fablica espa\u00f1ola. El primer bienio; La II Rep\u00fablica espa\u00f1ola. Bienio rectificador y Frente Popular y El primer franquismo. Espa\u00f1a durante la segunda guerra mundial, han sido publishs tambi\u00e9n por Siglo XXI de Espa\u00f1a Editores en 1985, 1986, 1987, 1988 Y 1989, respectivamente-, este libro contiene las ponencias y comunicaciones presentadas en el VII Coloquio de Historia Contempor\u00e1nea de Espa\u00f1a celebrado en abril de 1990 y organizado por la Universidad Internacional Men\u00e9ndez Pelayo en su sede de Cuenca. Como en las anteriores entregas, la agrupaci\u00f3n de los textos aqu\u00ed contenidos -cuya edici\u00f3n ha cuidado J. L. Garc\u00eda Delgado- responde al orden de las sesiones del Coloquio, con cinco ep\u00edgrafes generales: I. Universidad, nobleza, ej\u00e9rcito (con aportaciones de E. Hern\u00e1ndez Sandoica, A. Bahamonde, G. Cardona y M. Alpert); II. Orden social, orden p\u00fablico (E. Gonz\u00e1lez Calleja y D. Castro Alfin); III. Econom\u00eda: atraso y renovaci\u00f3n (A. G\u00f3mez Mendoza, A. M. Bernal y J. Palafox); IV. Ideolog\u00edas y mentalidades (C. Serrano, M. de Puelles Ben\u00edtez, M. Revuelta Gonz\u00e1lez y J.-M. Desvois); y V. Pautas regionales (T. Carnero Arbat, J. S\u00e1nchez Jim\u00e9nez, M\u00aa T. Nore\u00f1a y J. M. P\u00e9rez Garc\u00eda).<\/p>\n","protected":false},"featured_media":1402,"comment_status":"closed","ping_status":"open","template":"","meta":{"_acf_changed":false},"materia_nivel_3":[2565,2559],"subtema_nivel_2":[],"tema_nivel_1":[2567],"product_brand":[],"product_cat":[15],"product_tag":[],"product_author":[3626,2874],"product_collection":[],"class_list":{"0":"post-13772","1":"product","2":"type-product","3":"status-publish","4":"has-post-thumbnail","6":"materia_nivel_3-contemporanea","7":"materia_nivel_3-espana","8":"tema_nivel_1-historia","9":"product_cat-uncategorized","10":"product_author-alpert-michael","11":"product_author-bahamonde-magro-angel","13":"first","14":"instock","15":"purchasable","16":"product-type-simple"},"acf":[],"_links":{"self":[{"href":"https:\/\/dev2.cantalupe.net\/sigloxxi\/wp-json\/wp\/v2\/product\/13772","targetHints":{"allow":["GET"]}}],"collection":[{"href":"https:\/\/dev2.cantalupe.net\/sigloxxi\/wp-json\/wp\/v2\/product"}],"about":[{"href":"https:\/\/dev2.cantalupe.net\/sigloxxi\/wp-json\/wp\/v2\/types\/product"}],"replies":[{"embeddable":true,"href":"https:\/\/dev2.cantalupe.net\/sigloxxi\/wp-json\/wp\/v2\/comments?post=13772"}],"version-history":[{"count":1,"href":"https:\/\/dev2.cantalupe.net\/sigloxxi\/wp-json\/wp\/v2\/product\/13772\/revisions"}],"predecessor-version":[{"id":13773,"href":"https:\/\/dev2.cantalupe.net\/sigloxxi\/wp-json\/wp\/v2\/product\/13772\/revisions\/13773"}],"wp:featuredmedia":[{"embeddable":true,"href":"https:\/\/dev2.cantalupe.net\/sigloxxi\/wp-json\/wp\/v2\/media\/1402"}],"wp:attachment":[{"href":"https:\/\/dev2.cantalupe.net\/sigloxxi\/wp-json\/wp\/v2\/media?parent=13772"}],"wp:term":[{"taxonomy":"materia_nivel_3","embeddable":true,"href":"https:\/\/dev2.cantalupe.net\/sigloxxi\/wp-json\/wp\/v2\/materia_nivel_3?post=13772"},{"taxonomy":"subtema_nivel_2","embeddable":true,"href":"https:\/\/dev2.cantalupe.net\/sigloxxi\/wp-json\/wp\/v2\/subtema_nivel_2?post=13772"},{"taxonomy":"tema_nivel_1","embeddable":true,"href":"https:\/\/dev2.cantalupe.net\/sigloxxi\/wp-json\/wp\/v2\/tema_nivel_1?post=13772"},{"taxonomy":"product_brand","embeddable":true,"href":"https:\/\/dev2.cantalupe.net\/sigloxxi\/wp-json\/wp\/v2\/product_brand?post=13772"},{"taxonomy":"product_cat","embeddable":true,"href":"https:\/\/dev2.cantalupe.net\/sigloxxi\/wp-json\/wp\/v2\/product_cat?post=13772"},{"taxonomy":"product_tag","embeddable":true,"href":"https:\/\/dev2.cantalupe.net\/sigloxxi\/wp-json\/wp\/v2\/product_tag?post=13772"},{"taxonomy":"product_author","embeddable":true,"href":"https:\/\/dev2.cantalupe.net\/sigloxxi\/wp-json\/wp\/v2\/product_author?post=13772"},{"taxonomy":"product_collection","embeddable":true,"href":"https:\/\/dev2.cantalupe.net\/sigloxxi\/wp-json\/wp\/v2\/product_collection?post=13772"}],"curies":[{"name":"wp","href":"https:\/\/api.w.org\/{rel}","templated":true}]}}