{"id":13802,"date":"2025-11-04T14:51:34","date_gmt":"2025-11-04T14:51:34","guid":{"rendered":"https:\/\/dev2.cantalupe.net\/sigloxxi\/libro\/estado-poder-y-socialismo\/"},"modified":"2025-11-04T14:51:38","modified_gmt":"2025-11-04T14:51:38","slug":"estado-poder-y-socialismo","status":"publish","type":"product","link":"https:\/\/dev2.cantalupe.net\/sigloxxi\/libro\/estado-poder-y-socialismo\/","title":{"rendered":"Estado, poder y socialismo"},"content":{"rendered":"<p>Este texto, te\u00f3rico y pol\u00edtico, analiza los fundamentos y las transformaciones del Estado y del poder modernos. \u00bfQu\u00e9 medios emplea el Estado para asegurar su predominio sobre la sociedad, y en qu\u00e9 medida lo alcanza? \u00bfHasta d\u00f3nde puede llegar el Leviat\u00e1n? \u00bfCu\u00e1les son las ra\u00edces del totalitarismo? \u00bfCu\u00e1les son actualmente las relaciones entre el Estado y la econom\u00eda? \u00bfC\u00f3mo operan y se manifiestan la relaci\u00f3n entre el Estado y las clases, la articulaci\u00f3n del poder y del saber, los procedimientos de individualizaci\u00f3n, la ley, la naci\u00f3n? Esta investigaci\u00f3n exige la profundizaci\u00f3n y el desarrollo de las aportaciones del marxismo a estas cuestiones, la denuncia de su dogmatizaci\u00f3n y su enriquecimiento mediante la valoraci\u00f3n cr\u00edtica de an\u00e1lisis procedentes de otros horizontes, en particular los de Michel Foucault. Este libro supone tambi\u00e9n una respuesta a los nuevos fil\u00f3sofos, que pretenden convertir a Marx en el responsable del estatismo y de los gulags. Pero hablar del Estado y del poder implica tambi\u00e9n situarse en la perspectiva de un cambio. \u00bfCu\u00e1les son las relaciones entre socialismo y democracia? \u00bfC\u00f3mo combinar, en un socialismo democr\u00e1tico, el desarrollo de las libertades, la transformaci\u00f3n de la democracia representativa, con el movimiento autogestionario y la democracia directa en la base? Esta es, m\u00e1s all\u00e1 de los incidentes de la coyuntura pol\u00edtica, la cuesti\u00f3n hist\u00f3rica de nuestro tiempo.<\/p>\n","protected":false},"excerpt":{"rendered":"<p>Este texto, te\u00f3rico y pol\u00edtico, analiza los fundamentos y las transformaciones del Estado y del poder modernos. \u00bfQu\u00e9 medios emplea el Estado para asegurar su predominio sobre la sociedad, y en qu\u00e9 medida lo alcanza? \u00bfHasta d\u00f3nde puede llegar el Leviat\u00e1n? \u00bfCu\u00e1les son las ra\u00edces del totalitarismo? \u00bfCu\u00e1les son actualmente las relaciones entre el Estado y la econom\u00eda? \u00bfC\u00f3mo operan y se manifiestan la relaci\u00f3n entre el Estado y las clases, la articulaci\u00f3n del poder y del saber, los procedimientos de individualizaci\u00f3n, la ley, la naci\u00f3n? Esta investigaci\u00f3n exige la profundizaci\u00f3n y el desarrollo de las aportaciones del marxismo a estas cuestiones, la denuncia de su dogmatizaci\u00f3n y su enriquecimiento mediante la valoraci\u00f3n cr\u00edtica de an\u00e1lisis procedentes de otros horizontes, en particular los de Michel Foucault. Este libro supone tambi\u00e9n una respuesta a los nuevos fil\u00f3sofos, que pretenden convertir a Marx en el responsable del estatismo y de los gulags. Pero hablar del Estado y del poder implica tambi\u00e9n situarse en la perspectiva de un cambio. \u00bfCu\u00e1les son las relaciones entre socialismo y democracia? \u00bfC\u00f3mo combinar, en un socialismo democr\u00e1tico, el desarrollo de las libertades, la transformaci\u00f3n de la democracia representativa, con el movimiento autogestionario y la democracia directa en la base? Esta es, m\u00e1s all\u00e1 de los incidentes de la coyuntura pol\u00edtica, la cuesti\u00f3n hist\u00f3rica de nuestro tiempo.<\/p>\n","protected":false},"featured_media":1426,"comment_status":"closed","ping_status":"open","template":"","meta":{"_acf_changed":false},"materia_nivel_3":[],"subtema_nivel_2":[2576],"tema_nivel_1":[2570],"product_brand":[],"product_cat":[15],"product_tag":[],"product_author":[3766],"product_collection":[],"class_list":{"0":"post-13802","1":"product","2":"type-product","3":"status-publish","4":"has-post-thumbnail","6":"subtema_nivel_2-politica","7":"tema_nivel_1-ciencias-sociales","8":"product_cat-uncategorized","9":"product_author-poulantzas-nicos","11":"first","12":"instock","13":"purchasable","14":"product-type-simple"},"acf":[],"_links":{"self":[{"href":"https:\/\/dev2.cantalupe.net\/sigloxxi\/wp-json\/wp\/v2\/product\/13802","targetHints":{"allow":["GET"]}}],"collection":[{"href":"https:\/\/dev2.cantalupe.net\/sigloxxi\/wp-json\/wp\/v2\/product"}],"about":[{"href":"https:\/\/dev2.cantalupe.net\/sigloxxi\/wp-json\/wp\/v2\/types\/product"}],"replies":[{"embeddable":true,"href":"https:\/\/dev2.cantalupe.net\/sigloxxi\/wp-json\/wp\/v2\/comments?post=13802"}],"version-history":[{"count":1,"href":"https:\/\/dev2.cantalupe.net\/sigloxxi\/wp-json\/wp\/v2\/product\/13802\/revisions"}],"predecessor-version":[{"id":13803,"href":"https:\/\/dev2.cantalupe.net\/sigloxxi\/wp-json\/wp\/v2\/product\/13802\/revisions\/13803"}],"wp:featuredmedia":[{"embeddable":true,"href":"https:\/\/dev2.cantalupe.net\/sigloxxi\/wp-json\/wp\/v2\/media\/1426"}],"wp:attachment":[{"href":"https:\/\/dev2.cantalupe.net\/sigloxxi\/wp-json\/wp\/v2\/media?parent=13802"}],"wp:term":[{"taxonomy":"materia_nivel_3","embeddable":true,"href":"https:\/\/dev2.cantalupe.net\/sigloxxi\/wp-json\/wp\/v2\/materia_nivel_3?post=13802"},{"taxonomy":"subtema_nivel_2","embeddable":true,"href":"https:\/\/dev2.cantalupe.net\/sigloxxi\/wp-json\/wp\/v2\/subtema_nivel_2?post=13802"},{"taxonomy":"tema_nivel_1","embeddable":true,"href":"https:\/\/dev2.cantalupe.net\/sigloxxi\/wp-json\/wp\/v2\/tema_nivel_1?post=13802"},{"taxonomy":"product_brand","embeddable":true,"href":"https:\/\/dev2.cantalupe.net\/sigloxxi\/wp-json\/wp\/v2\/product_brand?post=13802"},{"taxonomy":"product_cat","embeddable":true,"href":"https:\/\/dev2.cantalupe.net\/sigloxxi\/wp-json\/wp\/v2\/product_cat?post=13802"},{"taxonomy":"product_tag","embeddable":true,"href":"https:\/\/dev2.cantalupe.net\/sigloxxi\/wp-json\/wp\/v2\/product_tag?post=13802"},{"taxonomy":"product_author","embeddable":true,"href":"https:\/\/dev2.cantalupe.net\/sigloxxi\/wp-json\/wp\/v2\/product_author?post=13802"},{"taxonomy":"product_collection","embeddable":true,"href":"https:\/\/dev2.cantalupe.net\/sigloxxi\/wp-json\/wp\/v2\/product_collection?post=13802"}],"curies":[{"name":"wp","href":"https:\/\/api.w.org\/{rel}","templated":true}]}}