{"id":13832,"date":"2025-11-04T14:51:34","date_gmt":"2025-11-04T14:51:34","guid":{"rendered":"https:\/\/dev2.cantalupe.net\/sigloxxi\/libro\/etica-posmoderna\/"},"modified":"2025-11-04T14:51:54","modified_gmt":"2025-11-04T14:51:54","slug":"etica-posmoderna","status":"publish","type":"product","link":"https:\/\/dev2.cantalupe.net\/sigloxxi\/libro\/etica-posmoderna\/","title":{"rendered":"\u00c9tica posmoderna"},"content":{"rendered":"<p>En la posmodernidad, el comportamiento \u00e9tico correcto, antes \u00fanico e indivisible, comienza a evaluarse como \u00abrazonable desde el punto de vista econ\u00f3mico\u00bb, \u00abest\u00e9ticamente agradable\u00bb, \u00abmoralmente adecuado\u00bb. Las acciones pueden ser correctas en un sentido y equivocadas en otro. \u00bfQu\u00e9 acci\u00f3n deber\u00eda medirse conforme a un criterio determinado? Y si se aplican diversos criterios, \u00bfcu\u00e1l deber\u00e1 tener prioridad?La \u00abagenda moral\u00bb de nuestros d\u00edas abunda en asuntos que los estudiosos de temas \u00e9ticos del pasado apenas tocaron, ya que entonces no se articulaban como parte de la experiencia humana. Basta mencionar, en el plano de la vida cotidiana, los diversos problemas morales que surgen de las novedosas relaciones de pareja, sexualidad y relaciones familiares, notorias por su indeterminaci\u00f3n institucional, flexibilidad y fragilidad; o bien la gran cantidad de \u00abtradiciones\u00bb que sobreviven, han resucitado o se inventaron, para disputarse la lealtad de los individuos y reclamar autoridad para guiar la conducta. Y, en el trasfondo, el contexto global de la vida contempor\u00e1nea presenta riesgos de una magnitud insospechada, en verdad catastr\u00f3fica: genocidios, invasiones, \u00abguerras justas\u00bb, fundamentalismo de mercado, pogromos, terror de estado o de credo.<\/p>\n","protected":false},"excerpt":{"rendered":"<p>En la posmodernidad, el comportamiento \u00e9tico correcto, antes \u00fanico e indivisible, comienza a evaluarse como \u00abrazonable desde el punto de vista econ\u00f3mico\u00bb, \u00abest\u00e9ticamente agradable\u00bb, \u00abmoralmente adecuado\u00bb. Las acciones pueden ser correctas en un sentido y equivocadas en otro. \u00bfQu\u00e9 acci\u00f3n deber\u00eda medirse conforme a un criterio determinado? Y si se aplican diversos criterios, \u00bfcu\u00e1l deber\u00e1 tener prioridad?La \u00abagenda moral\u00bb de nuestros d\u00edas abunda en asuntos que los estudiosos de temas \u00e9ticos del pasado apenas tocaron, ya que entonces no se articulaban como parte de la experiencia humana. Basta mencionar, en el plano de la vida cotidiana, los diversos problemas morales que surgen de las novedosas relaciones de pareja, sexualidad y relaciones familiares, notorias por su indeterminaci\u00f3n institucional, flexibilidad y fragilidad; o bien la gran cantidad de \u00abtradiciones\u00bb que sobreviven, han resucitado o se inventaron, para disputarse la lealtad de los individuos y reclamar autoridad para guiar la conducta. Y, en el trasfondo, el contexto global de la vida contempor\u00e1nea presenta riesgos de una magnitud insospechada, en verdad catastr\u00f3fica: genocidios, invasiones, \u00abguerras justas\u00bb, fundamentalismo de mercado, pogromos, terror de estado o de credo.<\/p>\n","protected":false},"featured_media":1452,"comment_status":"closed","ping_status":"open","template":"","meta":{"_acf_changed":false},"materia_nivel_3":[],"subtema_nivel_2":[2583],"tema_nivel_1":[2587],"product_brand":[],"product_cat":[15],"product_tag":[],"product_author":[2932],"product_collection":[],"class_list":{"0":"post-13832","1":"product","2":"type-product","3":"status-publish","4":"has-post-thumbnail","6":"subtema_nivel_2-sociologia","7":"tema_nivel_1-filosofia-y-pensamiento","8":"product_cat-uncategorized","9":"product_author-bauman-zygmunt","11":"first","12":"instock","13":"purchasable","14":"product-type-simple"},"acf":[],"_links":{"self":[{"href":"https:\/\/dev2.cantalupe.net\/sigloxxi\/wp-json\/wp\/v2\/product\/13832","targetHints":{"allow":["GET"]}}],"collection":[{"href":"https:\/\/dev2.cantalupe.net\/sigloxxi\/wp-json\/wp\/v2\/product"}],"about":[{"href":"https:\/\/dev2.cantalupe.net\/sigloxxi\/wp-json\/wp\/v2\/types\/product"}],"replies":[{"embeddable":true,"href":"https:\/\/dev2.cantalupe.net\/sigloxxi\/wp-json\/wp\/v2\/comments?post=13832"}],"version-history":[{"count":1,"href":"https:\/\/dev2.cantalupe.net\/sigloxxi\/wp-json\/wp\/v2\/product\/13832\/revisions"}],"predecessor-version":[{"id":13833,"href":"https:\/\/dev2.cantalupe.net\/sigloxxi\/wp-json\/wp\/v2\/product\/13832\/revisions\/13833"}],"wp:featuredmedia":[{"embeddable":true,"href":"https:\/\/dev2.cantalupe.net\/sigloxxi\/wp-json\/wp\/v2\/media\/1452"}],"wp:attachment":[{"href":"https:\/\/dev2.cantalupe.net\/sigloxxi\/wp-json\/wp\/v2\/media?parent=13832"}],"wp:term":[{"taxonomy":"materia_nivel_3","embeddable":true,"href":"https:\/\/dev2.cantalupe.net\/sigloxxi\/wp-json\/wp\/v2\/materia_nivel_3?post=13832"},{"taxonomy":"subtema_nivel_2","embeddable":true,"href":"https:\/\/dev2.cantalupe.net\/sigloxxi\/wp-json\/wp\/v2\/subtema_nivel_2?post=13832"},{"taxonomy":"tema_nivel_1","embeddable":true,"href":"https:\/\/dev2.cantalupe.net\/sigloxxi\/wp-json\/wp\/v2\/tema_nivel_1?post=13832"},{"taxonomy":"product_brand","embeddable":true,"href":"https:\/\/dev2.cantalupe.net\/sigloxxi\/wp-json\/wp\/v2\/product_brand?post=13832"},{"taxonomy":"product_cat","embeddable":true,"href":"https:\/\/dev2.cantalupe.net\/sigloxxi\/wp-json\/wp\/v2\/product_cat?post=13832"},{"taxonomy":"product_tag","embeddable":true,"href":"https:\/\/dev2.cantalupe.net\/sigloxxi\/wp-json\/wp\/v2\/product_tag?post=13832"},{"taxonomy":"product_author","embeddable":true,"href":"https:\/\/dev2.cantalupe.net\/sigloxxi\/wp-json\/wp\/v2\/product_author?post=13832"},{"taxonomy":"product_collection","embeddable":true,"href":"https:\/\/dev2.cantalupe.net\/sigloxxi\/wp-json\/wp\/v2\/product_collection?post=13832"}],"curies":[{"name":"wp","href":"https:\/\/api.w.org\/{rel}","templated":true}]}}