{"id":13834,"date":"2025-11-04T14:51:34","date_gmt":"2025-11-04T14:51:34","guid":{"rendered":"https:\/\/dev2.cantalupe.net\/sigloxxi\/libro\/eurocomunismo-y-socialismo\/"},"modified":"2025-11-04T14:51:54","modified_gmt":"2025-11-04T14:51:54","slug":"eurocomunismo-y-socialismo","status":"publish","type":"product","link":"https:\/\/dev2.cantalupe.net\/sigloxxi\/libro\/eurocomunismo-y-socialismo\/","title":{"rendered":"Eurocomunismo y socialismo"},"content":{"rendered":"<p>Los tres principales partidos eurocomunistas oscilan entre la tentaci\u00f3n socialdem\u00f3crata -reducci\u00f3n de la v\u00eda democr\u00e1tica al socialismo a simple reformismo socialdem\u00f3crata- y la voluntad de crear las condiciones de una alternativa socialista a la crisis del capitalismo. Los tres anuncian la democratizaci\u00f3n interna, pero no se deciden a archivar el centralismo antidemocr\u00e1tico. Los tres dicen haber superado su pasado estaliniano, pero siguen retrocediendo ante el esclarecimiento total de la verdad hist\u00f3rica. El eurocomunismo contiene la posibilidad y la esperanza de una superaci\u00f3n -en el capitalismo maduro- de la crisis general del movimiento comunista. Pero tambi\u00e9n puede ser su canto de cisne. Incertidumbre que no debe preocupar s\u00f3lo a los comunistas, sino a todas las fuerzas que se sit\u00faan en la perspectiva socialista, porque sin los comunistas es tan problem\u00e1tico concebir la transici\u00f3n socialista en Occidente como sin los socialistas. Si la pr\u00e1ctica del eurocomunismo desmiente sus promesas y si el socialismo no supera el reformismo socialdem\u00f3crata, el capitalismo podr\u00e1 restablecerse una vez m\u00e1s, y por toda una etapa de imprevisible duraci\u00f3n se cerrar\u00e1 de nuevo el camino al socialismo en Europa. Camino angosto, dif\u00edcil, rodeado de peligros: ser\u00eda iluso negarlo. Pero camino posible, que debe intentarse. Porque la \u00fanica alternativa al socialismo sigue siendo la barbarie. Fernando Claud\u00edn es autor de La crisis del movimiento comunista (Par\u00eds, 1970) y de Marx, Engels y la revoluci\u00f3n de 1848 (Madrid, Siglo XXI, 1975).<\/p>\n","protected":false},"excerpt":{"rendered":"<p>Los tres principales partidos eurocomunistas oscilan entre la tentaci\u00f3n socialdem\u00f3crata -reducci\u00f3n de la v\u00eda democr\u00e1tica al socialismo a simple reformismo socialdem\u00f3crata- y la voluntad de crear las condiciones de una alternativa socialista a la crisis del capitalismo. Los tres anuncian la democratizaci\u00f3n interna, pero no se deciden a archivar el centralismo antidemocr\u00e1tico. Los tres dicen haber superado su pasado estaliniano, pero siguen retrocediendo ante el esclarecimiento total de la verdad hist\u00f3rica. El eurocomunismo contiene la posibilidad y la esperanza de una superaci\u00f3n -en el capitalismo maduro- de la crisis general del movimiento comunista. Pero tambi\u00e9n puede ser su canto de cisne. Incertidumbre que no debe preocupar s\u00f3lo a los comunistas, sino a todas las fuerzas que se sit\u00faan en la perspectiva socialista, porque sin los comunistas es tan problem\u00e1tico concebir la transici\u00f3n socialista en Occidente como sin los socialistas. Si la pr\u00e1ctica del eurocomunismo desmiente sus promesas y si el socialismo no supera el reformismo socialdem\u00f3crata, el capitalismo podr\u00e1 restablecerse una vez m\u00e1s, y por toda una etapa de imprevisible duraci\u00f3n se cerrar\u00e1 de nuevo el camino al socialismo en Europa. Camino angosto, dif\u00edcil, rodeado de peligros: ser\u00eda iluso negarlo. Pero camino posible, que debe intentarse. Porque la \u00fanica alternativa al socialismo sigue siendo la barbarie. Fernando Claud\u00edn es autor de La crisis del movimiento comunista (Par\u00eds, 1970) y de Marx, Engels y la revoluci\u00f3n de 1848 (Madrid, Siglo XXI, 1975).<\/p>\n","protected":false},"featured_media":1454,"comment_status":"closed","ping_status":"open","template":"","meta":{"_acf_changed":false},"materia_nivel_3":[],"subtema_nivel_2":[2576],"tema_nivel_1":[2570],"product_brand":[],"product_cat":[15],"product_tag":[],"product_author":[3777],"product_collection":[],"class_list":{"0":"post-13834","1":"product","2":"type-product","3":"status-publish","4":"has-post-thumbnail","6":"subtema_nivel_2-politica","7":"tema_nivel_1-ciencias-sociales","8":"product_cat-uncategorized","9":"product_author-claudin-fernando","11":"first","12":"instock","13":"purchasable","14":"product-type-simple"},"acf":[],"_links":{"self":[{"href":"https:\/\/dev2.cantalupe.net\/sigloxxi\/wp-json\/wp\/v2\/product\/13834","targetHints":{"allow":["GET"]}}],"collection":[{"href":"https:\/\/dev2.cantalupe.net\/sigloxxi\/wp-json\/wp\/v2\/product"}],"about":[{"href":"https:\/\/dev2.cantalupe.net\/sigloxxi\/wp-json\/wp\/v2\/types\/product"}],"replies":[{"embeddable":true,"href":"https:\/\/dev2.cantalupe.net\/sigloxxi\/wp-json\/wp\/v2\/comments?post=13834"}],"version-history":[{"count":1,"href":"https:\/\/dev2.cantalupe.net\/sigloxxi\/wp-json\/wp\/v2\/product\/13834\/revisions"}],"predecessor-version":[{"id":13835,"href":"https:\/\/dev2.cantalupe.net\/sigloxxi\/wp-json\/wp\/v2\/product\/13834\/revisions\/13835"}],"wp:featuredmedia":[{"embeddable":true,"href":"https:\/\/dev2.cantalupe.net\/sigloxxi\/wp-json\/wp\/v2\/media\/1454"}],"wp:attachment":[{"href":"https:\/\/dev2.cantalupe.net\/sigloxxi\/wp-json\/wp\/v2\/media?parent=13834"}],"wp:term":[{"taxonomy":"materia_nivel_3","embeddable":true,"href":"https:\/\/dev2.cantalupe.net\/sigloxxi\/wp-json\/wp\/v2\/materia_nivel_3?post=13834"},{"taxonomy":"subtema_nivel_2","embeddable":true,"href":"https:\/\/dev2.cantalupe.net\/sigloxxi\/wp-json\/wp\/v2\/subtema_nivel_2?post=13834"},{"taxonomy":"tema_nivel_1","embeddable":true,"href":"https:\/\/dev2.cantalupe.net\/sigloxxi\/wp-json\/wp\/v2\/tema_nivel_1?post=13834"},{"taxonomy":"product_brand","embeddable":true,"href":"https:\/\/dev2.cantalupe.net\/sigloxxi\/wp-json\/wp\/v2\/product_brand?post=13834"},{"taxonomy":"product_cat","embeddable":true,"href":"https:\/\/dev2.cantalupe.net\/sigloxxi\/wp-json\/wp\/v2\/product_cat?post=13834"},{"taxonomy":"product_tag","embeddable":true,"href":"https:\/\/dev2.cantalupe.net\/sigloxxi\/wp-json\/wp\/v2\/product_tag?post=13834"},{"taxonomy":"product_author","embeddable":true,"href":"https:\/\/dev2.cantalupe.net\/sigloxxi\/wp-json\/wp\/v2\/product_author?post=13834"},{"taxonomy":"product_collection","embeddable":true,"href":"https:\/\/dev2.cantalupe.net\/sigloxxi\/wp-json\/wp\/v2\/product_collection?post=13834"}],"curies":[{"name":"wp","href":"https:\/\/api.w.org\/{rel}","templated":true}]}}