{"id":13884,"date":"2025-11-04T14:51:58","date_gmt":"2025-11-04T14:51:58","guid":{"rendered":"https:\/\/dev2.cantalupe.net\/sigloxxi\/libro\/familias-modernas-2\/"},"modified":"2025-11-04T14:51:58","modified_gmt":"2025-11-04T14:51:58","slug":"familias-modernas-2","status":"publish","type":"product","link":"https:\/\/dev2.cantalupe.net\/sigloxxi\/libro\/familias-modernas-2\/","title":{"rendered":"Familias modernas"},"content":{"rendered":"<p>En Familias modernas Susan Golombok sintetiza m\u00e1s de dos d\u00e9cadas de innovadora investigaci\u00f3n sobre la crianza de los ni\u00f1os en las nuevas formas de familia: las de madres lesbianas, las de padres gays, las encabezadas por mujeres sin pareja o las formadas mediante t\u00e9cnicas de reproducci\u00f3n asistida como la fecundaci\u00f3n in vitro,\u00a0la donaci\u00f3n de \u00f3vulos, la donaci\u00f3n de esperma, la donaci\u00f3n de embriones y la gestaci\u00f3n subrogada. En su labor, Golombok examina el contexto social en que crecen los ni\u00f1os y compara distintos modos de familia para dar respuesta a las preocupaciones planteadas sobre su correcto desarrollo. Sus hallazgos no solo desmienten mitos y suposiciones populares sobre las consecuencias psicol\u00f3gicas y sociales que tienen para los ni\u00f1os el criarse en estas nuevas familias, sino que refuta categ\u00f3ricamente las teor\u00edas establecidas sobre el desarrollo infantil que se basan en la supremac\u00eda de la familia tradicional.El presente libro demuestra que la estructura de la familia no es decisiva para el bienestar de los ni\u00f1os ni define el cari\u00f1o y el afecto que se les brinda.<\/p>\n","protected":false},"excerpt":{"rendered":"<p>En Familias modernas Susan Golombok sintetiza m\u00e1s de dos d\u00e9cadas de innovadora investigaci\u00f3n sobre la crianza de los ni\u00f1os en las nuevas formas de familia: las de madres lesbianas, las de padres gays, las encabezadas por mujeres sin pareja o las formadas mediante t\u00e9cnicas de reproducci\u00f3n asistida como la fecundaci\u00f3n in vitro,\u00a0la donaci\u00f3n de \u00f3vulos, la donaci\u00f3n de esperma, la donaci\u00f3n de embriones y la gestaci\u00f3n subrogada. En su labor, Golombok examina el contexto social en que crecen los ni\u00f1os y compara distintos modos de familia para dar respuesta a las preocupaciones planteadas sobre su correcto desarrollo. Sus hallazgos no solo desmienten mitos y suposiciones populares sobre las consecuencias psicol\u00f3gicas y sociales que tienen para los ni\u00f1os el criarse en estas nuevas familias, sino que refuta categ\u00f3ricamente las teor\u00edas establecidas sobre el desarrollo infantil que se basan en la supremac\u00eda de la familia tradicional.El presente libro demuestra que la estructura de la familia no es decisiva para el bienestar de los ni\u00f1os ni define el cari\u00f1o y el afecto que se les brinda.<\/p>\n","protected":false},"featured_media":1497,"comment_status":"closed","ping_status":"open","template":"","meta":{"_acf_changed":false},"materia_nivel_3":[2602],"subtema_nivel_2":[2578,2583],"tema_nivel_1":[2579],"product_brand":[],"product_cat":[15],"product_tag":[],"product_author":[3789],"product_collection":[],"class_list":{"0":"post-13884","1":"product","2":"type-product","3":"status-publish","4":"has-post-thumbnail","6":"materia_nivel_3-sociedad-actual","7":"subtema_nivel_2-psicologia","8":"subtema_nivel_2-sociologia","9":"tema_nivel_1-psicologia","10":"product_cat-uncategorized","11":"product_author-golombok-susan","13":"first","14":"instock","15":"purchasable","16":"product-type-simple"},"acf":[],"_links":{"self":[{"href":"https:\/\/dev2.cantalupe.net\/sigloxxi\/wp-json\/wp\/v2\/product\/13884","targetHints":{"allow":["GET"]}}],"collection":[{"href":"https:\/\/dev2.cantalupe.net\/sigloxxi\/wp-json\/wp\/v2\/product"}],"about":[{"href":"https:\/\/dev2.cantalupe.net\/sigloxxi\/wp-json\/wp\/v2\/types\/product"}],"replies":[{"embeddable":true,"href":"https:\/\/dev2.cantalupe.net\/sigloxxi\/wp-json\/wp\/v2\/comments?post=13884"}],"version-history":[{"count":1,"href":"https:\/\/dev2.cantalupe.net\/sigloxxi\/wp-json\/wp\/v2\/product\/13884\/revisions"}],"predecessor-version":[{"id":13885,"href":"https:\/\/dev2.cantalupe.net\/sigloxxi\/wp-json\/wp\/v2\/product\/13884\/revisions\/13885"}],"wp:featuredmedia":[{"embeddable":true,"href":"https:\/\/dev2.cantalupe.net\/sigloxxi\/wp-json\/wp\/v2\/media\/1497"}],"wp:attachment":[{"href":"https:\/\/dev2.cantalupe.net\/sigloxxi\/wp-json\/wp\/v2\/media?parent=13884"}],"wp:term":[{"taxonomy":"materia_nivel_3","embeddable":true,"href":"https:\/\/dev2.cantalupe.net\/sigloxxi\/wp-json\/wp\/v2\/materia_nivel_3?post=13884"},{"taxonomy":"subtema_nivel_2","embeddable":true,"href":"https:\/\/dev2.cantalupe.net\/sigloxxi\/wp-json\/wp\/v2\/subtema_nivel_2?post=13884"},{"taxonomy":"tema_nivel_1","embeddable":true,"href":"https:\/\/dev2.cantalupe.net\/sigloxxi\/wp-json\/wp\/v2\/tema_nivel_1?post=13884"},{"taxonomy":"product_brand","embeddable":true,"href":"https:\/\/dev2.cantalupe.net\/sigloxxi\/wp-json\/wp\/v2\/product_brand?post=13884"},{"taxonomy":"product_cat","embeddable":true,"href":"https:\/\/dev2.cantalupe.net\/sigloxxi\/wp-json\/wp\/v2\/product_cat?post=13884"},{"taxonomy":"product_tag","embeddable":true,"href":"https:\/\/dev2.cantalupe.net\/sigloxxi\/wp-json\/wp\/v2\/product_tag?post=13884"},{"taxonomy":"product_author","embeddable":true,"href":"https:\/\/dev2.cantalupe.net\/sigloxxi\/wp-json\/wp\/v2\/product_author?post=13884"},{"taxonomy":"product_collection","embeddable":true,"href":"https:\/\/dev2.cantalupe.net\/sigloxxi\/wp-json\/wp\/v2\/product_collection?post=13884"}],"curies":[{"name":"wp","href":"https:\/\/api.w.org\/{rel}","templated":true}]}}