{"id":13890,"date":"2025-11-04T14:51:58","date_gmt":"2025-11-04T14:51:58","guid":{"rendered":"https:\/\/dev2.cantalupe.net\/sigloxxi\/libro\/fe-cristiana-iglesia-poder\/"},"modified":"2025-11-04T14:51:58","modified_gmt":"2025-11-04T14:51:58","slug":"fe-cristiana-iglesia-poder","status":"publish","type":"product","link":"https:\/\/dev2.cantalupe.net\/sigloxxi\/libro\/fe-cristiana-iglesia-poder\/","title":{"rendered":"Fe cristiana, Iglesia, poder"},"content":{"rendered":"<p>Gonzalo Puente Ojea ha dedicado gran parte de su reflexi\u00f3n intelectual al fen\u00f3meno religioso en general, y de modo espec\u00edfico a indagar sobre la g\u00e9nesis y la evoluci\u00f3n de las doctrinas y pr\u00e1cticas cristianas en el curso de la historia y en la actualidad. En su libro Ideolog\u00eda e Historia. La formaci\u00f3n del cristianismo como fen\u00f3meno ideol\u00f3gico, publish en 1974 y que circula ahora en su 8\u00aa edici\u00f3n (Madrid, Siglo XXI Editores, 1991, 434 pp.), ha estudiado a fondo los fundamentos hist\u00f3ricos de la fe cristiana. En la obra que presentamos hoy, el autor analiza la estructura y los instrumentos de poder de la Iglesia cat\u00f3lica desde su constituci\u00f3n y en su desarrollo, concentr\u00e1ndose en las grandes cuestiones -quaestiones cogentes, como las designa significativamente- que plantea la dogm\u00e1tica eclesi\u00e1stica. Por esta v\u00eda, ofrece las claves para una comprensi\u00f3n inicial capaz de superar los obst\u00e1culos que la multisecular tradici\u00f3n recibida opone a una visi\u00f3n realista y cr\u00edtica de la funci\u00f3n efectiva que dicha instituci\u00f3n ha desempe\u00f1ado como estructura de poder en la sociedad occidental.<\/p>\n","protected":false},"excerpt":{"rendered":"<p>Gonzalo Puente Ojea ha dedicado gran parte de su reflexi\u00f3n intelectual al fen\u00f3meno religioso en general, y de modo espec\u00edfico a indagar sobre la g\u00e9nesis y la evoluci\u00f3n de las doctrinas y pr\u00e1cticas cristianas en el curso de la historia y en la actualidad. En su libro Ideolog\u00eda e Historia. La formaci\u00f3n del cristianismo como fen\u00f3meno ideol\u00f3gico, publish en 1974 y que circula ahora en su 8\u00aa edici\u00f3n (Madrid, Siglo XXI Editores, 1991, 434 pp.), ha estudiado a fondo los fundamentos hist\u00f3ricos de la fe cristiana. En la obra que presentamos hoy, el autor analiza la estructura y los instrumentos de poder de la Iglesia cat\u00f3lica desde su constituci\u00f3n y en su desarrollo, concentr\u00e1ndose en las grandes cuestiones -quaestiones cogentes, como las designa significativamente- que plantea la dogm\u00e1tica eclesi\u00e1stica. Por esta v\u00eda, ofrece las claves para una comprensi\u00f3n inicial capaz de superar los obst\u00e1culos que la multisecular tradici\u00f3n recibida opone a una visi\u00f3n realista y cr\u00edtica de la funci\u00f3n efectiva que dicha instituci\u00f3n ha desempe\u00f1ado como estructura de poder en la sociedad occidental.<\/p>\n","protected":false},"featured_media":1504,"comment_status":"closed","ping_status":"open","template":"","meta":{"_acf_changed":false},"materia_nivel_3":[2673],"subtema_nivel_2":[2577],"tema_nivel_1":[2627],"product_brand":[],"product_cat":[15],"product_tag":[],"product_author":[2825],"product_collection":[],"class_list":{"0":"post-13890","1":"product","2":"type-product","3":"status-publish","4":"has-post-thumbnail","6":"materia_nivel_3-cristianismo","7":"subtema_nivel_2-religion","8":"tema_nivel_1-biblioteca-gonzalo-puente-ojea","9":"product_cat-uncategorized","10":"product_author-puente-ojea-gonzalo","12":"first","13":"instock","14":"purchasable","15":"product-type-simple"},"acf":[],"_links":{"self":[{"href":"https:\/\/dev2.cantalupe.net\/sigloxxi\/wp-json\/wp\/v2\/product\/13890","targetHints":{"allow":["GET"]}}],"collection":[{"href":"https:\/\/dev2.cantalupe.net\/sigloxxi\/wp-json\/wp\/v2\/product"}],"about":[{"href":"https:\/\/dev2.cantalupe.net\/sigloxxi\/wp-json\/wp\/v2\/types\/product"}],"replies":[{"embeddable":true,"href":"https:\/\/dev2.cantalupe.net\/sigloxxi\/wp-json\/wp\/v2\/comments?post=13890"}],"version-history":[{"count":1,"href":"https:\/\/dev2.cantalupe.net\/sigloxxi\/wp-json\/wp\/v2\/product\/13890\/revisions"}],"predecessor-version":[{"id":13891,"href":"https:\/\/dev2.cantalupe.net\/sigloxxi\/wp-json\/wp\/v2\/product\/13890\/revisions\/13891"}],"wp:featuredmedia":[{"embeddable":true,"href":"https:\/\/dev2.cantalupe.net\/sigloxxi\/wp-json\/wp\/v2\/media\/1504"}],"wp:attachment":[{"href":"https:\/\/dev2.cantalupe.net\/sigloxxi\/wp-json\/wp\/v2\/media?parent=13890"}],"wp:term":[{"taxonomy":"materia_nivel_3","embeddable":true,"href":"https:\/\/dev2.cantalupe.net\/sigloxxi\/wp-json\/wp\/v2\/materia_nivel_3?post=13890"},{"taxonomy":"subtema_nivel_2","embeddable":true,"href":"https:\/\/dev2.cantalupe.net\/sigloxxi\/wp-json\/wp\/v2\/subtema_nivel_2?post=13890"},{"taxonomy":"tema_nivel_1","embeddable":true,"href":"https:\/\/dev2.cantalupe.net\/sigloxxi\/wp-json\/wp\/v2\/tema_nivel_1?post=13890"},{"taxonomy":"product_brand","embeddable":true,"href":"https:\/\/dev2.cantalupe.net\/sigloxxi\/wp-json\/wp\/v2\/product_brand?post=13890"},{"taxonomy":"product_cat","embeddable":true,"href":"https:\/\/dev2.cantalupe.net\/sigloxxi\/wp-json\/wp\/v2\/product_cat?post=13890"},{"taxonomy":"product_tag","embeddable":true,"href":"https:\/\/dev2.cantalupe.net\/sigloxxi\/wp-json\/wp\/v2\/product_tag?post=13890"},{"taxonomy":"product_author","embeddable":true,"href":"https:\/\/dev2.cantalupe.net\/sigloxxi\/wp-json\/wp\/v2\/product_author?post=13890"},{"taxonomy":"product_collection","embeddable":true,"href":"https:\/\/dev2.cantalupe.net\/sigloxxi\/wp-json\/wp\/v2\/product_collection?post=13890"}],"curies":[{"name":"wp","href":"https:\/\/api.w.org\/{rel}","templated":true}]}}