{"id":13912,"date":"2025-11-04T14:51:58","date_gmt":"2025-11-04T14:51:58","guid":{"rendered":"https:\/\/dev2.cantalupe.net\/sigloxxi\/libro\/filosofia-en-tiempo-de-descuento\/"},"modified":"2025-11-04T14:51:59","modified_gmt":"2025-11-04T14:51:59","slug":"filosofia-en-tiempo-de-descuento","status":"publish","type":"product","link":"https:\/\/dev2.cantalupe.net\/sigloxxi\/libro\/filosofia-en-tiempo-de-descuento\/","title":{"rendered":"Filosof\u00eda en tiempo de descuento"},"content":{"rendered":"<p>\u00a0\u00bfQueda algo de<br \/>\nla subjetividad rebelde que protagoniz\u00f3 las revoluciones burguesas y<br \/>\nproletarias? \u00bfTiene sentido seguir invocando su filosof\u00eda? \u00bfO es esta la que<br \/>\nnos denuncia por hacer de un pasado real nuestro presente ficticio?<\/p>\n<p>Filosof\u00eda en tiempo de descuento o de<br \/>\nHegel a la velocidad de la luz<br \/>\n\ttraza una l\u00ednea<br \/>\nimaginaria entre un mundo que se mov\u00eda a 5 kil\u00f3metros por hora, viv\u00eda en<br \/>\nentornos reducidos o viajaba penosamente, y nosotros, que manejamos informaci\u00f3n<br \/>\nno importa d\u00f3nde y al momento, sin tener siquiera que movernos. De Hegel no nos<br \/>\nsepara la doctrina, sino la velocidad. Habr\u00e1 que ser reales a la velocidad de<br \/>\nla luz.<\/p>\n","protected":false},"excerpt":{"rendered":"<p>\u00a0\u00bfQueda algo de<br \/>\nla subjetividad rebelde que protagoniz\u00f3 las revoluciones burguesas y<br \/>\nproletarias? \u00bfTiene sentido seguir invocando su filosof\u00eda? \u00bfO es esta la que<br \/>\nnos denuncia por hacer de un pasado real nuestro presente ficticio?<\/p>\n<p>Filosof\u00eda en tiempo de descuento o de<br \/>\nHegel a la velocidad de la luz<br \/>\n\ttraza una l\u00ednea<br \/>\nimaginaria entre un mundo que se mov\u00eda a 5 kil\u00f3metros por hora, viv\u00eda en<br \/>\nentornos reducidos o viajaba penosamente, y nosotros, que manejamos informaci\u00f3n<br \/>\nno importa d\u00f3nde y al momento, sin tener siquiera que movernos. De Hegel no nos<br \/>\nsepara la doctrina, sino la velocidad. Habr\u00e1 que ser reales a la velocidad de<br \/>\nla luz.<\/p>\n","protected":false},"featured_media":1523,"comment_status":"closed","ping_status":"open","template":"","meta":{"_acf_changed":false},"materia_nivel_3":[],"subtema_nivel_2":[2586],"tema_nivel_1":[2587],"product_brand":[],"product_cat":[15],"product_tag":[],"product_author":[3795],"product_collection":[],"class_list":{"0":"post-13912","1":"product","2":"type-product","3":"status-publish","4":"has-post-thumbnail","6":"subtema_nivel_2-filosofia","7":"tema_nivel_1-filosofia-y-pensamiento","8":"product_cat-uncategorized","9":"product_author-ripalda-jose-m-a","11":"first","12":"instock","13":"purchasable","14":"product-type-simple"},"acf":[],"_links":{"self":[{"href":"https:\/\/dev2.cantalupe.net\/sigloxxi\/wp-json\/wp\/v2\/product\/13912","targetHints":{"allow":["GET"]}}],"collection":[{"href":"https:\/\/dev2.cantalupe.net\/sigloxxi\/wp-json\/wp\/v2\/product"}],"about":[{"href":"https:\/\/dev2.cantalupe.net\/sigloxxi\/wp-json\/wp\/v2\/types\/product"}],"replies":[{"embeddable":true,"href":"https:\/\/dev2.cantalupe.net\/sigloxxi\/wp-json\/wp\/v2\/comments?post=13912"}],"version-history":[{"count":1,"href":"https:\/\/dev2.cantalupe.net\/sigloxxi\/wp-json\/wp\/v2\/product\/13912\/revisions"}],"predecessor-version":[{"id":13913,"href":"https:\/\/dev2.cantalupe.net\/sigloxxi\/wp-json\/wp\/v2\/product\/13912\/revisions\/13913"}],"wp:featuredmedia":[{"embeddable":true,"href":"https:\/\/dev2.cantalupe.net\/sigloxxi\/wp-json\/wp\/v2\/media\/1523"}],"wp:attachment":[{"href":"https:\/\/dev2.cantalupe.net\/sigloxxi\/wp-json\/wp\/v2\/media?parent=13912"}],"wp:term":[{"taxonomy":"materia_nivel_3","embeddable":true,"href":"https:\/\/dev2.cantalupe.net\/sigloxxi\/wp-json\/wp\/v2\/materia_nivel_3?post=13912"},{"taxonomy":"subtema_nivel_2","embeddable":true,"href":"https:\/\/dev2.cantalupe.net\/sigloxxi\/wp-json\/wp\/v2\/subtema_nivel_2?post=13912"},{"taxonomy":"tema_nivel_1","embeddable":true,"href":"https:\/\/dev2.cantalupe.net\/sigloxxi\/wp-json\/wp\/v2\/tema_nivel_1?post=13912"},{"taxonomy":"product_brand","embeddable":true,"href":"https:\/\/dev2.cantalupe.net\/sigloxxi\/wp-json\/wp\/v2\/product_brand?post=13912"},{"taxonomy":"product_cat","embeddable":true,"href":"https:\/\/dev2.cantalupe.net\/sigloxxi\/wp-json\/wp\/v2\/product_cat?post=13912"},{"taxonomy":"product_tag","embeddable":true,"href":"https:\/\/dev2.cantalupe.net\/sigloxxi\/wp-json\/wp\/v2\/product_tag?post=13912"},{"taxonomy":"product_author","embeddable":true,"href":"https:\/\/dev2.cantalupe.net\/sigloxxi\/wp-json\/wp\/v2\/product_author?post=13912"},{"taxonomy":"product_collection","embeddable":true,"href":"https:\/\/dev2.cantalupe.net\/sigloxxi\/wp-json\/wp\/v2\/product_collection?post=13912"}],"curies":[{"name":"wp","href":"https:\/\/api.w.org\/{rel}","templated":true}]}}