{"id":13934,"date":"2025-11-04T14:52:00","date_gmt":"2025-11-04T14:52:00","guid":{"rendered":"https:\/\/dev2.cantalupe.net\/sigloxxi\/libro\/fragmentos-de-un-discurso-amoroso\/"},"modified":"2025-11-04T14:52:05","modified_gmt":"2025-11-04T14:52:05","slug":"fragmentos-de-un-discurso-amoroso","status":"publish","type":"product","link":"https:\/\/dev2.cantalupe.net\/sigloxxi\/libro\/fragmentos-de-un-discurso-amoroso\/","title":{"rendered":"Fragmentos de un discurso amoroso"},"content":{"rendered":"<p>Fragmentos de un discurso amoroso es un libro sobre el amor. Sobre la trivialidad y a la vez sobre la radicalidad del amor. En palabras de Roland Barthes este libro se vuelve necesario porque &#8216;el discurso amoroso es hoy de una extrema soledad. Es un discurso tal vez hablado por miles de personas (\u00bfqui\u00e9n lo sabe?), pero al que nadie sostiene; est\u00e1 completamente abandonado por los lenguajes circundantes: o ignorado, o despreciado o escarnecido por ellos&#8217;. Asfixiado detr\u00e1s del erotismo, la sexualidad la pornograf\u00eda, la publicidad, el cuidado del cuerpo y el consumo medi\u00e1tico. La decisi\u00f3n de Barthes de ocuparse del amor adquiere, en este contexto, un car\u00e1cter subversivo. publish originalmente en 1977, es el libro m\u00e1s ambicioso de la \u00faltima \u00e9poca de Barthes, \u00bfPero cu\u00e1l es su ambici\u00f3n? Darle escritura a la cr\u00edtica, convertir la teor\u00eda en la gran novela del siglo XX. Un delicado relato de aprendizaje (o mejor dicho: del aprendizaje como algo imposible) sobre el deseo, el amor, la soledad, los celos y la respiraci\u00f3n agitada. Un libro sobre las posibilidades de la cr\u00edtica literaria de pensar el mundo, que para Barthes es, ante todo, discurso: &#8216;Dis-cursus es, originalmente, la acci\u00f3n de correr aqu\u00ed y all\u00e1; son las idas y venidas, andanzas, intrigas. En su cabeza, el enamorado no cesa en efecto de correr, de emprender nuevas andanzas y de intrigar contra s\u00ed mismo&#8217;.\u00a0Erudito y a la vez claro, transparente y complejo (como el propio amor) Fragmentos de un discurso amoroso es un exquisito ejercicio de semiolog\u00eda salvaje. Un muestrario de los lugares comunes sobre el amor y, al mismo tiempo, una formidable demolici\u00f3n de esos mismos lugares comunes. Construido como un vocabulario, es un tratado, no sobre el amor, sino sobre sus palabras. Sobre la locura de la sintaxis y el enamoramiento del sentido.<\/p>\n","protected":false},"excerpt":{"rendered":"<p>Fragmentos de un discurso amoroso es un libro sobre el amor. Sobre la trivialidad y a la vez sobre la radicalidad del amor. En palabras de Roland Barthes este libro se vuelve necesario porque &#8216;el discurso amoroso es hoy de una extrema soledad. Es un discurso tal vez hablado por miles de personas (\u00bfqui\u00e9n lo sabe?), pero al que nadie sostiene; est\u00e1 completamente abandonado por los lenguajes circundantes: o ignorado, o despreciado o escarnecido por ellos&#8217;. Asfixiado detr\u00e1s del erotismo, la sexualidad la pornograf\u00eda, la publicidad, el cuidado del cuerpo y el consumo medi\u00e1tico. La decisi\u00f3n de Barthes de ocuparse del amor adquiere, en este contexto, un car\u00e1cter subversivo. publish originalmente en 1977, es el libro m\u00e1s ambicioso de la \u00faltima \u00e9poca de Barthes, \u00bfPero cu\u00e1l es su ambici\u00f3n? Darle escritura a la cr\u00edtica, convertir la teor\u00eda en la gran novela del siglo XX. Un delicado relato de aprendizaje (o mejor dicho: del aprendizaje como algo imposible) sobre el deseo, el amor, la soledad, los celos y la respiraci\u00f3n agitada. Un libro sobre las posibilidades de la cr\u00edtica literaria de pensar el mundo, que para Barthes es, ante todo, discurso: &#8216;Dis-cursus es, originalmente, la acci\u00f3n de correr aqu\u00ed y all\u00e1; son las idas y venidas, andanzas, intrigas. En su cabeza, el enamorado no cesa en efecto de correr, de emprender nuevas andanzas y de intrigar contra s\u00ed mismo&#8217;.\u00a0Erudito y a la vez claro, transparente y complejo (como el propio amor) Fragmentos de un discurso amoroso es un exquisito ejercicio de semiolog\u00eda salvaje. Un muestrario de los lugares comunes sobre el amor y, al mismo tiempo, una formidable demolici\u00f3n de esos mismos lugares comunes. Construido como un vocabulario, es un tratado, no sobre el amor, sino sobre sus palabras. Sobre la locura de la sintaxis y el enamoramiento del sentido.<\/p>\n","protected":false},"featured_media":1541,"comment_status":"closed","ping_status":"open","template":"","meta":{"_acf_changed":false},"materia_nivel_3":[3801],"subtema_nivel_2":[2586],"tema_nivel_1":[3622],"product_brand":[],"product_cat":[15],"product_tag":[],"product_author":[3802],"product_collection":[],"class_list":{"0":"post-13934","1":"product","2":"type-product","3":"status-publish","4":"has-post-thumbnail","6":"materia_nivel_3-etica","7":"subtema_nivel_2-filosofia","8":"tema_nivel_1-biblioteca-clasica-de-siglo-veintiuno","9":"product_cat-uncategorized","10":"product_author-barthes-roland","12":"first","13":"instock","14":"purchasable","15":"product-type-simple"},"acf":[],"_links":{"self":[{"href":"https:\/\/dev2.cantalupe.net\/sigloxxi\/wp-json\/wp\/v2\/product\/13934","targetHints":{"allow":["GET"]}}],"collection":[{"href":"https:\/\/dev2.cantalupe.net\/sigloxxi\/wp-json\/wp\/v2\/product"}],"about":[{"href":"https:\/\/dev2.cantalupe.net\/sigloxxi\/wp-json\/wp\/v2\/types\/product"}],"replies":[{"embeddable":true,"href":"https:\/\/dev2.cantalupe.net\/sigloxxi\/wp-json\/wp\/v2\/comments?post=13934"}],"version-history":[{"count":1,"href":"https:\/\/dev2.cantalupe.net\/sigloxxi\/wp-json\/wp\/v2\/product\/13934\/revisions"}],"predecessor-version":[{"id":13935,"href":"https:\/\/dev2.cantalupe.net\/sigloxxi\/wp-json\/wp\/v2\/product\/13934\/revisions\/13935"}],"wp:featuredmedia":[{"embeddable":true,"href":"https:\/\/dev2.cantalupe.net\/sigloxxi\/wp-json\/wp\/v2\/media\/1541"}],"wp:attachment":[{"href":"https:\/\/dev2.cantalupe.net\/sigloxxi\/wp-json\/wp\/v2\/media?parent=13934"}],"wp:term":[{"taxonomy":"materia_nivel_3","embeddable":true,"href":"https:\/\/dev2.cantalupe.net\/sigloxxi\/wp-json\/wp\/v2\/materia_nivel_3?post=13934"},{"taxonomy":"subtema_nivel_2","embeddable":true,"href":"https:\/\/dev2.cantalupe.net\/sigloxxi\/wp-json\/wp\/v2\/subtema_nivel_2?post=13934"},{"taxonomy":"tema_nivel_1","embeddable":true,"href":"https:\/\/dev2.cantalupe.net\/sigloxxi\/wp-json\/wp\/v2\/tema_nivel_1?post=13934"},{"taxonomy":"product_brand","embeddable":true,"href":"https:\/\/dev2.cantalupe.net\/sigloxxi\/wp-json\/wp\/v2\/product_brand?post=13934"},{"taxonomy":"product_cat","embeddable":true,"href":"https:\/\/dev2.cantalupe.net\/sigloxxi\/wp-json\/wp\/v2\/product_cat?post=13934"},{"taxonomy":"product_tag","embeddable":true,"href":"https:\/\/dev2.cantalupe.net\/sigloxxi\/wp-json\/wp\/v2\/product_tag?post=13934"},{"taxonomy":"product_author","embeddable":true,"href":"https:\/\/dev2.cantalupe.net\/sigloxxi\/wp-json\/wp\/v2\/product_author?post=13934"},{"taxonomy":"product_collection","embeddable":true,"href":"https:\/\/dev2.cantalupe.net\/sigloxxi\/wp-json\/wp\/v2\/product_collection?post=13934"}],"curies":[{"name":"wp","href":"https:\/\/api.w.org\/{rel}","templated":true}]}}