{"id":13970,"date":"2025-11-04T14:52:14","date_gmt":"2025-11-04T14:52:14","guid":{"rendered":"https:\/\/dev2.cantalupe.net\/sigloxxi\/libro\/ganancias-y-rentas-urbanas\/"},"modified":"2025-11-04T14:52:15","modified_gmt":"2025-11-04T14:52:15","slug":"ganancias-y-rentas-urbanas","status":"publish","type":"product","link":"https:\/\/dev2.cantalupe.net\/sigloxxi\/libro\/ganancias-y-rentas-urbanas\/","title":{"rendered":"Ganancias y rentas urbanas"},"content":{"rendered":"<p>En la primera mitad de los a\u00f1os setenta surgi\u00f3 en Francia una oleada de investigaciones de sociolog\u00eda urbana que combinaban la utilizaci\u00f3n de un marco te\u00f3rico marxista con un decidido enfoque emp\u00edrico fruto del origen de dichas investigaciones: la necesidad del Estado planificador de comprender y prever la actuaci\u00f3n de los distintos agentes en el desarrollo urbano. La herencia del 68 -en el sentido de un marxismo renovado al servicio de una voluntad radical de transformaci\u00f3n de la sociedad- ven\u00eda as\u00ed a combinarse parad\u00f3jicamente con las exigencias funcionales del Estado capitalista. Este conjunto de obras, en buena medida vinculadas al Centre de Sociologie Urbaine de Par\u00eds, han tenido influencia decisiva en el pensamiento sobre lo urbano, la ciudad y los movimientos sociales. Sin embargo, la mayor parte de ellas no han sido traducidas nunca al castellano. La presente obra pe Christian Topalov puede permitir al lector comenzar por el principio, mediante un texto cl\u00e1sico, claro y sencillo, en el que se sintetizan las principales teor\u00edas sobre la renta del suelo urbano. Tras su estudio, otros textos, incluyendo los de propio Topalov, resultar\u00e1n mucho m\u00e1s claros para todos los interesados en los problemas urbanos.<\/p>\n","protected":false},"excerpt":{"rendered":"<p>En la primera mitad de los a\u00f1os setenta surgi\u00f3 en Francia una oleada de investigaciones de sociolog\u00eda urbana que combinaban la utilizaci\u00f3n de un marco te\u00f3rico marxista con un decidido enfoque emp\u00edrico fruto del origen de dichas investigaciones: la necesidad del Estado planificador de comprender y prever la actuaci\u00f3n de los distintos agentes en el desarrollo urbano. La herencia del 68 -en el sentido de un marxismo renovado al servicio de una voluntad radical de transformaci\u00f3n de la sociedad- ven\u00eda as\u00ed a combinarse parad\u00f3jicamente con las exigencias funcionales del Estado capitalista. Este conjunto de obras, en buena medida vinculadas al Centre de Sociologie Urbaine de Par\u00eds, han tenido influencia decisiva en el pensamiento sobre lo urbano, la ciudad y los movimientos sociales. Sin embargo, la mayor parte de ellas no han sido traducidas nunca al castellano. La presente obra pe Christian Topalov puede permitir al lector comenzar por el principio, mediante un texto cl\u00e1sico, claro y sencillo, en el que se sintetizan las principales teor\u00edas sobre la renta del suelo urbano. Tras su estudio, otros textos, incluyendo los de propio Topalov, resultar\u00e1n mucho m\u00e1s claros para todos los interesados en los problemas urbanos.<\/p>\n","protected":false},"featured_media":1574,"comment_status":"closed","ping_status":"open","template":"","meta":{"_acf_changed":false},"materia_nivel_3":[],"subtema_nivel_2":[2667],"tema_nivel_1":[2570],"product_brand":[],"product_cat":[15],"product_tag":[],"product_author":[3819],"product_collection":[],"class_list":{"0":"post-13970","1":"product","2":"type-product","3":"status-publish","4":"has-post-thumbnail","6":"subtema_nivel_2-arquitectura","7":"tema_nivel_1-ciencias-sociales","8":"product_cat-uncategorized","9":"product_author-topalov-christian","11":"first","12":"instock","13":"purchasable","14":"product-type-simple"},"acf":[],"_links":{"self":[{"href":"https:\/\/dev2.cantalupe.net\/sigloxxi\/wp-json\/wp\/v2\/product\/13970","targetHints":{"allow":["GET"]}}],"collection":[{"href":"https:\/\/dev2.cantalupe.net\/sigloxxi\/wp-json\/wp\/v2\/product"}],"about":[{"href":"https:\/\/dev2.cantalupe.net\/sigloxxi\/wp-json\/wp\/v2\/types\/product"}],"replies":[{"embeddable":true,"href":"https:\/\/dev2.cantalupe.net\/sigloxxi\/wp-json\/wp\/v2\/comments?post=13970"}],"version-history":[{"count":1,"href":"https:\/\/dev2.cantalupe.net\/sigloxxi\/wp-json\/wp\/v2\/product\/13970\/revisions"}],"predecessor-version":[{"id":13971,"href":"https:\/\/dev2.cantalupe.net\/sigloxxi\/wp-json\/wp\/v2\/product\/13970\/revisions\/13971"}],"wp:featuredmedia":[{"embeddable":true,"href":"https:\/\/dev2.cantalupe.net\/sigloxxi\/wp-json\/wp\/v2\/media\/1574"}],"wp:attachment":[{"href":"https:\/\/dev2.cantalupe.net\/sigloxxi\/wp-json\/wp\/v2\/media?parent=13970"}],"wp:term":[{"taxonomy":"materia_nivel_3","embeddable":true,"href":"https:\/\/dev2.cantalupe.net\/sigloxxi\/wp-json\/wp\/v2\/materia_nivel_3?post=13970"},{"taxonomy":"subtema_nivel_2","embeddable":true,"href":"https:\/\/dev2.cantalupe.net\/sigloxxi\/wp-json\/wp\/v2\/subtema_nivel_2?post=13970"},{"taxonomy":"tema_nivel_1","embeddable":true,"href":"https:\/\/dev2.cantalupe.net\/sigloxxi\/wp-json\/wp\/v2\/tema_nivel_1?post=13970"},{"taxonomy":"product_brand","embeddable":true,"href":"https:\/\/dev2.cantalupe.net\/sigloxxi\/wp-json\/wp\/v2\/product_brand?post=13970"},{"taxonomy":"product_cat","embeddable":true,"href":"https:\/\/dev2.cantalupe.net\/sigloxxi\/wp-json\/wp\/v2\/product_cat?post=13970"},{"taxonomy":"product_tag","embeddable":true,"href":"https:\/\/dev2.cantalupe.net\/sigloxxi\/wp-json\/wp\/v2\/product_tag?post=13970"},{"taxonomy":"product_author","embeddable":true,"href":"https:\/\/dev2.cantalupe.net\/sigloxxi\/wp-json\/wp\/v2\/product_author?post=13970"},{"taxonomy":"product_collection","embeddable":true,"href":"https:\/\/dev2.cantalupe.net\/sigloxxi\/wp-json\/wp\/v2\/product_collection?post=13970"}],"curies":[{"name":"wp","href":"https:\/\/api.w.org\/{rel}","templated":true}]}}