{"id":13982,"date":"2025-11-04T14:52:14","date_gmt":"2025-11-04T14:52:14","guid":{"rendered":"https:\/\/dev2.cantalupe.net\/sigloxxi\/libro\/gramsci-y-el-estado\/"},"modified":"2025-11-04T14:52:15","modified_gmt":"2025-11-04T14:52:15","slug":"gramsci-y-el-estado","status":"publish","type":"product","link":"https:\/\/dev2.cantalupe.net\/sigloxxi\/libro\/gramsci-y-el-estado\/","title":{"rendered":"Gramsci y el Estado"},"content":{"rendered":"<p>Solapa: En relaci\u00f3n con la cuesti\u00f3n del Estado, Gramsci, encarcelado desde 1926 por un Estado fascista que quer\u00eda ?impedir que su cerebro funcionase?, ocupa una posici\u00f3n muy espec\u00edfica, tr\u00e1gicamente privilegiada. Luchando d\u00eda a d\u00eda por su propia supervivencia, realizar\u00e1 su trabajo de la c\u00e1rcel a partir del cambio de cuadro de cuadro estrat\u00e9gico en 1928-1930. De este cambio, Gramsci deducir\u00e1 que el modelo de revoluci\u00f3n frontal violenta, de hundimiento del Estado en un doble poder -el modelo de 1917, lo que \u00e9l llama ?guerra de movimiento?-, es ya inadecuado para la estructura de los pa\u00edses capitalistas desarrollados y para su Estado. Mucho antes de la estrategia frentista adoptada por la III Internacional en 1935, se ver\u00e1 llevado a explorar una nueva forma de estrategia ofensiva de la revoluci\u00f3n en occidente: la ?guerra de posici\u00f3n?, la estrategia de la hegemon\u00eda. El an\u00e1lisis de Christine Buci-Glucksmann pretende profundizar en los desarrollos de Gramsci sobre el Estado desde la perspectiva de la revoluci\u00f3n en Occidente. No es casual que esta obra fuera redactada bajo el impacto de la derrota de la Unidad Popular en Chile: \u00bfhabr\u00eda sido posible la victoria sangrienta del golpe militar sin las brechas sociopol\u00edticas abiertas pero no resueltas por la Unidad Popular en el Estado, en sus aparatos coercitivos e ideol\u00f3gicos, en las clases medias? Esta obra recibi\u00f3 el premio Iglesias 1976, otorgado por un jurado internacional, del que formaban parte, entre otros, N. Bobbio, G. Fiori, V. Gerratana, E. Hobsbawm, H. Portelli y P. Spriano.<\/p>\n","protected":false},"excerpt":{"rendered":"<p>Solapa: En relaci\u00f3n con la cuesti\u00f3n del Estado, Gramsci, encarcelado desde 1926 por un Estado fascista que quer\u00eda ?impedir que su cerebro funcionase?, ocupa una posici\u00f3n muy espec\u00edfica, tr\u00e1gicamente privilegiada. Luchando d\u00eda a d\u00eda por su propia supervivencia, realizar\u00e1 su trabajo de la c\u00e1rcel a partir del cambio de cuadro de cuadro estrat\u00e9gico en 1928-1930. De este cambio, Gramsci deducir\u00e1 que el modelo de revoluci\u00f3n frontal violenta, de hundimiento del Estado en un doble poder -el modelo de 1917, lo que \u00e9l llama ?guerra de movimiento?-, es ya inadecuado para la estructura de los pa\u00edses capitalistas desarrollados y para su Estado. Mucho antes de la estrategia frentista adoptada por la III Internacional en 1935, se ver\u00e1 llevado a explorar una nueva forma de estrategia ofensiva de la revoluci\u00f3n en occidente: la ?guerra de posici\u00f3n?, la estrategia de la hegemon\u00eda. El an\u00e1lisis de Christine Buci-Glucksmann pretende profundizar en los desarrollos de Gramsci sobre el Estado desde la perspectiva de la revoluci\u00f3n en Occidente. No es casual que esta obra fuera redactada bajo el impacto de la derrota de la Unidad Popular en Chile: \u00bfhabr\u00eda sido posible la victoria sangrienta del golpe militar sin las brechas sociopol\u00edticas abiertas pero no resueltas por la Unidad Popular en el Estado, en sus aparatos coercitivos e ideol\u00f3gicos, en las clases medias? Esta obra recibi\u00f3 el premio Iglesias 1976, otorgado por un jurado internacional, del que formaban parte, entre otros, N. Bobbio, G. Fiori, V. Gerratana, E. Hobsbawm, H. Portelli y P. Spriano.<\/p>\n","protected":false},"featured_media":1584,"comment_status":"closed","ping_status":"open","template":"","meta":{"_acf_changed":false},"materia_nivel_3":[],"subtema_nivel_2":[2576],"tema_nivel_1":[2570],"product_brand":[],"product_cat":[15],"product_tag":[],"product_author":[3822],"product_collection":[],"class_list":{"0":"post-13982","1":"product","2":"type-product","3":"status-publish","4":"has-post-thumbnail","6":"subtema_nivel_2-politica","7":"tema_nivel_1-ciencias-sociales","8":"product_cat-uncategorized","9":"product_author-buci-glucksmann-christine","11":"first","12":"instock","13":"purchasable","14":"product-type-simple"},"acf":[],"_links":{"self":[{"href":"https:\/\/dev2.cantalupe.net\/sigloxxi\/wp-json\/wp\/v2\/product\/13982","targetHints":{"allow":["GET"]}}],"collection":[{"href":"https:\/\/dev2.cantalupe.net\/sigloxxi\/wp-json\/wp\/v2\/product"}],"about":[{"href":"https:\/\/dev2.cantalupe.net\/sigloxxi\/wp-json\/wp\/v2\/types\/product"}],"replies":[{"embeddable":true,"href":"https:\/\/dev2.cantalupe.net\/sigloxxi\/wp-json\/wp\/v2\/comments?post=13982"}],"version-history":[{"count":1,"href":"https:\/\/dev2.cantalupe.net\/sigloxxi\/wp-json\/wp\/v2\/product\/13982\/revisions"}],"predecessor-version":[{"id":13983,"href":"https:\/\/dev2.cantalupe.net\/sigloxxi\/wp-json\/wp\/v2\/product\/13982\/revisions\/13983"}],"wp:featuredmedia":[{"embeddable":true,"href":"https:\/\/dev2.cantalupe.net\/sigloxxi\/wp-json\/wp\/v2\/media\/1584"}],"wp:attachment":[{"href":"https:\/\/dev2.cantalupe.net\/sigloxxi\/wp-json\/wp\/v2\/media?parent=13982"}],"wp:term":[{"taxonomy":"materia_nivel_3","embeddable":true,"href":"https:\/\/dev2.cantalupe.net\/sigloxxi\/wp-json\/wp\/v2\/materia_nivel_3?post=13982"},{"taxonomy":"subtema_nivel_2","embeddable":true,"href":"https:\/\/dev2.cantalupe.net\/sigloxxi\/wp-json\/wp\/v2\/subtema_nivel_2?post=13982"},{"taxonomy":"tema_nivel_1","embeddable":true,"href":"https:\/\/dev2.cantalupe.net\/sigloxxi\/wp-json\/wp\/v2\/tema_nivel_1?post=13982"},{"taxonomy":"product_brand","embeddable":true,"href":"https:\/\/dev2.cantalupe.net\/sigloxxi\/wp-json\/wp\/v2\/product_brand?post=13982"},{"taxonomy":"product_cat","embeddable":true,"href":"https:\/\/dev2.cantalupe.net\/sigloxxi\/wp-json\/wp\/v2\/product_cat?post=13982"},{"taxonomy":"product_tag","embeddable":true,"href":"https:\/\/dev2.cantalupe.net\/sigloxxi\/wp-json\/wp\/v2\/product_tag?post=13982"},{"taxonomy":"product_author","embeddable":true,"href":"https:\/\/dev2.cantalupe.net\/sigloxxi\/wp-json\/wp\/v2\/product_author?post=13982"},{"taxonomy":"product_collection","embeddable":true,"href":"https:\/\/dev2.cantalupe.net\/sigloxxi\/wp-json\/wp\/v2\/product_collection?post=13982"}],"curies":[{"name":"wp","href":"https:\/\/api.w.org\/{rel}","templated":true}]}}