{"id":13990,"date":"2025-11-04T14:52:14","date_gmt":"2025-11-04T14:52:14","guid":{"rendered":"https:\/\/dev2.cantalupe.net\/sigloxxi\/libro\/griegos-y-persas\/"},"modified":"2025-11-04T14:52:19","modified_gmt":"2025-11-04T14:52:19","slug":"griegos-y-persas","status":"publish","type":"product","link":"https:\/\/dev2.cantalupe.net\/sigloxxi\/libro\/griegos-y-persas\/","title":{"rendered":"Griegos y persas"},"content":{"rendered":"<p>Mar Nuestro para los romanos, mar Blanco para los turcos, Gran Mar para los jud\u00edos, mar Medio para los germanos, el Mediterr\u00e1neo ha recibido tantos nombres como pueblos se acercaron a sus orillas desde la Antig\u00fcedad. Canal esencial para la comunicaci\u00f3n de ideas, modelos y valores, as\u00ed como para el intercambio de mercanc\u00edas y el comercio, fue escenario de guerras y luchas por la hegemon\u00eda del mundo hasta entonces conocido. Su historia es la del origen de Europa y la civilizaci\u00f3n occidental.\u00a0En Griegos y persas, tomo que abre El mundo mediterr\u00e1neo en la Edad Antigua, Hermann Bengtson narra la historia de dicho \u00e1mbito entre el 520 y el 323 a.C. No solo nos muestra la Grecia de las polis y el Imperio persa o realiza un vivo retrato de los grandes hombres del momento, como Filipo II, Cl\u00edstenes, Pericles, Jerjes y, por supuesto, el gran Alejandro. Tambi\u00e9n reconstruye la competencia entre Atenas y Esparta, la Guerra del Peloponeso o la batalla de Marat\u00f3n, y expone c\u00f3mo, con la expansi\u00f3n hacia Oriente, se inici\u00f3 la mixtura cultural helenista.<\/p>\n","protected":false},"excerpt":{"rendered":"<p>Mar Nuestro para los romanos, mar Blanco para los turcos, Gran Mar para los jud\u00edos, mar Medio para los germanos, el Mediterr\u00e1neo ha recibido tantos nombres como pueblos se acercaron a sus orillas desde la Antig\u00fcedad. Canal esencial para la comunicaci\u00f3n de ideas, modelos y valores, as\u00ed como para el intercambio de mercanc\u00edas y el comercio, fue escenario de guerras y luchas por la hegemon\u00eda del mundo hasta entonces conocido. Su historia es la del origen de Europa y la civilizaci\u00f3n occidental.\u00a0En Griegos y persas, tomo que abre El mundo mediterr\u00e1neo en la Edad Antigua, Hermann Bengtson narra la historia de dicho \u00e1mbito entre el 520 y el 323 a.C. No solo nos muestra la Grecia de las polis y el Imperio persa o realiza un vivo retrato de los grandes hombres del momento, como Filipo II, Cl\u00edstenes, Pericles, Jerjes y, por supuesto, el gran Alejandro. Tambi\u00e9n reconstruye la competencia entre Atenas y Esparta, la Guerra del Peloponeso o la batalla de Marat\u00f3n, y expone c\u00f3mo, con la expansi\u00f3n hacia Oriente, se inici\u00f3 la mixtura cultural helenista.<\/p>\n","protected":false},"featured_media":1591,"comment_status":"closed","ping_status":"open","template":"","meta":{"_acf_changed":false},"materia_nivel_3":[2660],"subtema_nivel_2":[2561],"tema_nivel_1":[2567],"product_brand":[],"product_cat":[15],"product_tag":[],"product_author":[3824],"product_collection":[],"class_list":{"0":"post-13990","1":"product","2":"type-product","3":"status-publish","4":"has-post-thumbnail","6":"materia_nivel_3-antigua","7":"subtema_nivel_2-historia","8":"tema_nivel_1-historia","9":"product_cat-uncategorized","10":"product_author-bengtson-hermann","12":"first","13":"instock","14":"purchasable","15":"product-type-simple"},"acf":[],"_links":{"self":[{"href":"https:\/\/dev2.cantalupe.net\/sigloxxi\/wp-json\/wp\/v2\/product\/13990","targetHints":{"allow":["GET"]}}],"collection":[{"href":"https:\/\/dev2.cantalupe.net\/sigloxxi\/wp-json\/wp\/v2\/product"}],"about":[{"href":"https:\/\/dev2.cantalupe.net\/sigloxxi\/wp-json\/wp\/v2\/types\/product"}],"replies":[{"embeddable":true,"href":"https:\/\/dev2.cantalupe.net\/sigloxxi\/wp-json\/wp\/v2\/comments?post=13990"}],"version-history":[{"count":1,"href":"https:\/\/dev2.cantalupe.net\/sigloxxi\/wp-json\/wp\/v2\/product\/13990\/revisions"}],"predecessor-version":[{"id":13991,"href":"https:\/\/dev2.cantalupe.net\/sigloxxi\/wp-json\/wp\/v2\/product\/13990\/revisions\/13991"}],"wp:featuredmedia":[{"embeddable":true,"href":"https:\/\/dev2.cantalupe.net\/sigloxxi\/wp-json\/wp\/v2\/media\/1591"}],"wp:attachment":[{"href":"https:\/\/dev2.cantalupe.net\/sigloxxi\/wp-json\/wp\/v2\/media?parent=13990"}],"wp:term":[{"taxonomy":"materia_nivel_3","embeddable":true,"href":"https:\/\/dev2.cantalupe.net\/sigloxxi\/wp-json\/wp\/v2\/materia_nivel_3?post=13990"},{"taxonomy":"subtema_nivel_2","embeddable":true,"href":"https:\/\/dev2.cantalupe.net\/sigloxxi\/wp-json\/wp\/v2\/subtema_nivel_2?post=13990"},{"taxonomy":"tema_nivel_1","embeddable":true,"href":"https:\/\/dev2.cantalupe.net\/sigloxxi\/wp-json\/wp\/v2\/tema_nivel_1?post=13990"},{"taxonomy":"product_brand","embeddable":true,"href":"https:\/\/dev2.cantalupe.net\/sigloxxi\/wp-json\/wp\/v2\/product_brand?post=13990"},{"taxonomy":"product_cat","embeddable":true,"href":"https:\/\/dev2.cantalupe.net\/sigloxxi\/wp-json\/wp\/v2\/product_cat?post=13990"},{"taxonomy":"product_tag","embeddable":true,"href":"https:\/\/dev2.cantalupe.net\/sigloxxi\/wp-json\/wp\/v2\/product_tag?post=13990"},{"taxonomy":"product_author","embeddable":true,"href":"https:\/\/dev2.cantalupe.net\/sigloxxi\/wp-json\/wp\/v2\/product_author?post=13990"},{"taxonomy":"product_collection","embeddable":true,"href":"https:\/\/dev2.cantalupe.net\/sigloxxi\/wp-json\/wp\/v2\/product_collection?post=13990"}],"curies":[{"name":"wp","href":"https:\/\/api.w.org\/{rel}","templated":true}]}}