{"id":14022,"date":"2025-11-04T14:52:21","date_gmt":"2025-11-04T14:52:21","guid":{"rendered":"https:\/\/dev2.cantalupe.net\/sigloxxi\/libro\/hacemos-tabla-rasa-del-pasado\/"},"modified":"2025-11-04T14:52:22","modified_gmt":"2025-11-04T14:52:22","slug":"hacemos-tabla-rasa-del-pasado","status":"publish","type":"product","link":"https:\/\/dev2.cantalupe.net\/sigloxxi\/libro\/hacemos-tabla-rasa-del-pasado\/","title":{"rendered":"\u00bfHacemos tabla rasa del pasado?"},"content":{"rendered":"<p>&#8220;\u00bfQu\u00e9 lugar ocupa el saber hist\u00f3rico en la vida social? \u00bfAct\u00faa en favor del orden establecido o contra \u00e9l? \u00bfEs un producto jerarquizado que desciende de los especialistas a los &#8220;&#8221;consumidores de historia&#8221;&#8221; a trav\u00e9s del libro, la televisi\u00f3n o el turismo? \u00bfEst\u00e1 ante todo enraizado en una necesidad colectiva, una referencia al pasado que act\u00faa en todo el cuerpo social y cuyas investigaciones especializadas no pasar\u00edan de ser un aspecto entre otros? Todas estas cuestiones son pol\u00edticas y el autor las aborda en t\u00e9rminos directamente pol\u00edticos, a partir de una reflexi\u00f3n de conjunto fundada en el rechazo del capitalismo, a partir al mismo tiempo de la pr\u00e1ctica social, de las luchas concretas en las que ha tenido ocasi\u00f3n de participar desde hace algunos a\u00f1os. De Jean Chesneaux Siglo XXI ha publish tambi\u00e9n Una lectura pol\u00edtica de Julio Verne y Movimientos campesinos en China (1840-1949).&#8221;<\/p>\n","protected":false},"excerpt":{"rendered":"<p>&#8220;\u00bfQu\u00e9 lugar ocupa el saber hist\u00f3rico en la vida social? \u00bfAct\u00faa en favor del orden establecido o contra \u00e9l? \u00bfEs un producto jerarquizado que desciende de los especialistas a los &#8220;&#8221;consumidores de historia&#8221;&#8221; a trav\u00e9s del libro, la televisi\u00f3n o el turismo? \u00bfEst\u00e1 ante todo enraizado en una necesidad colectiva, una referencia al pasado que act\u00faa en todo el cuerpo social y cuyas investigaciones especializadas no pasar\u00edan de ser un aspecto entre otros? Todas estas cuestiones son pol\u00edticas y el autor las aborda en t\u00e9rminos directamente pol\u00edticos, a partir de una reflexi\u00f3n de conjunto fundada en el rechazo del capitalismo, a partir al mismo tiempo de la pr\u00e1ctica social, de las luchas concretas en las que ha tenido ocasi\u00f3n de participar desde hace algunos a\u00f1os. De Jean Chesneaux Siglo XXI ha publish tambi\u00e9n Una lectura pol\u00edtica de Julio Verne y Movimientos campesinos en China (1840-1949).&#8221;<\/p>\n","protected":false},"featured_media":1620,"comment_status":"closed","ping_status":"open","template":"","meta":{"_acf_changed":false},"materia_nivel_3":[],"subtema_nivel_2":[],"tema_nivel_1":[2567],"product_brand":[],"product_cat":[15],"product_tag":[],"product_author":[3835],"product_collection":[],"class_list":{"0":"post-14022","1":"product","2":"type-product","3":"status-publish","4":"has-post-thumbnail","6":"tema_nivel_1-historia","7":"product_cat-uncategorized","8":"product_author-chesneaux-jean","10":"first","11":"instock","12":"purchasable","13":"product-type-simple"},"acf":[],"_links":{"self":[{"href":"https:\/\/dev2.cantalupe.net\/sigloxxi\/wp-json\/wp\/v2\/product\/14022","targetHints":{"allow":["GET"]}}],"collection":[{"href":"https:\/\/dev2.cantalupe.net\/sigloxxi\/wp-json\/wp\/v2\/product"}],"about":[{"href":"https:\/\/dev2.cantalupe.net\/sigloxxi\/wp-json\/wp\/v2\/types\/product"}],"replies":[{"embeddable":true,"href":"https:\/\/dev2.cantalupe.net\/sigloxxi\/wp-json\/wp\/v2\/comments?post=14022"}],"version-history":[{"count":1,"href":"https:\/\/dev2.cantalupe.net\/sigloxxi\/wp-json\/wp\/v2\/product\/14022\/revisions"}],"predecessor-version":[{"id":14023,"href":"https:\/\/dev2.cantalupe.net\/sigloxxi\/wp-json\/wp\/v2\/product\/14022\/revisions\/14023"}],"wp:featuredmedia":[{"embeddable":true,"href":"https:\/\/dev2.cantalupe.net\/sigloxxi\/wp-json\/wp\/v2\/media\/1620"}],"wp:attachment":[{"href":"https:\/\/dev2.cantalupe.net\/sigloxxi\/wp-json\/wp\/v2\/media?parent=14022"}],"wp:term":[{"taxonomy":"materia_nivel_3","embeddable":true,"href":"https:\/\/dev2.cantalupe.net\/sigloxxi\/wp-json\/wp\/v2\/materia_nivel_3?post=14022"},{"taxonomy":"subtema_nivel_2","embeddable":true,"href":"https:\/\/dev2.cantalupe.net\/sigloxxi\/wp-json\/wp\/v2\/subtema_nivel_2?post=14022"},{"taxonomy":"tema_nivel_1","embeddable":true,"href":"https:\/\/dev2.cantalupe.net\/sigloxxi\/wp-json\/wp\/v2\/tema_nivel_1?post=14022"},{"taxonomy":"product_brand","embeddable":true,"href":"https:\/\/dev2.cantalupe.net\/sigloxxi\/wp-json\/wp\/v2\/product_brand?post=14022"},{"taxonomy":"product_cat","embeddable":true,"href":"https:\/\/dev2.cantalupe.net\/sigloxxi\/wp-json\/wp\/v2\/product_cat?post=14022"},{"taxonomy":"product_tag","embeddable":true,"href":"https:\/\/dev2.cantalupe.net\/sigloxxi\/wp-json\/wp\/v2\/product_tag?post=14022"},{"taxonomy":"product_author","embeddable":true,"href":"https:\/\/dev2.cantalupe.net\/sigloxxi\/wp-json\/wp\/v2\/product_author?post=14022"},{"taxonomy":"product_collection","embeddable":true,"href":"https:\/\/dev2.cantalupe.net\/sigloxxi\/wp-json\/wp\/v2\/product_collection?post=14022"}],"curies":[{"name":"wp","href":"https:\/\/api.w.org\/{rel}","templated":true}]}}