{"id":14058,"date":"2025-11-04T14:52:35","date_gmt":"2025-11-04T14:52:35","guid":{"rendered":"https:\/\/dev2.cantalupe.net\/sigloxxi\/libro\/hegel-marx-nietzsche\/"},"modified":"2025-11-04T14:52:40","modified_gmt":"2025-11-04T14:52:40","slug":"hegel-marx-nietzsche","status":"publish","type":"product","link":"https:\/\/dev2.cantalupe.net\/sigloxxi\/libro\/hegel-marx-nietzsche\/","title":{"rendered":"Hegel, Marx, Nietzsche"},"content":{"rendered":"<p>\u00abEl mundo moderno es hegeliano\u00bb. \u00abEs marxista\u00bb. \u00abEs nietzscheano\u00bb. Ninguna de estas proposiciones tiene en s\u00ed mismas trazas de ser una paradoja. Pero el triple enunciado, \u00abEl mundo moderno es hegeliano, marxista y nietzscheano\u00bb, tiene algo intolerablemente perturbador. \u00bfC\u00f3mo puede este mundo moderno ser a la vez eso, esto y aquello? \u00bfDe qu\u00e9 forma puede responder a doctrinas diversas, opuestas en m\u00e1s de un punto, incluso incompatibles? Si el mundo moderno \u00abes\u00bb a un tiempo eso, esto y aquello, lo es porque estamos ante ideolog\u00edas que planean sobre la pr\u00e1ctica social y pol\u00edtica. Si esta triplicidad tiene sentido, quiere decir que cada uno de los autores estudiados (Hegel, Marx, Nietzsche) ha captado \u00abalgo\u00bb del mundo moderno, algo a punto de formarse y que germin\u00f3 desde el final del siglo XIX hasta el presente.<br \/>\nSi es cierto que el pensamiento hegeliano se concentra en un concepto, el Estado; si es cierto que el pensamiento marxista insiste en lo social y la sociedad; y si es cierto, por \u00faltimo, que Nietzsche ha meditado sobre la civilizaci\u00f3n y los valores, la paradoja permite vislumbrar un sentido que hay que descubrir: una determinaci\u00f3n triple del mundo moderno, que implica conflictos m\u00faltiples y, quiz\u00e1, inacabables en el seno de nuestra realidad.<\/p>\n","protected":false},"excerpt":{"rendered":"<p>\u00abEl mundo moderno es hegeliano\u00bb. \u00abEs marxista\u00bb. \u00abEs nietzscheano\u00bb. Ninguna de estas proposiciones tiene en s\u00ed mismas trazas de ser una paradoja. Pero el triple enunciado, \u00abEl mundo moderno es hegeliano, marxista y nietzscheano\u00bb, tiene algo intolerablemente perturbador. \u00bfC\u00f3mo puede este mundo moderno ser a la vez eso, esto y aquello? \u00bfDe qu\u00e9 forma puede responder a doctrinas diversas, opuestas en m\u00e1s de un punto, incluso incompatibles? Si el mundo moderno \u00abes\u00bb a un tiempo eso, esto y aquello, lo es porque estamos ante ideolog\u00edas que planean sobre la pr\u00e1ctica social y pol\u00edtica. Si esta triplicidad tiene sentido, quiere decir que cada uno de los autores estudiados (Hegel, Marx, Nietzsche) ha captado \u00abalgo\u00bb del mundo moderno, algo a punto de formarse y que germin\u00f3 desde el final del siglo XIX hasta el presente.<br \/>\nSi es cierto que el pensamiento hegeliano se concentra en un concepto, el Estado; si es cierto que el pensamiento marxista insiste en lo social y la sociedad; y si es cierto, por \u00faltimo, que Nietzsche ha meditado sobre la civilizaci\u00f3n y los valores, la paradoja permite vislumbrar un sentido que hay que descubrir: una determinaci\u00f3n triple del mundo moderno, que implica conflictos m\u00faltiples y, quiz\u00e1, inacabables en el seno de nuestra realidad.<\/p>\n","protected":false},"featured_media":1650,"comment_status":"closed","ping_status":"open","template":"","meta":{"_acf_changed":false},"materia_nivel_3":[2631],"subtema_nivel_2":[2586],"tema_nivel_1":[2587],"product_brand":[],"product_cat":[15],"product_tag":[],"product_author":[3841],"product_collection":[],"class_list":{"0":"post-14058","1":"product","2":"type-product","3":"status-publish","4":"has-post-thumbnail","6":"materia_nivel_3-filosofia-politica","7":"subtema_nivel_2-filosofia","8":"tema_nivel_1-filosofia-y-pensamiento","9":"product_cat-uncategorized","10":"product_author-lefebvre-henri","12":"first","13":"instock","14":"purchasable","15":"product-type-simple"},"acf":[],"_links":{"self":[{"href":"https:\/\/dev2.cantalupe.net\/sigloxxi\/wp-json\/wp\/v2\/product\/14058","targetHints":{"allow":["GET"]}}],"collection":[{"href":"https:\/\/dev2.cantalupe.net\/sigloxxi\/wp-json\/wp\/v2\/product"}],"about":[{"href":"https:\/\/dev2.cantalupe.net\/sigloxxi\/wp-json\/wp\/v2\/types\/product"}],"replies":[{"embeddable":true,"href":"https:\/\/dev2.cantalupe.net\/sigloxxi\/wp-json\/wp\/v2\/comments?post=14058"}],"version-history":[{"count":1,"href":"https:\/\/dev2.cantalupe.net\/sigloxxi\/wp-json\/wp\/v2\/product\/14058\/revisions"}],"predecessor-version":[{"id":14059,"href":"https:\/\/dev2.cantalupe.net\/sigloxxi\/wp-json\/wp\/v2\/product\/14058\/revisions\/14059"}],"wp:featuredmedia":[{"embeddable":true,"href":"https:\/\/dev2.cantalupe.net\/sigloxxi\/wp-json\/wp\/v2\/media\/1650"}],"wp:attachment":[{"href":"https:\/\/dev2.cantalupe.net\/sigloxxi\/wp-json\/wp\/v2\/media?parent=14058"}],"wp:term":[{"taxonomy":"materia_nivel_3","embeddable":true,"href":"https:\/\/dev2.cantalupe.net\/sigloxxi\/wp-json\/wp\/v2\/materia_nivel_3?post=14058"},{"taxonomy":"subtema_nivel_2","embeddable":true,"href":"https:\/\/dev2.cantalupe.net\/sigloxxi\/wp-json\/wp\/v2\/subtema_nivel_2?post=14058"},{"taxonomy":"tema_nivel_1","embeddable":true,"href":"https:\/\/dev2.cantalupe.net\/sigloxxi\/wp-json\/wp\/v2\/tema_nivel_1?post=14058"},{"taxonomy":"product_brand","embeddable":true,"href":"https:\/\/dev2.cantalupe.net\/sigloxxi\/wp-json\/wp\/v2\/product_brand?post=14058"},{"taxonomy":"product_cat","embeddable":true,"href":"https:\/\/dev2.cantalupe.net\/sigloxxi\/wp-json\/wp\/v2\/product_cat?post=14058"},{"taxonomy":"product_tag","embeddable":true,"href":"https:\/\/dev2.cantalupe.net\/sigloxxi\/wp-json\/wp\/v2\/product_tag?post=14058"},{"taxonomy":"product_author","embeddable":true,"href":"https:\/\/dev2.cantalupe.net\/sigloxxi\/wp-json\/wp\/v2\/product_author?post=14058"},{"taxonomy":"product_collection","embeddable":true,"href":"https:\/\/dev2.cantalupe.net\/sigloxxi\/wp-json\/wp\/v2\/product_collection?post=14058"}],"curies":[{"name":"wp","href":"https:\/\/api.w.org\/{rel}","templated":true}]}}