{"id":14082,"date":"2025-11-04T14:52:45","date_gmt":"2025-11-04T14:52:45","guid":{"rendered":"https:\/\/dev2.cantalupe.net\/sigloxxi\/libro\/historia-de-la-filosofia-vol-01\/"},"modified":"2025-11-04T14:52:45","modified_gmt":"2025-11-04T14:52:45","slug":"historia-de-la-filosofia-vol-01","status":"publish","type":"product","link":"https:\/\/dev2.cantalupe.net\/sigloxxi\/libro\/historia-de-la-filosofia-vol-01\/","title":{"rendered":"Historia de la filosof\u00eda. Vol. 01"},"content":{"rendered":"<p>Sinopsis: El pensamiento prefilos\u00f3fico en Egipto. El pensamiento prefilos\u00f3fico en Mesopotamia. La filosof\u00eda hebraica y jud\u00eda en la Antig\u00fcedad. Filosof\u00eda de la India. La filosof\u00eda china, desde sus or\u00edgenes hasta el siglo XVII.<\/p>\n","protected":false},"excerpt":{"rendered":"<p>Sinopsis: El pensamiento prefilos\u00f3fico en Egipto. El pensamiento prefilos\u00f3fico en Mesopotamia. La filosof\u00eda hebraica y jud\u00eda en la Antig\u00fcedad. Filosof\u00eda de la India. La filosof\u00eda china, desde sus or\u00edgenes hasta el siglo XVII.<\/p>\n","protected":false},"featured_media":2470,"comment_status":"closed","ping_status":"open","template":"","meta":{"_acf_changed":false},"materia_nivel_3":[2660],"subtema_nivel_2":[],"tema_nivel_1":[3846],"product_brand":[],"product_cat":[15],"product_tag":[],"product_author":[3848,3849,3847],"product_collection":[],"class_list":{"0":"post-14082","1":"product","2":"type-product","3":"status-publish","4":"has-post-thumbnail","6":"materia_nivel_3-antigua","7":"tema_nivel_1-historia-de-la-filosofia","8":"product_cat-uncategorized","9":"product_author-garelli-paul","10":"product_author-nehar-andre","11":"product_author-yoyotte-jean","13":"first","14":"instock","15":"purchasable","16":"product-type-simple"},"acf":[],"_links":{"self":[{"href":"https:\/\/dev2.cantalupe.net\/sigloxxi\/wp-json\/wp\/v2\/product\/14082","targetHints":{"allow":["GET"]}}],"collection":[{"href":"https:\/\/dev2.cantalupe.net\/sigloxxi\/wp-json\/wp\/v2\/product"}],"about":[{"href":"https:\/\/dev2.cantalupe.net\/sigloxxi\/wp-json\/wp\/v2\/types\/product"}],"replies":[{"embeddable":true,"href":"https:\/\/dev2.cantalupe.net\/sigloxxi\/wp-json\/wp\/v2\/comments?post=14082"}],"version-history":[{"count":1,"href":"https:\/\/dev2.cantalupe.net\/sigloxxi\/wp-json\/wp\/v2\/product\/14082\/revisions"}],"predecessor-version":[{"id":14083,"href":"https:\/\/dev2.cantalupe.net\/sigloxxi\/wp-json\/wp\/v2\/product\/14082\/revisions\/14083"}],"wp:featuredmedia":[{"embeddable":true,"href":"https:\/\/dev2.cantalupe.net\/sigloxxi\/wp-json\/wp\/v2\/media\/2470"}],"wp:attachment":[{"href":"https:\/\/dev2.cantalupe.net\/sigloxxi\/wp-json\/wp\/v2\/media?parent=14082"}],"wp:term":[{"taxonomy":"materia_nivel_3","embeddable":true,"href":"https:\/\/dev2.cantalupe.net\/sigloxxi\/wp-json\/wp\/v2\/materia_nivel_3?post=14082"},{"taxonomy":"subtema_nivel_2","embeddable":true,"href":"https:\/\/dev2.cantalupe.net\/sigloxxi\/wp-json\/wp\/v2\/subtema_nivel_2?post=14082"},{"taxonomy":"tema_nivel_1","embeddable":true,"href":"https:\/\/dev2.cantalupe.net\/sigloxxi\/wp-json\/wp\/v2\/tema_nivel_1?post=14082"},{"taxonomy":"product_brand","embeddable":true,"href":"https:\/\/dev2.cantalupe.net\/sigloxxi\/wp-json\/wp\/v2\/product_brand?post=14082"},{"taxonomy":"product_cat","embeddable":true,"href":"https:\/\/dev2.cantalupe.net\/sigloxxi\/wp-json\/wp\/v2\/product_cat?post=14082"},{"taxonomy":"product_tag","embeddable":true,"href":"https:\/\/dev2.cantalupe.net\/sigloxxi\/wp-json\/wp\/v2\/product_tag?post=14082"},{"taxonomy":"product_author","embeddable":true,"href":"https:\/\/dev2.cantalupe.net\/sigloxxi\/wp-json\/wp\/v2\/product_author?post=14082"},{"taxonomy":"product_collection","embeddable":true,"href":"https:\/\/dev2.cantalupe.net\/sigloxxi\/wp-json\/wp\/v2\/product_collection?post=14082"}],"curies":[{"name":"wp","href":"https:\/\/api.w.org\/{rel}","templated":true}]}}