{"id":14148,"date":"2025-11-04T14:52:48","date_gmt":"2025-11-04T14:52:48","guid":{"rendered":"https:\/\/dev2.cantalupe.net\/sigloxxi\/libro\/historia-de-las-matematicas-volumen-1\/"},"modified":"2025-11-04T14:52:50","modified_gmt":"2025-11-04T14:52:50","slug":"historia-de-las-matematicas-volumen-1","status":"publish","type":"product","link":"https:\/\/dev2.cantalupe.net\/sigloxxi\/libro\/historia-de-las-matematicas-volumen-1\/","title":{"rendered":"Historia de las matem\u00e1ticas, volumen 1"},"content":{"rendered":"<p>Solapa: Esta obra procede de los textos utilizados en 1971-1972 con dos grupos sucesivos de estudiantes de matem\u00e1ticas de las especialidades de Matem\u00e1ticas y Ense\u00f1anza de las Matem\u00e1ticas, en la Universidad de Quebec, en Trois-Rivieres. Se trataba de iniciar a estos estudiantes en la historia de las matem\u00e1ticas, desde la prehistoria a los comienzos del siglo XVII. Un estudio sobre la evoluci\u00f3n hist\u00f3rica de la pedagog\u00eda de las matem\u00e1ticas muestra que la historia de las matem\u00e1ticas puede ser una fuente, casi inagotable, de la que el profesor beber\u00e1 a placer para garantizar una ense\u00f1anza mejor. Adem\u00e1s, recurrir a la historia es adquirir nuevas y atractivas perspectivas que nos ilustren sobre la naturaleza altamente abstracta de las matem\u00e1ticas. Por esto, nos ha parecido oportuno presentar aqu\u00ed un manual, m\u00e1s que un tratado, de historia de las matem\u00e1ticas, con el fin de exponer, sobre todo, las nociones hist\u00f3ricas com\u00fanmente aceptadas por los historiadores y facilitar, en lo posible, su lectura. La obra se divide en once cap\u00edtulos, cuyo contenido se presenta en orden cronol\u00f3gico; cada cap\u00edtulo termina con un resumen, una bibliograf\u00eda y ejercicios.<\/p>\n","protected":false},"excerpt":{"rendered":"<p>Solapa: Esta obra procede de los textos utilizados en 1971-1972 con dos grupos sucesivos de estudiantes de matem\u00e1ticas de las especialidades de Matem\u00e1ticas y Ense\u00f1anza de las Matem\u00e1ticas, en la Universidad de Quebec, en Trois-Rivieres. Se trataba de iniciar a estos estudiantes en la historia de las matem\u00e1ticas, desde la prehistoria a los comienzos del siglo XVII. Un estudio sobre la evoluci\u00f3n hist\u00f3rica de la pedagog\u00eda de las matem\u00e1ticas muestra que la historia de las matem\u00e1ticas puede ser una fuente, casi inagotable, de la que el profesor beber\u00e1 a placer para garantizar una ense\u00f1anza mejor. Adem\u00e1s, recurrir a la historia es adquirir nuevas y atractivas perspectivas que nos ilustren sobre la naturaleza altamente abstracta de las matem\u00e1ticas. Por esto, nos ha parecido oportuno presentar aqu\u00ed un manual, m\u00e1s que un tratado, de historia de las matem\u00e1ticas, con el fin de exponer, sobre todo, las nociones hist\u00f3ricas com\u00fanmente aceptadas por los historiadores y facilitar, en lo posible, su lectura. La obra se divide en once cap\u00edtulos, cuyo contenido se presenta en orden cronol\u00f3gico; cada cap\u00edtulo termina con un resumen, una bibliograf\u00eda y ejercicios.<\/p>\n","protected":false},"featured_media":2531,"comment_status":"closed","ping_status":"open","template":"","meta":{"_acf_changed":false},"materia_nivel_3":[],"subtema_nivel_2":[2664],"tema_nivel_1":[2563],"product_brand":[],"product_cat":[15],"product_tag":[],"product_author":[3875],"product_collection":[],"class_list":{"0":"post-14148","1":"product","2":"type-product","3":"status-publish","4":"has-post-thumbnail","6":"subtema_nivel_2-matematicas","7":"tema_nivel_1-siglo-xxi-de-espana-general","8":"product_cat-uncategorized","9":"product_author-collette-jean-paul","11":"first","12":"instock","13":"purchasable","14":"product-type-simple"},"acf":[],"_links":{"self":[{"href":"https:\/\/dev2.cantalupe.net\/sigloxxi\/wp-json\/wp\/v2\/product\/14148","targetHints":{"allow":["GET"]}}],"collection":[{"href":"https:\/\/dev2.cantalupe.net\/sigloxxi\/wp-json\/wp\/v2\/product"}],"about":[{"href":"https:\/\/dev2.cantalupe.net\/sigloxxi\/wp-json\/wp\/v2\/types\/product"}],"replies":[{"embeddable":true,"href":"https:\/\/dev2.cantalupe.net\/sigloxxi\/wp-json\/wp\/v2\/comments?post=14148"}],"version-history":[{"count":1,"href":"https:\/\/dev2.cantalupe.net\/sigloxxi\/wp-json\/wp\/v2\/product\/14148\/revisions"}],"predecessor-version":[{"id":14149,"href":"https:\/\/dev2.cantalupe.net\/sigloxxi\/wp-json\/wp\/v2\/product\/14148\/revisions\/14149"}],"wp:featuredmedia":[{"embeddable":true,"href":"https:\/\/dev2.cantalupe.net\/sigloxxi\/wp-json\/wp\/v2\/media\/2531"}],"wp:attachment":[{"href":"https:\/\/dev2.cantalupe.net\/sigloxxi\/wp-json\/wp\/v2\/media?parent=14148"}],"wp:term":[{"taxonomy":"materia_nivel_3","embeddable":true,"href":"https:\/\/dev2.cantalupe.net\/sigloxxi\/wp-json\/wp\/v2\/materia_nivel_3?post=14148"},{"taxonomy":"subtema_nivel_2","embeddable":true,"href":"https:\/\/dev2.cantalupe.net\/sigloxxi\/wp-json\/wp\/v2\/subtema_nivel_2?post=14148"},{"taxonomy":"tema_nivel_1","embeddable":true,"href":"https:\/\/dev2.cantalupe.net\/sigloxxi\/wp-json\/wp\/v2\/tema_nivel_1?post=14148"},{"taxonomy":"product_brand","embeddable":true,"href":"https:\/\/dev2.cantalupe.net\/sigloxxi\/wp-json\/wp\/v2\/product_brand?post=14148"},{"taxonomy":"product_cat","embeddable":true,"href":"https:\/\/dev2.cantalupe.net\/sigloxxi\/wp-json\/wp\/v2\/product_cat?post=14148"},{"taxonomy":"product_tag","embeddable":true,"href":"https:\/\/dev2.cantalupe.net\/sigloxxi\/wp-json\/wp\/v2\/product_tag?post=14148"},{"taxonomy":"product_author","embeddable":true,"href":"https:\/\/dev2.cantalupe.net\/sigloxxi\/wp-json\/wp\/v2\/product_author?post=14148"},{"taxonomy":"product_collection","embeddable":true,"href":"https:\/\/dev2.cantalupe.net\/sigloxxi\/wp-json\/wp\/v2\/product_collection?post=14148"}],"curies":[{"name":"wp","href":"https:\/\/api.w.org\/{rel}","templated":true}]}}