{"id":14150,"date":"2025-11-04T14:52:48","date_gmt":"2025-11-04T14:52:48","guid":{"rendered":"https:\/\/dev2.cantalupe.net\/sigloxxi\/libro\/historia-de-las-matematicas-volumen-2\/"},"modified":"2025-11-04T14:52:50","modified_gmt":"2025-11-04T14:52:50","slug":"historia-de-las-matematicas-volumen-2","status":"publish","type":"product","link":"https:\/\/dev2.cantalupe.net\/sigloxxi\/libro\/historia-de-las-matematicas-volumen-2\/","title":{"rendered":"Historia de las matem\u00e1ticas, volumen 2"},"content":{"rendered":"<p>Solapa: Esta obra es el complemento natural de nuestro tomo 1, porque cubre todo el per\u00edodo que se extiende desde el comienzo del siglo XVII hasta las grandes escuelas del pensamiento del siglo XX. Se trata de iniciar al lector en la historia de las matem\u00e1ticas y, para ello, hemos cre\u00eddo conveniente, una vez m\u00e1s, presentar un manual de historia de las matem\u00e1ticas m\u00e1s que un tratado, con el fin de exponer, sobre todo, la vida de los matem\u00e1ticos y las nociones hist\u00f3ricas com\u00fanmente aceptadas por los historiadores, con el fin manifiesto de facilitar la comprensi\u00f3n de su contenido. Est\u00e1 dividida en once cap\u00edtulos repartidos en tres grandes per\u00edodos: el siglo XVII, el siglo XVIII y el XIX y comienzos del XX. Se encontrar\u00e1 en la introducci\u00f3n a cada per\u00edodo un estado de la evoluci\u00f3n de las matem\u00e1ticas en la \u00e9poca correspondiente, as\u00ed como un balance sumario de las realizaciones principales. Los once cap\u00edtulos presentan el contenido en orden cronol\u00f3gico, y cada cap\u00edtulo comprende una introducci\u00f3n que pone de manifiesto los puntos importantes y las principales ideas que se tratan en \u00e9l; el desarrollo que sigue se presenta bajo la forma de par\u00e1grafos se\u00f1alados con un t\u00edtulo, nombre propio o tema particular, y el cap\u00edtulo se termina con una bibliograf\u00eda abundante y ejercicios de recapitulaci\u00f3n.<\/p>\n","protected":false},"excerpt":{"rendered":"<p>Solapa: Esta obra es el complemento natural de nuestro tomo 1, porque cubre todo el per\u00edodo que se extiende desde el comienzo del siglo XVII hasta las grandes escuelas del pensamiento del siglo XX. Se trata de iniciar al lector en la historia de las matem\u00e1ticas y, para ello, hemos cre\u00eddo conveniente, una vez m\u00e1s, presentar un manual de historia de las matem\u00e1ticas m\u00e1s que un tratado, con el fin de exponer, sobre todo, la vida de los matem\u00e1ticos y las nociones hist\u00f3ricas com\u00fanmente aceptadas por los historiadores, con el fin manifiesto de facilitar la comprensi\u00f3n de su contenido. Est\u00e1 dividida en once cap\u00edtulos repartidos en tres grandes per\u00edodos: el siglo XVII, el siglo XVIII y el XIX y comienzos del XX. Se encontrar\u00e1 en la introducci\u00f3n a cada per\u00edodo un estado de la evoluci\u00f3n de las matem\u00e1ticas en la \u00e9poca correspondiente, as\u00ed como un balance sumario de las realizaciones principales. Los once cap\u00edtulos presentan el contenido en orden cronol\u00f3gico, y cada cap\u00edtulo comprende una introducci\u00f3n que pone de manifiesto los puntos importantes y las principales ideas que se tratan en \u00e9l; el desarrollo que sigue se presenta bajo la forma de par\u00e1grafos se\u00f1alados con un t\u00edtulo, nombre propio o tema particular, y el cap\u00edtulo se termina con una bibliograf\u00eda abundante y ejercicios de recapitulaci\u00f3n.<\/p>\n","protected":false},"featured_media":2533,"comment_status":"closed","ping_status":"open","template":"","meta":{"_acf_changed":false},"materia_nivel_3":[],"subtema_nivel_2":[2664],"tema_nivel_1":[2563],"product_brand":[],"product_cat":[15],"product_tag":[],"product_author":[3875],"product_collection":[],"class_list":{"0":"post-14150","1":"product","2":"type-product","3":"status-publish","4":"has-post-thumbnail","6":"subtema_nivel_2-matematicas","7":"tema_nivel_1-siglo-xxi-de-espana-general","8":"product_cat-uncategorized","9":"product_author-collette-jean-paul","11":"first","12":"instock","13":"purchasable","14":"product-type-simple"},"acf":[],"_links":{"self":[{"href":"https:\/\/dev2.cantalupe.net\/sigloxxi\/wp-json\/wp\/v2\/product\/14150","targetHints":{"allow":["GET"]}}],"collection":[{"href":"https:\/\/dev2.cantalupe.net\/sigloxxi\/wp-json\/wp\/v2\/product"}],"about":[{"href":"https:\/\/dev2.cantalupe.net\/sigloxxi\/wp-json\/wp\/v2\/types\/product"}],"replies":[{"embeddable":true,"href":"https:\/\/dev2.cantalupe.net\/sigloxxi\/wp-json\/wp\/v2\/comments?post=14150"}],"version-history":[{"count":1,"href":"https:\/\/dev2.cantalupe.net\/sigloxxi\/wp-json\/wp\/v2\/product\/14150\/revisions"}],"predecessor-version":[{"id":14151,"href":"https:\/\/dev2.cantalupe.net\/sigloxxi\/wp-json\/wp\/v2\/product\/14150\/revisions\/14151"}],"wp:featuredmedia":[{"embeddable":true,"href":"https:\/\/dev2.cantalupe.net\/sigloxxi\/wp-json\/wp\/v2\/media\/2533"}],"wp:attachment":[{"href":"https:\/\/dev2.cantalupe.net\/sigloxxi\/wp-json\/wp\/v2\/media?parent=14150"}],"wp:term":[{"taxonomy":"materia_nivel_3","embeddable":true,"href":"https:\/\/dev2.cantalupe.net\/sigloxxi\/wp-json\/wp\/v2\/materia_nivel_3?post=14150"},{"taxonomy":"subtema_nivel_2","embeddable":true,"href":"https:\/\/dev2.cantalupe.net\/sigloxxi\/wp-json\/wp\/v2\/subtema_nivel_2?post=14150"},{"taxonomy":"tema_nivel_1","embeddable":true,"href":"https:\/\/dev2.cantalupe.net\/sigloxxi\/wp-json\/wp\/v2\/tema_nivel_1?post=14150"},{"taxonomy":"product_brand","embeddable":true,"href":"https:\/\/dev2.cantalupe.net\/sigloxxi\/wp-json\/wp\/v2\/product_brand?post=14150"},{"taxonomy":"product_cat","embeddable":true,"href":"https:\/\/dev2.cantalupe.net\/sigloxxi\/wp-json\/wp\/v2\/product_cat?post=14150"},{"taxonomy":"product_tag","embeddable":true,"href":"https:\/\/dev2.cantalupe.net\/sigloxxi\/wp-json\/wp\/v2\/product_tag?post=14150"},{"taxonomy":"product_author","embeddable":true,"href":"https:\/\/dev2.cantalupe.net\/sigloxxi\/wp-json\/wp\/v2\/product_author?post=14150"},{"taxonomy":"product_collection","embeddable":true,"href":"https:\/\/dev2.cantalupe.net\/sigloxxi\/wp-json\/wp\/v2\/product_collection?post=14150"}],"curies":[{"name":"wp","href":"https:\/\/api.w.org\/{rel}","templated":true}]}}