{"id":14184,"date":"2025-11-04T14:52:51","date_gmt":"2025-11-04T14:52:51","guid":{"rendered":"https:\/\/dev2.cantalupe.net\/sigloxxi\/libro\/historia-de-la-tecnologia-v\/"},"modified":"2025-11-04T14:52:52","modified_gmt":"2025-11-04T14:52:52","slug":"historia-de-la-tecnologia-v","status":"publish","type":"product","link":"https:\/\/dev2.cantalupe.net\/sigloxxi\/libro\/historia-de-la-tecnologia-v\/","title":{"rendered":"Historia de la tecnolog\u00eda. V"},"content":{"rendered":"<p>La importancia de los factores tecnol\u00f3gicos en el desarrollo de la sociedad no ha recibido suficiente atenci\u00f3n historiogr\u00e1fica, en contraste con la importancia concedida tradicionalmente a la historia pol\u00edtica y constitucional o, modernamente, a la historia social y econ\u00f3mica. Por ello esta obra resulta singular, tanto en su prop\u00f3sito como en su planteamiento. Concebida inicialmente como una versi\u00f3n abreviada de una extensa Historia de la tecnolog\u00eda publicada por Clarendon Press (Oxford), su planteamiento var\u00eda sustancialmente respecto a aquella. Se ha intentado que la historia del desarrollo tecnol\u00f3gico aparezca estrechamente relacionada, en cada \u00e9poca, con su perspectiva hist\u00f3rica general. Cronol\u00f3gicamente el texto est\u00e1 dividido en tres partes: la primera (vol. 1) abarca hasta 1750 -comienzo de la revoluci\u00f3n industrial en Inglaterra-, la segunda (vols. 2 y 3) hasta 1900 y la tercera (vols. 4 y 5) contin\u00faa la exposici\u00f3n hasta 1950. La decisi\u00f3n de detenerse en esta fecha se explica por la falta de perspectiva hist\u00f3rica sobre la repercusi\u00f3n de desarrollos tecnol\u00f3gicos posteriores, as\u00ed como por la complejidad t\u00e9cnica de \u00e9stos. El prop\u00f3sito de la obra es ofrecer una visi\u00f3n sint\u00e9tica del desarrollo de las ramas de la tecnolog\u00eda que han cambiado el curso de la historia, sin omitir por ello los oficios elementales de menor repercusi\u00f3n social. Se ha pretendido que el resultado fuera aceptable tanto para el historiador y el tecn\u00f3logo como para el lector com\u00fan.<\/p>\n","protected":false},"excerpt":{"rendered":"<p>La importancia de los factores tecnol\u00f3gicos en el desarrollo de la sociedad no ha recibido suficiente atenci\u00f3n historiogr\u00e1fica, en contraste con la importancia concedida tradicionalmente a la historia pol\u00edtica y constitucional o, modernamente, a la historia social y econ\u00f3mica. Por ello esta obra resulta singular, tanto en su prop\u00f3sito como en su planteamiento. Concebida inicialmente como una versi\u00f3n abreviada de una extensa Historia de la tecnolog\u00eda publicada por Clarendon Press (Oxford), su planteamiento var\u00eda sustancialmente respecto a aquella. Se ha intentado que la historia del desarrollo tecnol\u00f3gico aparezca estrechamente relacionada, en cada \u00e9poca, con su perspectiva hist\u00f3rica general. Cronol\u00f3gicamente el texto est\u00e1 dividido en tres partes: la primera (vol. 1) abarca hasta 1750 -comienzo de la revoluci\u00f3n industrial en Inglaterra-, la segunda (vols. 2 y 3) hasta 1900 y la tercera (vols. 4 y 5) contin\u00faa la exposici\u00f3n hasta 1950. La decisi\u00f3n de detenerse en esta fecha se explica por la falta de perspectiva hist\u00f3rica sobre la repercusi\u00f3n de desarrollos tecnol\u00f3gicos posteriores, as\u00ed como por la complejidad t\u00e9cnica de \u00e9stos. El prop\u00f3sito de la obra es ofrecer una visi\u00f3n sint\u00e9tica del desarrollo de las ramas de la tecnolog\u00eda que han cambiado el curso de la historia, sin omitir por ello los oficios elementales de menor repercusi\u00f3n social. Se ha pretendido que el resultado fuera aceptable tanto para el historiador y el tecn\u00f3logo como para el lector com\u00fan.<\/p>\n","protected":false},"featured_media":2567,"comment_status":"closed","ping_status":"open","template":"","meta":{"_acf_changed":false},"materia_nivel_3":[],"subtema_nivel_2":[],"tema_nivel_1":[3900],"product_brand":[],"product_cat":[15],"product_tag":[],"product_author":[3902],"product_collection":[],"class_list":{"0":"post-14184","1":"product","2":"type-product","3":"status-publish","4":"has-post-thumbnail","6":"tema_nivel_1-historia-de-la-tecnologia","7":"product_cat-uncategorized","8":"product_author-illtyd-williams-trevor","10":"first","11":"instock","12":"purchasable","13":"product-type-simple"},"acf":[],"_links":{"self":[{"href":"https:\/\/dev2.cantalupe.net\/sigloxxi\/wp-json\/wp\/v2\/product\/14184","targetHints":{"allow":["GET"]}}],"collection":[{"href":"https:\/\/dev2.cantalupe.net\/sigloxxi\/wp-json\/wp\/v2\/product"}],"about":[{"href":"https:\/\/dev2.cantalupe.net\/sigloxxi\/wp-json\/wp\/v2\/types\/product"}],"replies":[{"embeddable":true,"href":"https:\/\/dev2.cantalupe.net\/sigloxxi\/wp-json\/wp\/v2\/comments?post=14184"}],"version-history":[{"count":1,"href":"https:\/\/dev2.cantalupe.net\/sigloxxi\/wp-json\/wp\/v2\/product\/14184\/revisions"}],"predecessor-version":[{"id":14185,"href":"https:\/\/dev2.cantalupe.net\/sigloxxi\/wp-json\/wp\/v2\/product\/14184\/revisions\/14185"}],"wp:featuredmedia":[{"embeddable":true,"href":"https:\/\/dev2.cantalupe.net\/sigloxxi\/wp-json\/wp\/v2\/media\/2567"}],"wp:attachment":[{"href":"https:\/\/dev2.cantalupe.net\/sigloxxi\/wp-json\/wp\/v2\/media?parent=14184"}],"wp:term":[{"taxonomy":"materia_nivel_3","embeddable":true,"href":"https:\/\/dev2.cantalupe.net\/sigloxxi\/wp-json\/wp\/v2\/materia_nivel_3?post=14184"},{"taxonomy":"subtema_nivel_2","embeddable":true,"href":"https:\/\/dev2.cantalupe.net\/sigloxxi\/wp-json\/wp\/v2\/subtema_nivel_2?post=14184"},{"taxonomy":"tema_nivel_1","embeddable":true,"href":"https:\/\/dev2.cantalupe.net\/sigloxxi\/wp-json\/wp\/v2\/tema_nivel_1?post=14184"},{"taxonomy":"product_brand","embeddable":true,"href":"https:\/\/dev2.cantalupe.net\/sigloxxi\/wp-json\/wp\/v2\/product_brand?post=14184"},{"taxonomy":"product_cat","embeddable":true,"href":"https:\/\/dev2.cantalupe.net\/sigloxxi\/wp-json\/wp\/v2\/product_cat?post=14184"},{"taxonomy":"product_tag","embeddable":true,"href":"https:\/\/dev2.cantalupe.net\/sigloxxi\/wp-json\/wp\/v2\/product_tag?post=14184"},{"taxonomy":"product_author","embeddable":true,"href":"https:\/\/dev2.cantalupe.net\/sigloxxi\/wp-json\/wp\/v2\/product_author?post=14184"},{"taxonomy":"product_collection","embeddable":true,"href":"https:\/\/dev2.cantalupe.net\/sigloxxi\/wp-json\/wp\/v2\/product_collection?post=14184"}],"curies":[{"name":"wp","href":"https:\/\/api.w.org\/{rel}","templated":true}]}}