{"id":14186,"date":"2025-11-04T14:52:51","date_gmt":"2025-11-04T14:52:51","guid":{"rendered":"https:\/\/dev2.cantalupe.net\/sigloxxi\/libro\/historia-de-la-ugt-4\/"},"modified":"2025-11-04T14:52:52","modified_gmt":"2025-11-04T14:52:52","slug":"historia-de-la-ugt-4","status":"publish","type":"product","link":"https:\/\/dev2.cantalupe.net\/sigloxxi\/libro\/historia-de-la-ugt-4\/","title":{"rendered":"Historia de la UGT 4"},"content":{"rendered":"<p>En julio de 1936, la UGT, al lado de otras fuerzas sindicales y pol\u00edticas, logr\u00f3 contrarrestar el alzamiento militar de la derecha en buena parte de la geograf\u00eda espa\u00f1ola. Su papel fue decisivo en muchos lugares. Sin embargo, la guerra pronto lo llen\u00f3 todo, alterando profunda y abruptamente la cultura obrera y sindical. Los cuadros y militantes de la UGT se encontraron s\u00fabitamente actuando como militares y como pol\u00edticos, al tiempo que, en multitud de situaciones, muchos viejos militantes tuvieron que hacerse cargo de la direcci\u00f3n de las empresas y de la producci\u00f3n. <\/p>\n<p>No han de extra\u00f1ar, por tanto, los enfrentamientos internos que desgarraron la UGT entre 1936 y 1939, en una situaci\u00f3n de forzado sindicalismo de guerra que fue parte importante del sostenimiento de la Segunda Rep\u00fablica a lo largo de aquellos tres largos a\u00f1os de guerra.<\/p>\n","protected":false},"excerpt":{"rendered":"<p>En julio de 1936, la UGT, al lado de otras fuerzas sindicales y pol\u00edticas, logr\u00f3 contrarrestar el alzamiento militar de la derecha en buena parte de la geograf\u00eda espa\u00f1ola. Su papel fue decisivo en muchos lugares. Sin embargo, la guerra pronto lo llen\u00f3 todo, alterando profunda y abruptamente la cultura obrera y sindical. Los cuadros y militantes de la UGT se encontraron s\u00fabitamente actuando como militares y como pol\u00edticos, al tiempo que, en multitud de situaciones, muchos viejos militantes tuvieron que hacerse cargo de la direcci\u00f3n de las empresas y de la producci\u00f3n. <\/p>\n<p>No han de extra\u00f1ar, por tanto, los enfrentamientos internos que desgarraron la UGT entre 1936 y 1939, en una situaci\u00f3n de forzado sindicalismo de guerra que fue parte importante del sostenimiento de la Segunda Rep\u00fablica a lo largo de aquellos tres largos a\u00f1os de guerra.<\/p>\n","protected":false},"featured_media":2569,"comment_status":"closed","ping_status":"open","template":"","meta":{"_acf_changed":false},"materia_nivel_3":[2565,2559],"subtema_nivel_2":[2561,2576],"tema_nivel_1":[3903],"product_brand":[],"product_cat":[15],"product_tag":[],"product_author":[3904],"product_collection":[],"class_list":{"0":"post-14186","1":"product","2":"type-product","3":"status-publish","4":"has-post-thumbnail","6":"materia_nivel_3-contemporanea","7":"materia_nivel_3-espana","8":"subtema_nivel_2-historia","9":"subtema_nivel_2-politica","10":"tema_nivel_1-historia-de-la-ugt","11":"product_cat-uncategorized","12":"product_author-gabriel-pere","14":"first","15":"instock","16":"purchasable","17":"product-type-simple"},"acf":[],"_links":{"self":[{"href":"https:\/\/dev2.cantalupe.net\/sigloxxi\/wp-json\/wp\/v2\/product\/14186","targetHints":{"allow":["GET"]}}],"collection":[{"href":"https:\/\/dev2.cantalupe.net\/sigloxxi\/wp-json\/wp\/v2\/product"}],"about":[{"href":"https:\/\/dev2.cantalupe.net\/sigloxxi\/wp-json\/wp\/v2\/types\/product"}],"replies":[{"embeddable":true,"href":"https:\/\/dev2.cantalupe.net\/sigloxxi\/wp-json\/wp\/v2\/comments?post=14186"}],"version-history":[{"count":1,"href":"https:\/\/dev2.cantalupe.net\/sigloxxi\/wp-json\/wp\/v2\/product\/14186\/revisions"}],"predecessor-version":[{"id":14187,"href":"https:\/\/dev2.cantalupe.net\/sigloxxi\/wp-json\/wp\/v2\/product\/14186\/revisions\/14187"}],"wp:featuredmedia":[{"embeddable":true,"href":"https:\/\/dev2.cantalupe.net\/sigloxxi\/wp-json\/wp\/v2\/media\/2569"}],"wp:attachment":[{"href":"https:\/\/dev2.cantalupe.net\/sigloxxi\/wp-json\/wp\/v2\/media?parent=14186"}],"wp:term":[{"taxonomy":"materia_nivel_3","embeddable":true,"href":"https:\/\/dev2.cantalupe.net\/sigloxxi\/wp-json\/wp\/v2\/materia_nivel_3?post=14186"},{"taxonomy":"subtema_nivel_2","embeddable":true,"href":"https:\/\/dev2.cantalupe.net\/sigloxxi\/wp-json\/wp\/v2\/subtema_nivel_2?post=14186"},{"taxonomy":"tema_nivel_1","embeddable":true,"href":"https:\/\/dev2.cantalupe.net\/sigloxxi\/wp-json\/wp\/v2\/tema_nivel_1?post=14186"},{"taxonomy":"product_brand","embeddable":true,"href":"https:\/\/dev2.cantalupe.net\/sigloxxi\/wp-json\/wp\/v2\/product_brand?post=14186"},{"taxonomy":"product_cat","embeddable":true,"href":"https:\/\/dev2.cantalupe.net\/sigloxxi\/wp-json\/wp\/v2\/product_cat?post=14186"},{"taxonomy":"product_tag","embeddable":true,"href":"https:\/\/dev2.cantalupe.net\/sigloxxi\/wp-json\/wp\/v2\/product_tag?post=14186"},{"taxonomy":"product_author","embeddable":true,"href":"https:\/\/dev2.cantalupe.net\/sigloxxi\/wp-json\/wp\/v2\/product_author?post=14186"},{"taxonomy":"product_collection","embeddable":true,"href":"https:\/\/dev2.cantalupe.net\/sigloxxi\/wp-json\/wp\/v2\/product_collection?post=14186"}],"curies":[{"name":"wp","href":"https:\/\/api.w.org\/{rel}","templated":true}]}}