{"id":14190,"date":"2025-11-04T14:52:51","date_gmt":"2025-11-04T14:52:51","guid":{"rendered":"https:\/\/dev2.cantalupe.net\/sigloxxi\/libro\/historia-de-la-ugt-vol-1\/"},"modified":"2025-11-04T14:52:53","modified_gmt":"2025-11-04T14:52:53","slug":"historia-de-la-ugt-vol-1","status":"publish","type":"product","link":"https:\/\/dev2.cantalupe.net\/sigloxxi\/libro\/historia-de-la-ugt-vol-1\/","title":{"rendered":"Historia de la UGT. Vol. 1"},"content":{"rendered":"<p>En este primer volumen confluyen dos tipos de an\u00e1lisis. El primero parte de las condiciones en que se desarroll\u00f3 el movimiento socialista, desde antes de la fundaci\u00f3n de la UGT, para repasar su organizaci\u00f3n, implantaci\u00f3n y actividad reivindicativa como sindicato de clase, en conexi\u00f3n con el socialismo internacional, hasta la Primera Guerra Mundial. El segundo se centra en las l\u00edneas maestras de la estrategia de la UGT: lograr el reconocimiento como interlocutor de la clase obrera y forzar con sus reivindicaciones la modernizaci\u00f3n de las relaciones de trabajo y, con ellas, del tejido social de nuestro pa\u00eds.<\/p>\n","protected":false},"excerpt":{"rendered":"<p>En este primer volumen confluyen dos tipos de an\u00e1lisis. El primero parte de las condiciones en que se desarroll\u00f3 el movimiento socialista, desde antes de la fundaci\u00f3n de la UGT, para repasar su organizaci\u00f3n, implantaci\u00f3n y actividad reivindicativa como sindicato de clase, en conexi\u00f3n con el socialismo internacional, hasta la Primera Guerra Mundial. El segundo se centra en las l\u00edneas maestras de la estrategia de la UGT: lograr el reconocimiento como interlocutor de la clase obrera y forzar con sus reivindicaciones la modernizaci\u00f3n de las relaciones de trabajo y, con ellas, del tejido social de nuestro pa\u00eds.<\/p>\n","protected":false},"featured_media":2573,"comment_status":"closed","ping_status":"open","template":"","meta":{"_acf_changed":false},"materia_nivel_3":[2565,2559],"subtema_nivel_2":[],"tema_nivel_1":[3903],"product_brand":[],"product_cat":[15],"product_tag":[],"product_author":[3906],"product_collection":[],"class_list":{"0":"post-14190","1":"product","2":"type-product","3":"status-publish","4":"has-post-thumbnail","6":"materia_nivel_3-contemporanea","7":"materia_nivel_3-espana","8":"tema_nivel_1-historia-de-la-ugt","9":"product_cat-uncategorized","10":"product_author-castillo-santiago","12":"first","13":"instock","14":"purchasable","15":"product-type-simple"},"acf":[],"_links":{"self":[{"href":"https:\/\/dev2.cantalupe.net\/sigloxxi\/wp-json\/wp\/v2\/product\/14190","targetHints":{"allow":["GET"]}}],"collection":[{"href":"https:\/\/dev2.cantalupe.net\/sigloxxi\/wp-json\/wp\/v2\/product"}],"about":[{"href":"https:\/\/dev2.cantalupe.net\/sigloxxi\/wp-json\/wp\/v2\/types\/product"}],"replies":[{"embeddable":true,"href":"https:\/\/dev2.cantalupe.net\/sigloxxi\/wp-json\/wp\/v2\/comments?post=14190"}],"version-history":[{"count":1,"href":"https:\/\/dev2.cantalupe.net\/sigloxxi\/wp-json\/wp\/v2\/product\/14190\/revisions"}],"predecessor-version":[{"id":14191,"href":"https:\/\/dev2.cantalupe.net\/sigloxxi\/wp-json\/wp\/v2\/product\/14190\/revisions\/14191"}],"wp:featuredmedia":[{"embeddable":true,"href":"https:\/\/dev2.cantalupe.net\/sigloxxi\/wp-json\/wp\/v2\/media\/2573"}],"wp:attachment":[{"href":"https:\/\/dev2.cantalupe.net\/sigloxxi\/wp-json\/wp\/v2\/media?parent=14190"}],"wp:term":[{"taxonomy":"materia_nivel_3","embeddable":true,"href":"https:\/\/dev2.cantalupe.net\/sigloxxi\/wp-json\/wp\/v2\/materia_nivel_3?post=14190"},{"taxonomy":"subtema_nivel_2","embeddable":true,"href":"https:\/\/dev2.cantalupe.net\/sigloxxi\/wp-json\/wp\/v2\/subtema_nivel_2?post=14190"},{"taxonomy":"tema_nivel_1","embeddable":true,"href":"https:\/\/dev2.cantalupe.net\/sigloxxi\/wp-json\/wp\/v2\/tema_nivel_1?post=14190"},{"taxonomy":"product_brand","embeddable":true,"href":"https:\/\/dev2.cantalupe.net\/sigloxxi\/wp-json\/wp\/v2\/product_brand?post=14190"},{"taxonomy":"product_cat","embeddable":true,"href":"https:\/\/dev2.cantalupe.net\/sigloxxi\/wp-json\/wp\/v2\/product_cat?post=14190"},{"taxonomy":"product_tag","embeddable":true,"href":"https:\/\/dev2.cantalupe.net\/sigloxxi\/wp-json\/wp\/v2\/product_tag?post=14190"},{"taxonomy":"product_author","embeddable":true,"href":"https:\/\/dev2.cantalupe.net\/sigloxxi\/wp-json\/wp\/v2\/product_author?post=14190"},{"taxonomy":"product_collection","embeddable":true,"href":"https:\/\/dev2.cantalupe.net\/sigloxxi\/wp-json\/wp\/v2\/product_collection?post=14190"}],"curies":[{"name":"wp","href":"https:\/\/api.w.org\/{rel}","templated":true}]}}