{"id":14224,"date":"2025-11-04T14:52:54","date_gmt":"2025-11-04T14:52:54","guid":{"rendered":"https:\/\/dev2.cantalupe.net\/sigloxxi\/libro\/historia-universal-vol-10\/"},"modified":"2025-11-04T14:52:55","modified_gmt":"2025-11-04T14:52:55","slug":"historia-universal-vol-10","status":"publish","type":"product","link":"https:\/\/dev2.cantalupe.net\/sigloxxi\/libro\/historia-universal-vol-10\/","title":{"rendered":"Historia universal. Vol. 10"},"content":{"rendered":"<p>Esta Historia universal SIGLO XXI, preparada y editada inicialmente por Fischer Verlag (Alemania), sigue un nuevo concepto: exponer la totalidad de los acontecimientos del mundo, dar todo su valor a la historia de los pa\u00edses y pueblos de Asia, \u00c1frica y Am\u00e9rica. Resalta la cultura y la econom\u00eda como fuerzas que condicionan la historia. Saca a la luz el despertar de la humanidad a su propia conciencia. En la Historia universal SIGLO XXI han contribuido ochenta destacados especialistas de todo el mundo. Consta de 36 vol\u00famenes, cada uno de ellos independiente, y abarca desde la prehistoria hasta la actualidad.<\/p>\n","protected":false},"excerpt":{"rendered":"<p>Esta Historia universal SIGLO XXI, preparada y editada inicialmente por Fischer Verlag (Alemania), sigue un nuevo concepto: exponer la totalidad de los acontecimientos del mundo, dar todo su valor a la historia de los pa\u00edses y pueblos de Asia, \u00c1frica y Am\u00e9rica. Resalta la cultura y la econom\u00eda como fuerzas que condicionan la historia. Saca a la luz el despertar de la humanidad a su propia conciencia. En la Historia universal SIGLO XXI han contribuido ochenta destacados especialistas de todo el mundo. Consta de 36 vol\u00famenes, cada uno de ellos independiente, y abarca desde la prehistoria hasta la actualidad.<\/p>\n","protected":false},"featured_media":2607,"comment_status":"closed","ping_status":"open","template":"","meta":{"_acf_changed":false},"materia_nivel_3":[2566,2591],"subtema_nivel_2":[],"tema_nivel_1":[3913],"product_brand":[],"product_cat":[15],"product_tag":[],"product_author":[3920],"product_collection":[],"class_list":{"0":"post-14224","1":"product","2":"type-product","3":"status-publish","4":"has-post-thumbnail","6":"materia_nivel_3-europa","7":"materia_nivel_3-medieval","8":"tema_nivel_1-historia-universal","9":"product_cat-uncategorized","10":"product_author-dhondt-jan","12":"first","13":"instock","14":"purchasable","15":"product-type-simple"},"acf":[],"_links":{"self":[{"href":"https:\/\/dev2.cantalupe.net\/sigloxxi\/wp-json\/wp\/v2\/product\/14224","targetHints":{"allow":["GET"]}}],"collection":[{"href":"https:\/\/dev2.cantalupe.net\/sigloxxi\/wp-json\/wp\/v2\/product"}],"about":[{"href":"https:\/\/dev2.cantalupe.net\/sigloxxi\/wp-json\/wp\/v2\/types\/product"}],"replies":[{"embeddable":true,"href":"https:\/\/dev2.cantalupe.net\/sigloxxi\/wp-json\/wp\/v2\/comments?post=14224"}],"version-history":[{"count":1,"href":"https:\/\/dev2.cantalupe.net\/sigloxxi\/wp-json\/wp\/v2\/product\/14224\/revisions"}],"predecessor-version":[{"id":14225,"href":"https:\/\/dev2.cantalupe.net\/sigloxxi\/wp-json\/wp\/v2\/product\/14224\/revisions\/14225"}],"wp:featuredmedia":[{"embeddable":true,"href":"https:\/\/dev2.cantalupe.net\/sigloxxi\/wp-json\/wp\/v2\/media\/2607"}],"wp:attachment":[{"href":"https:\/\/dev2.cantalupe.net\/sigloxxi\/wp-json\/wp\/v2\/media?parent=14224"}],"wp:term":[{"taxonomy":"materia_nivel_3","embeddable":true,"href":"https:\/\/dev2.cantalupe.net\/sigloxxi\/wp-json\/wp\/v2\/materia_nivel_3?post=14224"},{"taxonomy":"subtema_nivel_2","embeddable":true,"href":"https:\/\/dev2.cantalupe.net\/sigloxxi\/wp-json\/wp\/v2\/subtema_nivel_2?post=14224"},{"taxonomy":"tema_nivel_1","embeddable":true,"href":"https:\/\/dev2.cantalupe.net\/sigloxxi\/wp-json\/wp\/v2\/tema_nivel_1?post=14224"},{"taxonomy":"product_brand","embeddable":true,"href":"https:\/\/dev2.cantalupe.net\/sigloxxi\/wp-json\/wp\/v2\/product_brand?post=14224"},{"taxonomy":"product_cat","embeddable":true,"href":"https:\/\/dev2.cantalupe.net\/sigloxxi\/wp-json\/wp\/v2\/product_cat?post=14224"},{"taxonomy":"product_tag","embeddable":true,"href":"https:\/\/dev2.cantalupe.net\/sigloxxi\/wp-json\/wp\/v2\/product_tag?post=14224"},{"taxonomy":"product_author","embeddable":true,"href":"https:\/\/dev2.cantalupe.net\/sigloxxi\/wp-json\/wp\/v2\/product_author?post=14224"},{"taxonomy":"product_collection","embeddable":true,"href":"https:\/\/dev2.cantalupe.net\/sigloxxi\/wp-json\/wp\/v2\/product_collection?post=14224"}],"curies":[{"name":"wp","href":"https:\/\/api.w.org\/{rel}","templated":true}]}}