{"id":14282,"date":"2025-11-04T14:53:01","date_gmt":"2025-11-04T14:53:01","guid":{"rendered":"https:\/\/dev2.cantalupe.net\/sigloxxi\/libro\/historia-y-conciencia-de-clase\/"},"modified":"2025-11-04T14:53:01","modified_gmt":"2025-11-04T14:53:01","slug":"historia-y-conciencia-de-clase","status":"publish","type":"product","link":"https:\/\/dev2.cantalupe.net\/sigloxxi\/libro\/historia-y-conciencia-de-clase\/","title":{"rendered":"Historia y conciencia de clase"},"content":{"rendered":"<p>Una pregunta recorre el pensamiento pol\u00edtico del siglo xx: \u00bfen qu\u00e9 condiciones los miembros m\u00e1s desfavorecidos de la sociedad iniciar\u00e1n la emancipaci\u00f3n del g\u00e9nero humano? \u00bfC\u00f3mo construir\u00e1n la justicia social para superar la alienaci\u00f3n y las desigualdades? Aunque han pasado varias d\u00e9cadas y el mundo ya no es el mismo, lo cierto es que no es tan distinto y que estas cuestiones gozan de total actualidad: el capitalismo voraz y sus recurrentes crisis han profundizado la brecha entre los de arriba y los de abajo. \u00bfC\u00f3mo deben tomar conciencia de s\u00ed las clases bajas? \u00bfC\u00f3mo encender la chispa que inicie la transformaci\u00f3n social?Historia y conciencia de clase fue la primera gran obra\u00a0de Luk\u00e1cs, con la que alcanz\u00f3 una celebridad comparable con cl\u00e1sicos del pensamiento pol\u00edtico de la talla de Lenin\u00a0o Luxemburg. En los ocho ensayos que recoge el libro,\u00a0el prestigioso fil\u00f3sofo despliega la relaci\u00f3n entre el pensamiento de Marx con el de Hegel para presentar\u00a0la dial\u00e9ctica como un instrumento de conocimiento\u00a0y de transformaci\u00f3n de la realidad, elemento imprescindible para que los menos favorecidos\u00a0conquisten su genuina libertad.<\/p>\n","protected":false},"excerpt":{"rendered":"<p>Una pregunta recorre el pensamiento pol\u00edtico del siglo xx: \u00bfen qu\u00e9 condiciones los miembros m\u00e1s desfavorecidos de la sociedad iniciar\u00e1n la emancipaci\u00f3n del g\u00e9nero humano? \u00bfC\u00f3mo construir\u00e1n la justicia social para superar la alienaci\u00f3n y las desigualdades? Aunque han pasado varias d\u00e9cadas y el mundo ya no es el mismo, lo cierto es que no es tan distinto y que estas cuestiones gozan de total actualidad: el capitalismo voraz y sus recurrentes crisis han profundizado la brecha entre los de arriba y los de abajo. \u00bfC\u00f3mo deben tomar conciencia de s\u00ed las clases bajas? \u00bfC\u00f3mo encender la chispa que inicie la transformaci\u00f3n social?Historia y conciencia de clase fue la primera gran obra\u00a0de Luk\u00e1cs, con la que alcanz\u00f3 una celebridad comparable con cl\u00e1sicos del pensamiento pol\u00edtico de la talla de Lenin\u00a0o Luxemburg. En los ocho ensayos que recoge el libro,\u00a0el prestigioso fil\u00f3sofo despliega la relaci\u00f3n entre el pensamiento de Marx con el de Hegel para presentar\u00a0la dial\u00e9ctica como un instrumento de conocimiento\u00a0y de transformaci\u00f3n de la realidad, elemento imprescindible para que los menos favorecidos\u00a0conquisten su genuina libertad.<\/p>\n","protected":false},"featured_media":2665,"comment_status":"closed","ping_status":"open","template":"","meta":{"_acf_changed":false},"materia_nivel_3":[2631],"subtema_nivel_2":[2586,2576],"tema_nivel_1":[2587],"product_brand":[],"product_cat":[15],"product_tag":[],"product_author":[3953],"product_collection":[],"class_list":{"0":"post-14282","1":"product","2":"type-product","3":"status-publish","4":"has-post-thumbnail","6":"materia_nivel_3-filosofia-politica","7":"subtema_nivel_2-filosofia","8":"subtema_nivel_2-politica","9":"tema_nivel_1-filosofia-y-pensamiento","10":"product_cat-uncategorized","11":"product_author-lukacs-gyorgy","13":"first","14":"instock","15":"purchasable","16":"product-type-simple"},"acf":[],"_links":{"self":[{"href":"https:\/\/dev2.cantalupe.net\/sigloxxi\/wp-json\/wp\/v2\/product\/14282","targetHints":{"allow":["GET"]}}],"collection":[{"href":"https:\/\/dev2.cantalupe.net\/sigloxxi\/wp-json\/wp\/v2\/product"}],"about":[{"href":"https:\/\/dev2.cantalupe.net\/sigloxxi\/wp-json\/wp\/v2\/types\/product"}],"replies":[{"embeddable":true,"href":"https:\/\/dev2.cantalupe.net\/sigloxxi\/wp-json\/wp\/v2\/comments?post=14282"}],"version-history":[{"count":1,"href":"https:\/\/dev2.cantalupe.net\/sigloxxi\/wp-json\/wp\/v2\/product\/14282\/revisions"}],"predecessor-version":[{"id":14283,"href":"https:\/\/dev2.cantalupe.net\/sigloxxi\/wp-json\/wp\/v2\/product\/14282\/revisions\/14283"}],"wp:featuredmedia":[{"embeddable":true,"href":"https:\/\/dev2.cantalupe.net\/sigloxxi\/wp-json\/wp\/v2\/media\/2665"}],"wp:attachment":[{"href":"https:\/\/dev2.cantalupe.net\/sigloxxi\/wp-json\/wp\/v2\/media?parent=14282"}],"wp:term":[{"taxonomy":"materia_nivel_3","embeddable":true,"href":"https:\/\/dev2.cantalupe.net\/sigloxxi\/wp-json\/wp\/v2\/materia_nivel_3?post=14282"},{"taxonomy":"subtema_nivel_2","embeddable":true,"href":"https:\/\/dev2.cantalupe.net\/sigloxxi\/wp-json\/wp\/v2\/subtema_nivel_2?post=14282"},{"taxonomy":"tema_nivel_1","embeddable":true,"href":"https:\/\/dev2.cantalupe.net\/sigloxxi\/wp-json\/wp\/v2\/tema_nivel_1?post=14282"},{"taxonomy":"product_brand","embeddable":true,"href":"https:\/\/dev2.cantalupe.net\/sigloxxi\/wp-json\/wp\/v2\/product_brand?post=14282"},{"taxonomy":"product_cat","embeddable":true,"href":"https:\/\/dev2.cantalupe.net\/sigloxxi\/wp-json\/wp\/v2\/product_cat?post=14282"},{"taxonomy":"product_tag","embeddable":true,"href":"https:\/\/dev2.cantalupe.net\/sigloxxi\/wp-json\/wp\/v2\/product_tag?post=14282"},{"taxonomy":"product_author","embeddable":true,"href":"https:\/\/dev2.cantalupe.net\/sigloxxi\/wp-json\/wp\/v2\/product_author?post=14282"},{"taxonomy":"product_collection","embeddable":true,"href":"https:\/\/dev2.cantalupe.net\/sigloxxi\/wp-json\/wp\/v2\/product_collection?post=14282"}],"curies":[{"name":"wp","href":"https:\/\/api.w.org\/{rel}","templated":true}]}}