{"id":14298,"date":"2025-11-04T14:53:01","date_gmt":"2025-11-04T14:53:01","guid":{"rendered":"https:\/\/dev2.cantalupe.net\/sigloxxi\/libro\/homo-faber\/"},"modified":"2025-11-04T14:53:01","modified_gmt":"2025-11-04T14:53:01","slug":"homo-faber","status":"publish","type":"product","link":"https:\/\/dev2.cantalupe.net\/sigloxxi\/libro\/homo-faber\/","title":{"rendered":"Homo Faber"},"content":{"rendered":"<p>Desde el \u00faltimo cuarto del siglo XVII hasta el final de la Segunda Guerra Mundial, se extiende la \u00e9poca de referencia de la historia intelectual del trabajo. A lo largo de estos casi trescientos a\u00f1os, el trabajo se convirti\u00f3 en un tema central de los an\u00e1lisis y las pol\u00e9micas de estudiosos y activistas reconocidos, al tiempo que su pr\u00e1ctica era igualmente objeto de minucioso escrutinio. Homo Faber es una historia intelectual del trabajo que reconstruye este dilatado proceso, atendiendo a toda su riqueza y complejidad. Sus p\u00e1ginas recorren la apasionante historia de la sociedad del trabajo, desde su formaci\u00f3n voluntariosa y \u00a0consciente en los medios mercantilistas e lustrados de finales del siglo XVII y del siglo XVIII, hasta el momento en que comienzan a esbozarse las dudas sobre su propia fortaleza y entidad, una vez alcanzada la mitad del siglo XX.<br \/>\nParte sustancial de nuestra cultura y organizaci\u00f3n social, el trabajo est\u00e1 sometido hoy a graves dilemas que nos hacen abrigar dudas sobre su entidad futura. Esta obra busca contribuir a que, en tiempos de amplia discusi\u00f3n sobre el presente y el futuro del trabajo en las sociedades postindustriales, permanezca presente y viva la consideraci\u00f3n, desde una perspectiva hist\u00f3rica, de su sustancia humana y social.<\/p>\n","protected":false},"excerpt":{"rendered":"<p>Desde el \u00faltimo cuarto del siglo XVII hasta el final de la Segunda Guerra Mundial, se extiende la \u00e9poca de referencia de la historia intelectual del trabajo. A lo largo de estos casi trescientos a\u00f1os, el trabajo se convirti\u00f3 en un tema central de los an\u00e1lisis y las pol\u00e9micas de estudiosos y activistas reconocidos, al tiempo que su pr\u00e1ctica era igualmente objeto de minucioso escrutinio. Homo Faber es una historia intelectual del trabajo que reconstruye este dilatado proceso, atendiendo a toda su riqueza y complejidad. Sus p\u00e1ginas recorren la apasionante historia de la sociedad del trabajo, desde su formaci\u00f3n voluntariosa y \u00a0consciente en los medios mercantilistas e lustrados de finales del siglo XVII y del siglo XVIII, hasta el momento en que comienzan a esbozarse las dudas sobre su propia fortaleza y entidad, una vez alcanzada la mitad del siglo XX.<br \/>\nParte sustancial de nuestra cultura y organizaci\u00f3n social, el trabajo est\u00e1 sometido hoy a graves dilemas que nos hacen abrigar dudas sobre su entidad futura. Esta obra busca contribuir a que, en tiempos de amplia discusi\u00f3n sobre el presente y el futuro del trabajo en las sociedades postindustriales, permanezca presente y viva la consideraci\u00f3n, desde una perspectiva hist\u00f3rica, de su sustancia humana y social.<\/p>\n","protected":false},"featured_media":2679,"comment_status":"closed","ping_status":"open","template":"","meta":{"_acf_changed":false},"materia_nivel_3":[2565,2631,2691,2558,2730],"subtema_nivel_2":[2598,2586,2561,2576,2583],"tema_nivel_1":[2567],"product_brand":[],"product_cat":[15],"product_tag":[],"product_author":[3955],"product_collection":[],"class_list":{"0":"post-14298","1":"product","2":"type-product","3":"status-publish","4":"has-post-thumbnail","6":"materia_nivel_3-contemporanea","7":"materia_nivel_3-filosofia-politica","8":"materia_nivel_3-historia-de-las-ideas-politicas","9":"materia_nivel_3-moderna","10":"materia_nivel_3-teoria-sociologica","11":"subtema_nivel_2-economia","12":"subtema_nivel_2-filosofia","13":"subtema_nivel_2-historia","14":"subtema_nivel_2-politica","15":"subtema_nivel_2-sociologia","16":"tema_nivel_1-historia","17":"product_cat-uncategorized","18":"product_author-diez-rodriguez-fernando","20":"first","21":"instock","22":"purchasable","23":"product-type-simple"},"acf":[],"_links":{"self":[{"href":"https:\/\/dev2.cantalupe.net\/sigloxxi\/wp-json\/wp\/v2\/product\/14298","targetHints":{"allow":["GET"]}}],"collection":[{"href":"https:\/\/dev2.cantalupe.net\/sigloxxi\/wp-json\/wp\/v2\/product"}],"about":[{"href":"https:\/\/dev2.cantalupe.net\/sigloxxi\/wp-json\/wp\/v2\/types\/product"}],"replies":[{"embeddable":true,"href":"https:\/\/dev2.cantalupe.net\/sigloxxi\/wp-json\/wp\/v2\/comments?post=14298"}],"version-history":[{"count":1,"href":"https:\/\/dev2.cantalupe.net\/sigloxxi\/wp-json\/wp\/v2\/product\/14298\/revisions"}],"predecessor-version":[{"id":14299,"href":"https:\/\/dev2.cantalupe.net\/sigloxxi\/wp-json\/wp\/v2\/product\/14298\/revisions\/14299"}],"wp:featuredmedia":[{"embeddable":true,"href":"https:\/\/dev2.cantalupe.net\/sigloxxi\/wp-json\/wp\/v2\/media\/2679"}],"wp:attachment":[{"href":"https:\/\/dev2.cantalupe.net\/sigloxxi\/wp-json\/wp\/v2\/media?parent=14298"}],"wp:term":[{"taxonomy":"materia_nivel_3","embeddable":true,"href":"https:\/\/dev2.cantalupe.net\/sigloxxi\/wp-json\/wp\/v2\/materia_nivel_3?post=14298"},{"taxonomy":"subtema_nivel_2","embeddable":true,"href":"https:\/\/dev2.cantalupe.net\/sigloxxi\/wp-json\/wp\/v2\/subtema_nivel_2?post=14298"},{"taxonomy":"tema_nivel_1","embeddable":true,"href":"https:\/\/dev2.cantalupe.net\/sigloxxi\/wp-json\/wp\/v2\/tema_nivel_1?post=14298"},{"taxonomy":"product_brand","embeddable":true,"href":"https:\/\/dev2.cantalupe.net\/sigloxxi\/wp-json\/wp\/v2\/product_brand?post=14298"},{"taxonomy":"product_cat","embeddable":true,"href":"https:\/\/dev2.cantalupe.net\/sigloxxi\/wp-json\/wp\/v2\/product_cat?post=14298"},{"taxonomy":"product_tag","embeddable":true,"href":"https:\/\/dev2.cantalupe.net\/sigloxxi\/wp-json\/wp\/v2\/product_tag?post=14298"},{"taxonomy":"product_author","embeddable":true,"href":"https:\/\/dev2.cantalupe.net\/sigloxxi\/wp-json\/wp\/v2\/product_author?post=14298"},{"taxonomy":"product_collection","embeddable":true,"href":"https:\/\/dev2.cantalupe.net\/sigloxxi\/wp-json\/wp\/v2\/product_collection?post=14298"}],"curies":[{"name":"wp","href":"https:\/\/api.w.org\/{rel}","templated":true}]}}