{"id":14306,"date":"2025-11-04T14:53:01","date_gmt":"2025-11-04T14:53:01","guid":{"rendered":"https:\/\/dev2.cantalupe.net\/sigloxxi\/libro\/huelga-de-masas-partido-y-sindicatos\/"},"modified":"2025-11-04T14:53:02","modified_gmt":"2025-11-04T14:53:02","slug":"huelga-de-masas-partido-y-sindicatos","status":"publish","type":"product","link":"https:\/\/dev2.cantalupe.net\/sigloxxi\/libro\/huelga-de-masas-partido-y-sindicatos\/","title":{"rendered":"Huelga de masas, partido y sindicatos"},"content":{"rendered":"<p>La revoluci\u00f3n rusa, iniciada en enero de 1905, sorprende a Rosa Luxemburgo en Alemania. Durante todo este a\u00f1o Rosa Luxemburgo se dedica a hacer comprender a los socialistas alemanes el significado de aquellos acontecimientos revolucionarios. A finales del mismo se traslada a Varsovia para participar directamente, junto a sus camaradas de la socialdemocracia polaca, en la revoluci\u00f3n que se dispon\u00eda a acabar con el Imperio zarista.<br \/>\nFruto de esta experiencia es el presente libro, en el que elabora su doctrina de la huelga de masas. Para Rosa Luxemburgo la huelga, experimentada en una escala gigantesca en esta primera revoluci\u00f3n rusa, ten\u00eda el m\u00e9rito indiscutible de llenar el vac\u00edo te\u00f3rico que el fracaso de la Comuna de Par\u00eds y la cr\u00edtica de Engels al insurreccionalismo hab\u00edan creado en la concepci\u00f3n revolucionaria. Para ella la huelga de masas no es una simple \u00abt\u00e1ctica\u00bb que debe ser utilizada por el proletariado para defender sus conquistas, sino, por el contrario, un elemento central de la \u00abestrategia revolucionaria\u00bb. As\u00ed, Luxemburgo preconiza lo que denomina una \u00abestrategia de derrocamiento\u00bb basada en la pr\u00e1ctica de la huelga de masas.<\/p>\n","protected":false},"excerpt":{"rendered":"<p>La revoluci\u00f3n rusa, iniciada en enero de 1905, sorprende a Rosa Luxemburgo en Alemania. Durante todo este a\u00f1o Rosa Luxemburgo se dedica a hacer comprender a los socialistas alemanes el significado de aquellos acontecimientos revolucionarios. A finales del mismo se traslada a Varsovia para participar directamente, junto a sus camaradas de la socialdemocracia polaca, en la revoluci\u00f3n que se dispon\u00eda a acabar con el Imperio zarista.<br \/>\nFruto de esta experiencia es el presente libro, en el que elabora su doctrina de la huelga de masas. Para Rosa Luxemburgo la huelga, experimentada en una escala gigantesca en esta primera revoluci\u00f3n rusa, ten\u00eda el m\u00e9rito indiscutible de llenar el vac\u00edo te\u00f3rico que el fracaso de la Comuna de Par\u00eds y la cr\u00edtica de Engels al insurreccionalismo hab\u00edan creado en la concepci\u00f3n revolucionaria. Para ella la huelga de masas no es una simple \u00abt\u00e1ctica\u00bb que debe ser utilizada por el proletariado para defender sus conquistas, sino, por el contrario, un elemento central de la \u00abestrategia revolucionaria\u00bb. As\u00ed, Luxemburgo preconiza lo que denomina una \u00abestrategia de derrocamiento\u00bb basada en la pr\u00e1ctica de la huelga de masas.<\/p>\n","protected":false},"featured_media":2686,"comment_status":"closed","ping_status":"open","template":"","meta":{"_acf_changed":false},"materia_nivel_3":[2657],"subtema_nivel_2":[2576],"tema_nivel_1":[2570],"product_brand":[],"product_cat":[15],"product_tag":[],"product_author":[3957],"product_collection":[],"class_list":{"0":"post-14306","1":"product","2":"type-product","3":"status-publish","4":"has-post-thumbnail","6":"materia_nivel_3-teoria-politica","7":"subtema_nivel_2-politica","8":"tema_nivel_1-ciencias-sociales","9":"product_cat-uncategorized","10":"product_author-luxemburg-rosa","12":"first","13":"instock","14":"purchasable","15":"product-type-simple"},"acf":[],"_links":{"self":[{"href":"https:\/\/dev2.cantalupe.net\/sigloxxi\/wp-json\/wp\/v2\/product\/14306","targetHints":{"allow":["GET"]}}],"collection":[{"href":"https:\/\/dev2.cantalupe.net\/sigloxxi\/wp-json\/wp\/v2\/product"}],"about":[{"href":"https:\/\/dev2.cantalupe.net\/sigloxxi\/wp-json\/wp\/v2\/types\/product"}],"replies":[{"embeddable":true,"href":"https:\/\/dev2.cantalupe.net\/sigloxxi\/wp-json\/wp\/v2\/comments?post=14306"}],"version-history":[{"count":1,"href":"https:\/\/dev2.cantalupe.net\/sigloxxi\/wp-json\/wp\/v2\/product\/14306\/revisions"}],"predecessor-version":[{"id":14307,"href":"https:\/\/dev2.cantalupe.net\/sigloxxi\/wp-json\/wp\/v2\/product\/14306\/revisions\/14307"}],"wp:featuredmedia":[{"embeddable":true,"href":"https:\/\/dev2.cantalupe.net\/sigloxxi\/wp-json\/wp\/v2\/media\/2686"}],"wp:attachment":[{"href":"https:\/\/dev2.cantalupe.net\/sigloxxi\/wp-json\/wp\/v2\/media?parent=14306"}],"wp:term":[{"taxonomy":"materia_nivel_3","embeddable":true,"href":"https:\/\/dev2.cantalupe.net\/sigloxxi\/wp-json\/wp\/v2\/materia_nivel_3?post=14306"},{"taxonomy":"subtema_nivel_2","embeddable":true,"href":"https:\/\/dev2.cantalupe.net\/sigloxxi\/wp-json\/wp\/v2\/subtema_nivel_2?post=14306"},{"taxonomy":"tema_nivel_1","embeddable":true,"href":"https:\/\/dev2.cantalupe.net\/sigloxxi\/wp-json\/wp\/v2\/tema_nivel_1?post=14306"},{"taxonomy":"product_brand","embeddable":true,"href":"https:\/\/dev2.cantalupe.net\/sigloxxi\/wp-json\/wp\/v2\/product_brand?post=14306"},{"taxonomy":"product_cat","embeddable":true,"href":"https:\/\/dev2.cantalupe.net\/sigloxxi\/wp-json\/wp\/v2\/product_cat?post=14306"},{"taxonomy":"product_tag","embeddable":true,"href":"https:\/\/dev2.cantalupe.net\/sigloxxi\/wp-json\/wp\/v2\/product_tag?post=14306"},{"taxonomy":"product_author","embeddable":true,"href":"https:\/\/dev2.cantalupe.net\/sigloxxi\/wp-json\/wp\/v2\/product_author?post=14306"},{"taxonomy":"product_collection","embeddable":true,"href":"https:\/\/dev2.cantalupe.net\/sigloxxi\/wp-json\/wp\/v2\/product_collection?post=14306"}],"curies":[{"name":"wp","href":"https:\/\/api.w.org\/{rel}","templated":true}]}}