{"id":14326,"date":"2025-11-04T14:53:14","date_gmt":"2025-11-04T14:53:14","guid":{"rendered":"https:\/\/dev2.cantalupe.net\/sigloxxi\/libro\/identidades-en-juego\/"},"modified":"2025-11-04T14:53:15","modified_gmt":"2025-11-04T14:53:15","slug":"identidades-en-juego","status":"publish","type":"product","link":"https:\/\/dev2.cantalupe.net\/sigloxxi\/libro\/identidades-en-juego\/","title":{"rendered":"Identidades en juego"},"content":{"rendered":"<p>Tomando como hilo conductor la historia del Casino de Madrid desde su fundaci\u00f3n hasta el advenimiento de la Guerra Civil, esta brillante monograf\u00eda analiza el papel desempe\u00f1ado por el ocio en la configuraci\u00f3n social: el Casino se presenta como un lugar de encuentro que permiti\u00f3 construir una identidad para la nueva clase alta, consustancial a la construcci\u00f3n del Estado contempor\u00e1neo. As\u00ed, consciente o inconscientemente, criados, carruajes, beneficencia anunciada, edificios lujosos y todos los avances t\u00e9cnicos representativos de la modernidad, contribuyeron a escenificar una identidad mediante la teatralizaci\u00f3n del encuentro en un espacio de sociabilidad restringido, conform\u00e1ndose como espacio cohesionador de una \u00e9lite burguesa y aristocr\u00e1tica. En cierta forma, se trataba de juegos de identidad que configuraban nuevas formas de representaci\u00f3n social enraizadas en un \u00abhabitus nobiliar\u00bb y en los lujos del pasado.<br \/>\nIdentidades en juego desgrana c\u00f3mo los clubes asociativos contribuyeron a la construcci\u00f3n de la identidad masculina de los c\u00edrculos de la \u00e9lite de la Pen\u00ednsula y c\u00f3mo esta se convirti\u00f3 en un elemento nodal para la cohesi\u00f3n social.<\/p>\n","protected":false},"excerpt":{"rendered":"<p>Tomando como hilo conductor la historia del Casino de Madrid desde su fundaci\u00f3n hasta el advenimiento de la Guerra Civil, esta brillante monograf\u00eda analiza el papel desempe\u00f1ado por el ocio en la configuraci\u00f3n social: el Casino se presenta como un lugar de encuentro que permiti\u00f3 construir una identidad para la nueva clase alta, consustancial a la construcci\u00f3n del Estado contempor\u00e1neo. As\u00ed, consciente o inconscientemente, criados, carruajes, beneficencia anunciada, edificios lujosos y todos los avances t\u00e9cnicos representativos de la modernidad, contribuyeron a escenificar una identidad mediante la teatralizaci\u00f3n del encuentro en un espacio de sociabilidad restringido, conform\u00e1ndose como espacio cohesionador de una \u00e9lite burguesa y aristocr\u00e1tica. En cierta forma, se trataba de juegos de identidad que configuraban nuevas formas de representaci\u00f3n social enraizadas en un \u00abhabitus nobiliar\u00bb y en los lujos del pasado.<br \/>\nIdentidades en juego desgrana c\u00f3mo los clubes asociativos contribuyeron a la construcci\u00f3n de la identidad masculina de los c\u00edrculos de la \u00e9lite de la Pen\u00ednsula y c\u00f3mo esta se convirti\u00f3 en un elemento nodal para la cohesi\u00f3n social.<\/p>\n","protected":false},"featured_media":2702,"comment_status":"closed","ping_status":"open","template":"","meta":{"_acf_changed":false},"materia_nivel_3":[2565,2559],"subtema_nivel_2":[2561,2583],"tema_nivel_1":[2567],"product_brand":[],"product_cat":[15],"product_tag":[],"product_author":[3960],"product_collection":[],"class_list":{"0":"post-14326","1":"product","2":"type-product","3":"status-publish","4":"has-post-thumbnail","6":"materia_nivel_3-contemporanea","7":"materia_nivel_3-espana","8":"subtema_nivel_2-historia","9":"subtema_nivel_2-sociologia","10":"tema_nivel_1-historia","11":"product_cat-uncategorized","12":"product_author-zozaya-maria","14":"first","15":"instock","16":"purchasable","17":"product-type-simple"},"acf":[],"_links":{"self":[{"href":"https:\/\/dev2.cantalupe.net\/sigloxxi\/wp-json\/wp\/v2\/product\/14326","targetHints":{"allow":["GET"]}}],"collection":[{"href":"https:\/\/dev2.cantalupe.net\/sigloxxi\/wp-json\/wp\/v2\/product"}],"about":[{"href":"https:\/\/dev2.cantalupe.net\/sigloxxi\/wp-json\/wp\/v2\/types\/product"}],"replies":[{"embeddable":true,"href":"https:\/\/dev2.cantalupe.net\/sigloxxi\/wp-json\/wp\/v2\/comments?post=14326"}],"version-history":[{"count":1,"href":"https:\/\/dev2.cantalupe.net\/sigloxxi\/wp-json\/wp\/v2\/product\/14326\/revisions"}],"predecessor-version":[{"id":14327,"href":"https:\/\/dev2.cantalupe.net\/sigloxxi\/wp-json\/wp\/v2\/product\/14326\/revisions\/14327"}],"wp:featuredmedia":[{"embeddable":true,"href":"https:\/\/dev2.cantalupe.net\/sigloxxi\/wp-json\/wp\/v2\/media\/2702"}],"wp:attachment":[{"href":"https:\/\/dev2.cantalupe.net\/sigloxxi\/wp-json\/wp\/v2\/media?parent=14326"}],"wp:term":[{"taxonomy":"materia_nivel_3","embeddable":true,"href":"https:\/\/dev2.cantalupe.net\/sigloxxi\/wp-json\/wp\/v2\/materia_nivel_3?post=14326"},{"taxonomy":"subtema_nivel_2","embeddable":true,"href":"https:\/\/dev2.cantalupe.net\/sigloxxi\/wp-json\/wp\/v2\/subtema_nivel_2?post=14326"},{"taxonomy":"tema_nivel_1","embeddable":true,"href":"https:\/\/dev2.cantalupe.net\/sigloxxi\/wp-json\/wp\/v2\/tema_nivel_1?post=14326"},{"taxonomy":"product_brand","embeddable":true,"href":"https:\/\/dev2.cantalupe.net\/sigloxxi\/wp-json\/wp\/v2\/product_brand?post=14326"},{"taxonomy":"product_cat","embeddable":true,"href":"https:\/\/dev2.cantalupe.net\/sigloxxi\/wp-json\/wp\/v2\/product_cat?post=14326"},{"taxonomy":"product_tag","embeddable":true,"href":"https:\/\/dev2.cantalupe.net\/sigloxxi\/wp-json\/wp\/v2\/product_tag?post=14326"},{"taxonomy":"product_author","embeddable":true,"href":"https:\/\/dev2.cantalupe.net\/sigloxxi\/wp-json\/wp\/v2\/product_author?post=14326"},{"taxonomy":"product_collection","embeddable":true,"href":"https:\/\/dev2.cantalupe.net\/sigloxxi\/wp-json\/wp\/v2\/product_collection?post=14326"}],"curies":[{"name":"wp","href":"https:\/\/api.w.org\/{rel}","templated":true}]}}