{"id":14354,"date":"2025-11-04T14:53:14","date_gmt":"2025-11-04T14:53:14","guid":{"rendered":"https:\/\/dev2.cantalupe.net\/sigloxxi\/libro\/ingenuos-2\/"},"modified":"2025-11-04T14:53:20","modified_gmt":"2025-11-04T14:53:20","slug":"ingenuos-2","status":"publish","type":"product","link":"https:\/\/dev2.cantalupe.net\/sigloxxi\/libro\/ingenuos-2\/","title":{"rendered":"Ingenuos"},"content":{"rendered":"<p>Energ\u00edas universales que nos rodean<br \/>\ncanalizadas por dos manos y dirigidas por la voluntad, agujas que clavadas en<br \/>\npuntos estrat\u00e9gicos de nuestra piel redistribuyen el ki,<br \/>\nun vaso de agua que sin esencia ni sustancia tiene propiedades milagrosas,<br \/>\ninhalaciones y exhalaciones imposibles que nos retrotraen al momento de nuestro<br \/>\nnacimiento, y nuestros ancestros rode\u00e1ndonos mientras nos miran son solo<br \/>\nalgunos de los elementos de atrezo que emplean las supuestas terapias<br \/>\nalternativas que, independientemente de la gravedad de la enfermedad que nos<br \/>\nafecta, prometen una mejora de la salud.Ingenuos. El enga\u00f1o de<br \/>\nlas terapias alternativas es una demoledora<br \/>\nlectura que desmonta, desde una perspectiva cient\u00edfica y psicol\u00f3gica, tanto la<br \/>\nautoayuda o las pseudoterapias como cualquier remedio que, prometiendo<br \/>\nmilagros, en realidad no sirven para nada o incluso agravan la salud del<br \/>\npaciente. Reiki, acupuntura, homeopat\u00eda, dian\u00e9tica, bioneuroemoci\u00f3n,<br \/>\nprogramaci\u00f3n neoroling\u00fc\u00edstica, flores de Bach\u0085 uno a uno, estos saberes y sus pretendidos<br \/>\ntratamientos, propios de gur\u00fas y chamanes m\u00e1gicos, resultan refutados,<br \/>\ninvalidados y reducidos a un absurdo ritual ante la luz que arroja la presente<br \/>\ne inapelable cr\u00edtica.<\/p>\n","protected":false},"excerpt":{"rendered":"<p>Energ\u00edas universales que nos rodean<br \/>\ncanalizadas por dos manos y dirigidas por la voluntad, agujas que clavadas en<br \/>\npuntos estrat\u00e9gicos de nuestra piel redistribuyen el ki,<br \/>\nun vaso de agua que sin esencia ni sustancia tiene propiedades milagrosas,<br \/>\ninhalaciones y exhalaciones imposibles que nos retrotraen al momento de nuestro<br \/>\nnacimiento, y nuestros ancestros rode\u00e1ndonos mientras nos miran son solo<br \/>\nalgunos de los elementos de atrezo que emplean las supuestas terapias<br \/>\nalternativas que, independientemente de la gravedad de la enfermedad que nos<br \/>\nafecta, prometen una mejora de la salud.Ingenuos. El enga\u00f1o de<br \/>\nlas terapias alternativas es una demoledora<br \/>\nlectura que desmonta, desde una perspectiva cient\u00edfica y psicol\u00f3gica, tanto la<br \/>\nautoayuda o las pseudoterapias como cualquier remedio que, prometiendo<br \/>\nmilagros, en realidad no sirven para nada o incluso agravan la salud del<br \/>\npaciente. Reiki, acupuntura, homeopat\u00eda, dian\u00e9tica, bioneuroemoci\u00f3n,<br \/>\nprogramaci\u00f3n neoroling\u00fc\u00edstica, flores de Bach\u0085 uno a uno, estos saberes y sus pretendidos<br \/>\ntratamientos, propios de gur\u00fas y chamanes m\u00e1gicos, resultan refutados,<br \/>\ninvalidados y reducidos a un absurdo ritual ante la luz que arroja la presente<br \/>\ne inapelable cr\u00edtica.<\/p>\n","protected":false},"featured_media":2726,"comment_status":"closed","ping_status":"open","template":"","meta":{"_acf_changed":false},"materia_nivel_3":[],"subtema_nivel_2":[2578],"tema_nivel_1":[2579],"product_brand":[],"product_cat":[15],"product_tag":[],"product_author":[],"product_collection":[],"class_list":{"0":"post-14354","1":"product","2":"type-product","3":"status-publish","4":"has-post-thumbnail","6":"subtema_nivel_2-psicologia","7":"tema_nivel_1-psicologia","8":"product_cat-uncategorized","10":"first","11":"instock","12":"purchasable","13":"product-type-simple"},"acf":[],"_links":{"self":[{"href":"https:\/\/dev2.cantalupe.net\/sigloxxi\/wp-json\/wp\/v2\/product\/14354","targetHints":{"allow":["GET"]}}],"collection":[{"href":"https:\/\/dev2.cantalupe.net\/sigloxxi\/wp-json\/wp\/v2\/product"}],"about":[{"href":"https:\/\/dev2.cantalupe.net\/sigloxxi\/wp-json\/wp\/v2\/types\/product"}],"replies":[{"embeddable":true,"href":"https:\/\/dev2.cantalupe.net\/sigloxxi\/wp-json\/wp\/v2\/comments?post=14354"}],"version-history":[{"count":1,"href":"https:\/\/dev2.cantalupe.net\/sigloxxi\/wp-json\/wp\/v2\/product\/14354\/revisions"}],"predecessor-version":[{"id":14355,"href":"https:\/\/dev2.cantalupe.net\/sigloxxi\/wp-json\/wp\/v2\/product\/14354\/revisions\/14355"}],"wp:featuredmedia":[{"embeddable":true,"href":"https:\/\/dev2.cantalupe.net\/sigloxxi\/wp-json\/wp\/v2\/media\/2726"}],"wp:attachment":[{"href":"https:\/\/dev2.cantalupe.net\/sigloxxi\/wp-json\/wp\/v2\/media?parent=14354"}],"wp:term":[{"taxonomy":"materia_nivel_3","embeddable":true,"href":"https:\/\/dev2.cantalupe.net\/sigloxxi\/wp-json\/wp\/v2\/materia_nivel_3?post=14354"},{"taxonomy":"subtema_nivel_2","embeddable":true,"href":"https:\/\/dev2.cantalupe.net\/sigloxxi\/wp-json\/wp\/v2\/subtema_nivel_2?post=14354"},{"taxonomy":"tema_nivel_1","embeddable":true,"href":"https:\/\/dev2.cantalupe.net\/sigloxxi\/wp-json\/wp\/v2\/tema_nivel_1?post=14354"},{"taxonomy":"product_brand","embeddable":true,"href":"https:\/\/dev2.cantalupe.net\/sigloxxi\/wp-json\/wp\/v2\/product_brand?post=14354"},{"taxonomy":"product_cat","embeddable":true,"href":"https:\/\/dev2.cantalupe.net\/sigloxxi\/wp-json\/wp\/v2\/product_cat?post=14354"},{"taxonomy":"product_tag","embeddable":true,"href":"https:\/\/dev2.cantalupe.net\/sigloxxi\/wp-json\/wp\/v2\/product_tag?post=14354"},{"taxonomy":"product_author","embeddable":true,"href":"https:\/\/dev2.cantalupe.net\/sigloxxi\/wp-json\/wp\/v2\/product_author?post=14354"},{"taxonomy":"product_collection","embeddable":true,"href":"https:\/\/dev2.cantalupe.net\/sigloxxi\/wp-json\/wp\/v2\/product_collection?post=14354"}],"curies":[{"name":"wp","href":"https:\/\/api.w.org\/{rel}","templated":true}]}}