{"id":14388,"date":"2025-11-04T14:53:21","date_gmt":"2025-11-04T14:53:21","guid":{"rendered":"https:\/\/dev2.cantalupe.net\/sigloxxi\/libro\/introduccion-a-la-economia-politica\/"},"modified":"2025-11-04T14:53:23","modified_gmt":"2025-11-04T14:53:23","slug":"introduccion-a-la-economia-politica","status":"publish","type":"product","link":"https:\/\/dev2.cantalupe.net\/sigloxxi\/libro\/introduccion-a-la-economia-politica\/","title":{"rendered":"Introducci\u00f3n a la econom\u00eda pol\u00edtica"},"content":{"rendered":"<p>En noviembre de 1906 el Partido Socialdem\u00f3crata alem\u00e1n inaugur\u00f3 en Berl\u00edn una Escuela Central para la formaci\u00f3n de sus cuadros. En esta escuela dictaron sus cursos la mayor\u00eda de los marxistas m\u00e1s destacados de la \u00e9poca. Hilferding, Mehring y Pannekoek estuvieron entre sus profesores. A partir de octubre de 1907, Rosa Luxemburgo ense\u00f1\u00f3 all\u00ed econom\u00eda pol\u00edtica e historia econ\u00f3mica y, desde 1911, dict\u00f3 adem\u00e1s un curso de historia del socialismo.<br \/>\nAl a\u00f1o siguiente de iniciar sus cursos, Rosa Luxemburgo proyectaba la edici\u00f3n de sus conferencias en aquella escuela, su\u00a0Introducci\u00f3n a la econom\u00eda pol\u00edtica, pero la elaboraci\u00f3n de La acumulaci\u00f3n del capital y su activismo pol\u00edtico la priv\u00f3 del tiempo necesario para realizar esta labor. S\u00f3lo durante su estancia en la prisi\u00f3n de Wronke, en 1916-1917, pudo dar forma sus notas de clase y, aunque nunca alcanz\u00f3 una versi\u00f3n definitiva y a pesar de que poco despu\u00e9s fue asesinada y muchos de los manuscritos preparatorios de la obra se perdieron en el saqueo a su casa, afortunadamente la parte m\u00e1s importante de esos cursos ha llegado hasta el presente.<\/p>\n","protected":false},"excerpt":{"rendered":"<p>En noviembre de 1906 el Partido Socialdem\u00f3crata alem\u00e1n inaugur\u00f3 en Berl\u00edn una Escuela Central para la formaci\u00f3n de sus cuadros. En esta escuela dictaron sus cursos la mayor\u00eda de los marxistas m\u00e1s destacados de la \u00e9poca. Hilferding, Mehring y Pannekoek estuvieron entre sus profesores. A partir de octubre de 1907, Rosa Luxemburgo ense\u00f1\u00f3 all\u00ed econom\u00eda pol\u00edtica e historia econ\u00f3mica y, desde 1911, dict\u00f3 adem\u00e1s un curso de historia del socialismo.<br \/>\nAl a\u00f1o siguiente de iniciar sus cursos, Rosa Luxemburgo proyectaba la edici\u00f3n de sus conferencias en aquella escuela, su\u00a0Introducci\u00f3n a la econom\u00eda pol\u00edtica, pero la elaboraci\u00f3n de La acumulaci\u00f3n del capital y su activismo pol\u00edtico la priv\u00f3 del tiempo necesario para realizar esta labor. S\u00f3lo durante su estancia en la prisi\u00f3n de Wronke, en 1916-1917, pudo dar forma sus notas de clase y, aunque nunca alcanz\u00f3 una versi\u00f3n definitiva y a pesar de que poco despu\u00e9s fue asesinada y muchos de los manuscritos preparatorios de la obra se perdieron en el saqueo a su casa, afortunadamente la parte m\u00e1s importante de esos cursos ha llegado hasta el presente.<\/p>\n","protected":false},"featured_media":2759,"comment_status":"closed","ping_status":"open","template":"","meta":{"_acf_changed":false},"materia_nivel_3":[2657],"subtema_nivel_2":[2598,2576],"tema_nivel_1":[3594],"product_brand":[],"product_cat":[15],"product_tag":[],"product_author":[3957],"product_collection":[],"class_list":{"0":"post-14388","1":"product","2":"type-product","3":"status-publish","4":"has-post-thumbnail","6":"materia_nivel_3-teoria-politica","7":"subtema_nivel_2-economia","8":"subtema_nivel_2-politica","9":"tema_nivel_1-clasicos-del-pensamiento-critico","10":"product_cat-uncategorized","11":"product_author-luxemburg-rosa","13":"first","14":"instock","15":"purchasable","16":"product-type-simple"},"acf":[],"_links":{"self":[{"href":"https:\/\/dev2.cantalupe.net\/sigloxxi\/wp-json\/wp\/v2\/product\/14388","targetHints":{"allow":["GET"]}}],"collection":[{"href":"https:\/\/dev2.cantalupe.net\/sigloxxi\/wp-json\/wp\/v2\/product"}],"about":[{"href":"https:\/\/dev2.cantalupe.net\/sigloxxi\/wp-json\/wp\/v2\/types\/product"}],"replies":[{"embeddable":true,"href":"https:\/\/dev2.cantalupe.net\/sigloxxi\/wp-json\/wp\/v2\/comments?post=14388"}],"version-history":[{"count":1,"href":"https:\/\/dev2.cantalupe.net\/sigloxxi\/wp-json\/wp\/v2\/product\/14388\/revisions"}],"predecessor-version":[{"id":14389,"href":"https:\/\/dev2.cantalupe.net\/sigloxxi\/wp-json\/wp\/v2\/product\/14388\/revisions\/14389"}],"wp:featuredmedia":[{"embeddable":true,"href":"https:\/\/dev2.cantalupe.net\/sigloxxi\/wp-json\/wp\/v2\/media\/2759"}],"wp:attachment":[{"href":"https:\/\/dev2.cantalupe.net\/sigloxxi\/wp-json\/wp\/v2\/media?parent=14388"}],"wp:term":[{"taxonomy":"materia_nivel_3","embeddable":true,"href":"https:\/\/dev2.cantalupe.net\/sigloxxi\/wp-json\/wp\/v2\/materia_nivel_3?post=14388"},{"taxonomy":"subtema_nivel_2","embeddable":true,"href":"https:\/\/dev2.cantalupe.net\/sigloxxi\/wp-json\/wp\/v2\/subtema_nivel_2?post=14388"},{"taxonomy":"tema_nivel_1","embeddable":true,"href":"https:\/\/dev2.cantalupe.net\/sigloxxi\/wp-json\/wp\/v2\/tema_nivel_1?post=14388"},{"taxonomy":"product_brand","embeddable":true,"href":"https:\/\/dev2.cantalupe.net\/sigloxxi\/wp-json\/wp\/v2\/product_brand?post=14388"},{"taxonomy":"product_cat","embeddable":true,"href":"https:\/\/dev2.cantalupe.net\/sigloxxi\/wp-json\/wp\/v2\/product_cat?post=14388"},{"taxonomy":"product_tag","embeddable":true,"href":"https:\/\/dev2.cantalupe.net\/sigloxxi\/wp-json\/wp\/v2\/product_tag?post=14388"},{"taxonomy":"product_author","embeddable":true,"href":"https:\/\/dev2.cantalupe.net\/sigloxxi\/wp-json\/wp\/v2\/product_author?post=14388"},{"taxonomy":"product_collection","embeddable":true,"href":"https:\/\/dev2.cantalupe.net\/sigloxxi\/wp-json\/wp\/v2\/product_collection?post=14388"}],"curies":[{"name":"wp","href":"https:\/\/api.w.org\/{rel}","templated":true}]}}