{"id":14438,"date":"2025-11-04T14:53:34","date_gmt":"2025-11-04T14:53:34","guid":{"rendered":"https:\/\/dev2.cantalupe.net\/sigloxxi\/libro\/kant-en-90-minutos\/"},"modified":"2025-11-04T14:53:34","modified_gmt":"2025-11-04T14:53:34","slug":"kant-en-90-minutos","status":"publish","type":"product","link":"https:\/\/dev2.cantalupe.net\/sigloxxi\/libro\/kant-en-90-minutos\/","title":{"rendered":"Kant en 90 minutos"},"content":{"rendered":"<p>Immanuel Kant llev\u00f3 una vida ordenada hasta un extremo tal que los ciudadanos de K\u00f6nigsberg acostumbraban a poner en hora sus relojes cuando sal\u00eda a dar su paseo de todas las tardes. Apenas se alej\u00f3 en toda su vida de su querida ciudad natal a orillas del B\u00e1ltico y, sin embargo, sus clases de geograf\u00eda sobre partes remotas del globo terr\u00e1queo atra\u00edan un p\u00fablico numeroso. Todo lo cual casa perfectamente con su propia filosof\u00eda, que niega que el conocimiento derive exclusivamente de la mera experiencia. Kant propuso, as\u00ed, una brillante s\u00edntesis entre el empirismo brit\u00e1nico y el racionalismo continental que revolucion\u00f3 la historia de la filosof\u00eda.<br \/>\nEn Kant en 90 minutos, Paul Strathern expone de manera clara y concisa la vida e ideas del autor de la Cr\u00edtica de la raz\u00f3n pura. El libro incluye una selecci\u00f3n de sus escritos, una breve lista de lecturas sugeridas y cronolog\u00edas que sit\u00faan a Kant en su \u00e9poca y en una sinopsis m\u00e1s amplia de la filosof\u00eda.<\/p>\n","protected":false},"excerpt":{"rendered":"<p>Immanuel Kant llev\u00f3 una vida ordenada hasta un extremo tal que los ciudadanos de K\u00f6nigsberg acostumbraban a poner en hora sus relojes cuando sal\u00eda a dar su paseo de todas las tardes. Apenas se alej\u00f3 en toda su vida de su querida ciudad natal a orillas del B\u00e1ltico y, sin embargo, sus clases de geograf\u00eda sobre partes remotas del globo terr\u00e1queo atra\u00edan un p\u00fablico numeroso. Todo lo cual casa perfectamente con su propia filosof\u00eda, que niega que el conocimiento derive exclusivamente de la mera experiencia. Kant propuso, as\u00ed, una brillante s\u00edntesis entre el empirismo brit\u00e1nico y el racionalismo continental que revolucion\u00f3 la historia de la filosof\u00eda.<br \/>\nEn Kant en 90 minutos, Paul Strathern expone de manera clara y concisa la vida e ideas del autor de la Cr\u00edtica de la raz\u00f3n pura. El libro incluye una selecci\u00f3n de sus escritos, una breve lista de lecturas sugeridas y cronolog\u00edas que sit\u00faan a Kant en su \u00e9poca y en una sinopsis m\u00e1s amplia de la filosof\u00eda.<\/p>\n","protected":false},"featured_media":2804,"comment_status":"closed","ping_status":"open","template":"","meta":{"_acf_changed":false},"materia_nivel_3":[2558],"subtema_nivel_2":[2586],"tema_nivel_1":[2663],"product_brand":[],"product_cat":[15],"product_tag":[],"product_author":[2849],"product_collection":[],"class_list":{"0":"post-14438","1":"product","2":"type-product","3":"status-publish","4":"has-post-thumbnail","6":"materia_nivel_3-moderna","7":"subtema_nivel_2-filosofia","8":"tema_nivel_1-en-90-minutos","9":"product_cat-uncategorized","10":"product_author-strathern-paul","12":"first","13":"instock","14":"purchasable","15":"product-type-simple"},"acf":[],"_links":{"self":[{"href":"https:\/\/dev2.cantalupe.net\/sigloxxi\/wp-json\/wp\/v2\/product\/14438","targetHints":{"allow":["GET"]}}],"collection":[{"href":"https:\/\/dev2.cantalupe.net\/sigloxxi\/wp-json\/wp\/v2\/product"}],"about":[{"href":"https:\/\/dev2.cantalupe.net\/sigloxxi\/wp-json\/wp\/v2\/types\/product"}],"replies":[{"embeddable":true,"href":"https:\/\/dev2.cantalupe.net\/sigloxxi\/wp-json\/wp\/v2\/comments?post=14438"}],"version-history":[{"count":1,"href":"https:\/\/dev2.cantalupe.net\/sigloxxi\/wp-json\/wp\/v2\/product\/14438\/revisions"}],"predecessor-version":[{"id":14439,"href":"https:\/\/dev2.cantalupe.net\/sigloxxi\/wp-json\/wp\/v2\/product\/14438\/revisions\/14439"}],"wp:featuredmedia":[{"embeddable":true,"href":"https:\/\/dev2.cantalupe.net\/sigloxxi\/wp-json\/wp\/v2\/media\/2804"}],"wp:attachment":[{"href":"https:\/\/dev2.cantalupe.net\/sigloxxi\/wp-json\/wp\/v2\/media?parent=14438"}],"wp:term":[{"taxonomy":"materia_nivel_3","embeddable":true,"href":"https:\/\/dev2.cantalupe.net\/sigloxxi\/wp-json\/wp\/v2\/materia_nivel_3?post=14438"},{"taxonomy":"subtema_nivel_2","embeddable":true,"href":"https:\/\/dev2.cantalupe.net\/sigloxxi\/wp-json\/wp\/v2\/subtema_nivel_2?post=14438"},{"taxonomy":"tema_nivel_1","embeddable":true,"href":"https:\/\/dev2.cantalupe.net\/sigloxxi\/wp-json\/wp\/v2\/tema_nivel_1?post=14438"},{"taxonomy":"product_brand","embeddable":true,"href":"https:\/\/dev2.cantalupe.net\/sigloxxi\/wp-json\/wp\/v2\/product_brand?post=14438"},{"taxonomy":"product_cat","embeddable":true,"href":"https:\/\/dev2.cantalupe.net\/sigloxxi\/wp-json\/wp\/v2\/product_cat?post=14438"},{"taxonomy":"product_tag","embeddable":true,"href":"https:\/\/dev2.cantalupe.net\/sigloxxi\/wp-json\/wp\/v2\/product_tag?post=14438"},{"taxonomy":"product_author","embeddable":true,"href":"https:\/\/dev2.cantalupe.net\/sigloxxi\/wp-json\/wp\/v2\/product_author?post=14438"},{"taxonomy":"product_collection","embeddable":true,"href":"https:\/\/dev2.cantalupe.net\/sigloxxi\/wp-json\/wp\/v2\/product_collection?post=14438"}],"curies":[{"name":"wp","href":"https:\/\/api.w.org\/{rel}","templated":true}]}}