{"id":14462,"date":"2025-11-04T14:53:34","date_gmt":"2025-11-04T14:53:34","guid":{"rendered":"https:\/\/dev2.cantalupe.net\/sigloxxi\/libro\/la-andadura-del-saber\/"},"modified":"2025-11-04T14:53:35","modified_gmt":"2025-11-04T14:53:35","slug":"la-andadura-del-saber","status":"publish","type":"product","link":"https:\/\/dev2.cantalupe.net\/sigloxxi\/libro\/la-andadura-del-saber\/","title":{"rendered":"La andadura del saber"},"content":{"rendered":"<p>El mosaico de las piezas de este libro, ordenadas en la sucesi\u00f3n cronol\u00f3gica en la que fueron escritas, adquiere su sentido en el contexto de los \u00a1Apuntes para una autobiograf\u00eda que cerraron mi libro Elogio del Ate\u00edsmo (1995). Contribuye as\u00ed a comprender el trayecto de la andadura intelectual de una vida intensamente vinculada a los avatares hist\u00f3ricos de una generaci\u00f3n sometida a los virajes de un camino accidentado. Los cap\u00edtulos de la primera mitad aproximada del libro testimonian del paulatino deslizamiento desde una tradici\u00f3n cultural en la que el autor estaba hondamente enraizado, hasta su ruptura radical con los factores m\u00e1s definitorios de esa tradici\u00f3n. Los cap\u00edtulos de la segunda mitad discurren tem\u00e1ticamente por los meandros que iba dibujando el curso de una trabajosa, y en ocasiones vacilante, toma de conciencias del significado real de mi percepci\u00f3n madura del mundo. La simple lectura del \u00cdndice mostrara las coordenadas b\u00e1sicas de esa conciencia, reflejada en textos a\u00fan in\u00e9ditos en mis libros ya publishs por Siglo XXI de Espa\u00f1a Editores.<\/p>\n","protected":false},"excerpt":{"rendered":"<p>El mosaico de las piezas de este libro, ordenadas en la sucesi\u00f3n cronol\u00f3gica en la que fueron escritas, adquiere su sentido en el contexto de los \u00a1Apuntes para una autobiograf\u00eda que cerraron mi libro Elogio del Ate\u00edsmo (1995). Contribuye as\u00ed a comprender el trayecto de la andadura intelectual de una vida intensamente vinculada a los avatares hist\u00f3ricos de una generaci\u00f3n sometida a los virajes de un camino accidentado. Los cap\u00edtulos de la primera mitad aproximada del libro testimonian del paulatino deslizamiento desde una tradici\u00f3n cultural en la que el autor estaba hondamente enraizado, hasta su ruptura radical con los factores m\u00e1s definitorios de esa tradici\u00f3n. Los cap\u00edtulos de la segunda mitad discurren tem\u00e1ticamente por los meandros que iba dibujando el curso de una trabajosa, y en ocasiones vacilante, toma de conciencias del significado real de mi percepci\u00f3n madura del mundo. La simple lectura del \u00cdndice mostrara las coordenadas b\u00e1sicas de esa conciencia, reflejada en textos a\u00fan in\u00e9ditos en mis libros ya publishs por Siglo XXI de Espa\u00f1a Editores.<\/p>\n","protected":false},"featured_media":2826,"comment_status":"closed","ping_status":"open","template":"","meta":{"_acf_changed":false},"materia_nivel_3":[],"subtema_nivel_2":[2577],"tema_nivel_1":[2627],"product_brand":[],"product_cat":[15],"product_tag":[],"product_author":[2825],"product_collection":[],"class_list":{"0":"post-14462","1":"product","2":"type-product","3":"status-publish","4":"has-post-thumbnail","6":"subtema_nivel_2-religion","7":"tema_nivel_1-biblioteca-gonzalo-puente-ojea","8":"product_cat-uncategorized","9":"product_author-puente-ojea-gonzalo","11":"first","12":"instock","13":"purchasable","14":"product-type-simple"},"acf":[],"_links":{"self":[{"href":"https:\/\/dev2.cantalupe.net\/sigloxxi\/wp-json\/wp\/v2\/product\/14462","targetHints":{"allow":["GET"]}}],"collection":[{"href":"https:\/\/dev2.cantalupe.net\/sigloxxi\/wp-json\/wp\/v2\/product"}],"about":[{"href":"https:\/\/dev2.cantalupe.net\/sigloxxi\/wp-json\/wp\/v2\/types\/product"}],"replies":[{"embeddable":true,"href":"https:\/\/dev2.cantalupe.net\/sigloxxi\/wp-json\/wp\/v2\/comments?post=14462"}],"version-history":[{"count":1,"href":"https:\/\/dev2.cantalupe.net\/sigloxxi\/wp-json\/wp\/v2\/product\/14462\/revisions"}],"predecessor-version":[{"id":14463,"href":"https:\/\/dev2.cantalupe.net\/sigloxxi\/wp-json\/wp\/v2\/product\/14462\/revisions\/14463"}],"wp:featuredmedia":[{"embeddable":true,"href":"https:\/\/dev2.cantalupe.net\/sigloxxi\/wp-json\/wp\/v2\/media\/2826"}],"wp:attachment":[{"href":"https:\/\/dev2.cantalupe.net\/sigloxxi\/wp-json\/wp\/v2\/media?parent=14462"}],"wp:term":[{"taxonomy":"materia_nivel_3","embeddable":true,"href":"https:\/\/dev2.cantalupe.net\/sigloxxi\/wp-json\/wp\/v2\/materia_nivel_3?post=14462"},{"taxonomy":"subtema_nivel_2","embeddable":true,"href":"https:\/\/dev2.cantalupe.net\/sigloxxi\/wp-json\/wp\/v2\/subtema_nivel_2?post=14462"},{"taxonomy":"tema_nivel_1","embeddable":true,"href":"https:\/\/dev2.cantalupe.net\/sigloxxi\/wp-json\/wp\/v2\/tema_nivel_1?post=14462"},{"taxonomy":"product_brand","embeddable":true,"href":"https:\/\/dev2.cantalupe.net\/sigloxxi\/wp-json\/wp\/v2\/product_brand?post=14462"},{"taxonomy":"product_cat","embeddable":true,"href":"https:\/\/dev2.cantalupe.net\/sigloxxi\/wp-json\/wp\/v2\/product_cat?post=14462"},{"taxonomy":"product_tag","embeddable":true,"href":"https:\/\/dev2.cantalupe.net\/sigloxxi\/wp-json\/wp\/v2\/product_tag?post=14462"},{"taxonomy":"product_author","embeddable":true,"href":"https:\/\/dev2.cantalupe.net\/sigloxxi\/wp-json\/wp\/v2\/product_author?post=14462"},{"taxonomy":"product_collection","embeddable":true,"href":"https:\/\/dev2.cantalupe.net\/sigloxxi\/wp-json\/wp\/v2\/product_collection?post=14462"}],"curies":[{"name":"wp","href":"https:\/\/api.w.org\/{rel}","templated":true}]}}