{"id":14476,"date":"2025-11-04T14:53:34","date_gmt":"2025-11-04T14:53:34","guid":{"rendered":"https:\/\/dev2.cantalupe.net\/sigloxxi\/libro\/la-baja-edad-media\/"},"modified":"2025-11-04T14:53:36","modified_gmt":"2025-11-04T14:53:36","slug":"la-baja-edad-media","status":"publish","type":"product","link":"https:\/\/dev2.cantalupe.net\/sigloxxi\/libro\/la-baja-edad-media\/","title":{"rendered":"La Baja Edad Media"},"content":{"rendered":"<p>Le Goff, en La Baja Edad Media, no se limita a considerar aisladamente el mundo occidental, sino que la vincula a la historia bizantina e isl\u00e1mica, figuras vitales para el desarrollo de Europa en esta \u00e9poca, pasando por cada una de las circunstancias que configuraron este periodo.<br \/>\nEl autor nos ofrece una visi\u00f3n general del desarrollo y la posterior ca\u00edda del cristianismo en los tres siglos, desde Cisma del a\u00f1o 1054 hasta la gran crisis del siglo xiv: la polaridad entre el emperador y el papa; las tensiones entre el Sacro Imperio y la expansi\u00f3n de los estados territoriales y nacionales; las cruzadas y sus consecuencias; las condiciones econ\u00f3micas y sociales; las principales corrientes filos\u00f3ficas, literarias, art\u00edsticas Todo lo que, de alguna manera, acabo configurando el inicio de nuestra Edad Moderna.<\/p>\n","protected":false},"excerpt":{"rendered":"<p>Le Goff, en La Baja Edad Media, no se limita a considerar aisladamente el mundo occidental, sino que la vincula a la historia bizantina e isl\u00e1mica, figuras vitales para el desarrollo de Europa en esta \u00e9poca, pasando por cada una de las circunstancias que configuraron este periodo.<br \/>\nEl autor nos ofrece una visi\u00f3n general del desarrollo y la posterior ca\u00edda del cristianismo en los tres siglos, desde Cisma del a\u00f1o 1054 hasta la gran crisis del siglo xiv: la polaridad entre el emperador y el papa; las tensiones entre el Sacro Imperio y la expansi\u00f3n de los estados territoriales y nacionales; las cruzadas y sus consecuencias; las condiciones econ\u00f3micas y sociales; las principales corrientes filos\u00f3ficas, literarias, art\u00edsticas Todo lo que, de alguna manera, acabo configurando el inicio de nuestra Edad Moderna.<\/p>\n","protected":false},"featured_media":2840,"comment_status":"closed","ping_status":"open","template":"","meta":{"_acf_changed":false},"materia_nivel_3":[2566,2591],"subtema_nivel_2":[2561],"tema_nivel_1":[2567],"product_brand":[],"product_cat":[15],"product_tag":[],"product_author":[3845],"product_collection":[],"class_list":{"0":"post-14476","1":"product","2":"type-product","3":"status-publish","4":"has-post-thumbnail","6":"materia_nivel_3-europa","7":"materia_nivel_3-medieval","8":"subtema_nivel_2-historia","9":"tema_nivel_1-historia","10":"product_cat-uncategorized","11":"product_author-le-goff-jacques","13":"first","14":"instock","15":"purchasable","16":"product-type-simple"},"acf":[],"_links":{"self":[{"href":"https:\/\/dev2.cantalupe.net\/sigloxxi\/wp-json\/wp\/v2\/product\/14476","targetHints":{"allow":["GET"]}}],"collection":[{"href":"https:\/\/dev2.cantalupe.net\/sigloxxi\/wp-json\/wp\/v2\/product"}],"about":[{"href":"https:\/\/dev2.cantalupe.net\/sigloxxi\/wp-json\/wp\/v2\/types\/product"}],"replies":[{"embeddable":true,"href":"https:\/\/dev2.cantalupe.net\/sigloxxi\/wp-json\/wp\/v2\/comments?post=14476"}],"version-history":[{"count":1,"href":"https:\/\/dev2.cantalupe.net\/sigloxxi\/wp-json\/wp\/v2\/product\/14476\/revisions"}],"predecessor-version":[{"id":14477,"href":"https:\/\/dev2.cantalupe.net\/sigloxxi\/wp-json\/wp\/v2\/product\/14476\/revisions\/14477"}],"wp:featuredmedia":[{"embeddable":true,"href":"https:\/\/dev2.cantalupe.net\/sigloxxi\/wp-json\/wp\/v2\/media\/2840"}],"wp:attachment":[{"href":"https:\/\/dev2.cantalupe.net\/sigloxxi\/wp-json\/wp\/v2\/media?parent=14476"}],"wp:term":[{"taxonomy":"materia_nivel_3","embeddable":true,"href":"https:\/\/dev2.cantalupe.net\/sigloxxi\/wp-json\/wp\/v2\/materia_nivel_3?post=14476"},{"taxonomy":"subtema_nivel_2","embeddable":true,"href":"https:\/\/dev2.cantalupe.net\/sigloxxi\/wp-json\/wp\/v2\/subtema_nivel_2?post=14476"},{"taxonomy":"tema_nivel_1","embeddable":true,"href":"https:\/\/dev2.cantalupe.net\/sigloxxi\/wp-json\/wp\/v2\/tema_nivel_1?post=14476"},{"taxonomy":"product_brand","embeddable":true,"href":"https:\/\/dev2.cantalupe.net\/sigloxxi\/wp-json\/wp\/v2\/product_brand?post=14476"},{"taxonomy":"product_cat","embeddable":true,"href":"https:\/\/dev2.cantalupe.net\/sigloxxi\/wp-json\/wp\/v2\/product_cat?post=14476"},{"taxonomy":"product_tag","embeddable":true,"href":"https:\/\/dev2.cantalupe.net\/sigloxxi\/wp-json\/wp\/v2\/product_tag?post=14476"},{"taxonomy":"product_author","embeddable":true,"href":"https:\/\/dev2.cantalupe.net\/sigloxxi\/wp-json\/wp\/v2\/product_author?post=14476"},{"taxonomy":"product_collection","embeddable":true,"href":"https:\/\/dev2.cantalupe.net\/sigloxxi\/wp-json\/wp\/v2\/product_collection?post=14476"}],"curies":[{"name":"wp","href":"https:\/\/api.w.org\/{rel}","templated":true}]}}