{"id":14478,"date":"2025-11-04T14:53:37","date_gmt":"2025-11-04T14:53:37","guid":{"rendered":"https:\/\/dev2.cantalupe.net\/sigloxxi\/libro\/la-biblia-desenterrada\/"},"modified":"2025-11-04T14:53:37","modified_gmt":"2025-11-04T14:53:37","slug":"la-biblia-desenterrada","status":"publish","type":"product","link":"https:\/\/dev2.cantalupe.net\/sigloxxi\/libro\/la-biblia-desenterrada\/","title":{"rendered":"La Biblia desenterrada"},"content":{"rendered":"<p>\u00bfNarra la Biblia hechos constatables hist\u00f3ricamente? Esta pregunta ha hecho que durante los \u00faltimos ciento cincuenta a\u00f1os los expertos hayan librado una aut\u00e9ntica guerra te\u00f3rica. Recientemente, ciertos descubrimientos espectaculares realizados por la arqueolog\u00eda b\u00edblica han planteado dudas importantes sobre la versi\u00f3n m\u00e1s difundida del antiguo Israel y la tradici\u00f3n judeocristiana. Los autores de La Biblia desenterrada, un arque\u00f3logo y un historiador, muestran las dr\u00e1sticas divergencias existentes entre lo que dice la Biblia y la realidad arqueol\u00f3gica. Ofrecen, asimismo, una nueva versi\u00f3n de la historia del antiguo Israel y utilizan todo el peso de los testimonios arqueol\u00f3gicos para resolver la cuesti\u00f3n de cu\u00e1ndo, d\u00f3nde y por qu\u00e9 comenz\u00f3 a escribirse la Biblia.<\/p>\n","protected":false},"excerpt":{"rendered":"<p>\u00bfNarra la Biblia hechos constatables hist\u00f3ricamente? Esta pregunta ha hecho que durante los \u00faltimos ciento cincuenta a\u00f1os los expertos hayan librado una aut\u00e9ntica guerra te\u00f3rica. Recientemente, ciertos descubrimientos espectaculares realizados por la arqueolog\u00eda b\u00edblica han planteado dudas importantes sobre la versi\u00f3n m\u00e1s difundida del antiguo Israel y la tradici\u00f3n judeocristiana. Los autores de La Biblia desenterrada, un arque\u00f3logo y un historiador, muestran las dr\u00e1sticas divergencias existentes entre lo que dice la Biblia y la realidad arqueol\u00f3gica. Ofrecen, asimismo, una nueva versi\u00f3n de la historia del antiguo Israel y utilizan todo el peso de los testimonios arqueol\u00f3gicos para resolver la cuesti\u00f3n de cu\u00e1ndo, d\u00f3nde y por qu\u00e9 comenz\u00f3 a escribirse la Biblia.<\/p>\n","protected":false},"featured_media":2842,"comment_status":"closed","ping_status":"open","template":"","meta":{"_acf_changed":false},"materia_nivel_3":[2660,3511],"subtema_nivel_2":[2561],"tema_nivel_1":[2567],"product_brand":[],"product_cat":[15],"product_tag":[],"product_author":[3513,3512],"product_collection":[],"class_list":{"0":"post-14478","1":"product","2":"type-product","3":"status-publish","4":"has-post-thumbnail","6":"materia_nivel_3-antigua","7":"materia_nivel_3-arqueologia","8":"subtema_nivel_2-historia","9":"tema_nivel_1-historia","10":"product_cat-uncategorized","11":"product_author-finkelstein-israel","12":"product_author-silberman-neil-asher","14":"first","15":"instock","16":"purchasable","17":"product-type-simple"},"acf":[],"_links":{"self":[{"href":"https:\/\/dev2.cantalupe.net\/sigloxxi\/wp-json\/wp\/v2\/product\/14478","targetHints":{"allow":["GET"]}}],"collection":[{"href":"https:\/\/dev2.cantalupe.net\/sigloxxi\/wp-json\/wp\/v2\/product"}],"about":[{"href":"https:\/\/dev2.cantalupe.net\/sigloxxi\/wp-json\/wp\/v2\/types\/product"}],"replies":[{"embeddable":true,"href":"https:\/\/dev2.cantalupe.net\/sigloxxi\/wp-json\/wp\/v2\/comments?post=14478"}],"version-history":[{"count":1,"href":"https:\/\/dev2.cantalupe.net\/sigloxxi\/wp-json\/wp\/v2\/product\/14478\/revisions"}],"predecessor-version":[{"id":14479,"href":"https:\/\/dev2.cantalupe.net\/sigloxxi\/wp-json\/wp\/v2\/product\/14478\/revisions\/14479"}],"wp:featuredmedia":[{"embeddable":true,"href":"https:\/\/dev2.cantalupe.net\/sigloxxi\/wp-json\/wp\/v2\/media\/2842"}],"wp:attachment":[{"href":"https:\/\/dev2.cantalupe.net\/sigloxxi\/wp-json\/wp\/v2\/media?parent=14478"}],"wp:term":[{"taxonomy":"materia_nivel_3","embeddable":true,"href":"https:\/\/dev2.cantalupe.net\/sigloxxi\/wp-json\/wp\/v2\/materia_nivel_3?post=14478"},{"taxonomy":"subtema_nivel_2","embeddable":true,"href":"https:\/\/dev2.cantalupe.net\/sigloxxi\/wp-json\/wp\/v2\/subtema_nivel_2?post=14478"},{"taxonomy":"tema_nivel_1","embeddable":true,"href":"https:\/\/dev2.cantalupe.net\/sigloxxi\/wp-json\/wp\/v2\/tema_nivel_1?post=14478"},{"taxonomy":"product_brand","embeddable":true,"href":"https:\/\/dev2.cantalupe.net\/sigloxxi\/wp-json\/wp\/v2\/product_brand?post=14478"},{"taxonomy":"product_cat","embeddable":true,"href":"https:\/\/dev2.cantalupe.net\/sigloxxi\/wp-json\/wp\/v2\/product_cat?post=14478"},{"taxonomy":"product_tag","embeddable":true,"href":"https:\/\/dev2.cantalupe.net\/sigloxxi\/wp-json\/wp\/v2\/product_tag?post=14478"},{"taxonomy":"product_author","embeddable":true,"href":"https:\/\/dev2.cantalupe.net\/sigloxxi\/wp-json\/wp\/v2\/product_author?post=14478"},{"taxonomy":"product_collection","embeddable":true,"href":"https:\/\/dev2.cantalupe.net\/sigloxxi\/wp-json\/wp\/v2\/product_collection?post=14478"}],"curies":[{"name":"wp","href":"https:\/\/api.w.org\/{rel}","templated":true}]}}